{"id":11805,"date":"2024-09-15T08:36:10","date_gmt":"2024-09-15T08:36:10","guid":{"rendered":"https:\/\/tienda.laude.wine\/product\/aster-crianza-2021\/"},"modified":"2025-11-17T10:59:57","modified_gmt":"2025-11-17T10:59:57","slug":"aster-crianza-2021","status":"publish","type":"product","link":"https:\/\/tienda.laude.wine\/es\/producto\/aster-crianza-2021\/","title":{"rendered":"\u00c1ster Crianza 2021"},"content":{"rendered":"<p><strong>Vino: <\/strong>\u00c1ster<br \/>\n<strong>Variedades: <\/strong>100% Tinta del pa\u00eds<br \/>\n<strong>Alcohol:<\/strong> 14,5%<br \/>\n<strong>Bodega:<\/strong> \u00c1ster<br \/>\n<strong>Denominaci\u00f3n de Origen:<\/strong> DO Ribera del Duero<\/p>\n<p>&nbsp;<\/p>\n<p><strong>Elaboraci\u00f3n: <\/strong>El 15 de octubre iniciamos la vendimia manual, en peque\u00f1as cajas de 20 kg, con una primera selecci\u00f3n en el campo de las mejores uvas, con un perfecto estado de maduraci\u00f3n y de sanidad. En la bodega realizamos una nueva selecci\u00f3n en mesa.<br \/>\n<strong>Servicio:<\/strong> S\u00edrvalo a 16\u00baC.<br \/>\n<strong>Maridaje:<\/strong> Aperitivos, verduras y arroces. Aves y caza de pluma. Guisados de pescado. Quesos cremosos y poco curados. Cordero asado.<\/p>\n<p>&nbsp;<\/p>\n","protected":false},"excerpt":{"rendered":"<p><strong>Vino:<\/strong> \u00c1ster<br \/>\n<strong>Variedades:<\/strong> 100% Tinta del pa\u00eds<br \/>\n<strong>Alcohol:<\/strong> 14,5%<br \/>\n<strong>Bodega:<\/strong> \u00c1ster<br \/>\n<strong>Denominaci\u00f3n de Origen:<\/strong> DO Ribera del Duero<\/p>\n","protected":false},"featured_media":11807,"comment_status":"closed","ping_status":"closed","template":"","meta":[],"product_brand":[],"product_cat":[345,336],"product_tag":[637],"class_list":{"0":"post-11805","1":"product","2":"type-product","3":"status-publish","4":"has-post-thumbnail","6":"product_cat-tintos","7":"product_cat-todos","8":"product_tag-tinta-del-pais","10":"first","11":"instock","12":"taxable","13":"shipping-taxable","14":"purchasable","15":"product-type-simple"},"_links":{"self":[{"href":"https:\/\/tienda.laude.wine\/es\/wp-json\/wp\/v2\/product\/11805","targetHints":{"allow":["GET"]}}],"collection":[{"href":"https:\/\/tienda.laude.wine\/es\/wp-json\/wp\/v2\/product"}],"about":[{"href":"https:\/\/tienda.laude.wine\/es\/wp-json\/wp\/v2\/types\/product"}],"replies":[{"embeddable":true,"href":"https:\/\/tienda.laude.wine\/es\/wp-json\/wp\/v2\/comments?post=11805"}],"wp:featuredmedia":[{"embeddable":true,"href":"https:\/\/tienda.laude.wine\/es\/wp-json\/wp\/v2\/media\/11807"}],"wp:attachment":[{"href":"https:\/\/tienda.laude.wine\/es\/wp-json\/wp\/v2\/media?parent=11805"}],"wp:term":[{"taxonomy":"product_brand","embeddable":true,"href":"https:\/\/tienda.laude.wine\/es\/wp-json\/wp\/v2\/product_brand?post=11805"},{"taxonomy":"product_cat","embeddable":true,"href":"https:\/\/tienda.laude.wine\/es\/wp-json\/wp\/v2\/product_cat?post=11805"},{"taxonomy":"product_tag","embeddable":true,"href":"https:\/\/tienda.laude.wine\/es\/wp-json\/wp\/v2\/product_tag?post=11805"}],"curies":[{"name":"wp","href":"https:\/\/api.w.org\/{rel}","templated":true}]}}