{"id":11784,"date":"2024-09-15T08:36:10","date_gmt":"2024-09-15T08:36:10","guid":{"rendered":"https:\/\/tienda.laude.wine\/product\/ausas-interpretacion-2022\/"},"modified":"2025-11-17T12:45:43","modified_gmt":"2025-11-17T12:45:43","slug":"ausas-interpretacion-2022","status":"publish","type":"product","link":"https:\/\/tienda.laude.wine\/es\/producto\/ausas-interpretacion-2022\/","title":{"rendered":"Aus\u00e0s Interpretaci\u00f3n 2022"},"content":{"rendered":"<p><strong>Vino:<\/strong> Aus\u00e0s Interpretaci\u00f3n 2022<br \/>\n<strong>Variedades:<\/strong> 100% Ojo de liebre (Tempranillo)<br \/>\n<strong>Alcohol:<\/strong> 15% vol.<br \/>\n<strong>Bodega:<\/strong> Aus\u00e0s<br \/>\n<strong>Denominaci\u00f3n de Origen:<\/strong> DO Ribera del Duero<\/p>\n<p>&nbsp;<\/p>\n<p><strong>Historia del vino:<\/strong> Aus\u00e0s Interpretaci\u00f3n es el proyecto personal de Xavier Aus\u00e0s, ex en\u00f3logo de Vega Sicilia, elaborado en Quintanilla de On\u00e9simo despu\u00e9s de 25 a\u00f1os de experiencia y con colaboraci\u00f3n de viticultores de confianza.<br \/>\n<strong>Edad de la vi\u00f1a:<\/strong> 40 a\u00f1os.<br \/>\n<strong>Elaboraci\u00f3n:<\/strong> Crianza de 16 meses en barricas de roble franc\u00e9s, nuevas y de uso.<br \/>\n<strong>Servicio:<\/strong> S\u00edrvalo entre 15 y 17 \u00b0C.<\/p>\n","protected":false},"excerpt":{"rendered":"<p><strong>Vino: <\/strong>Aus\u00e1s Interpretaci\u00f3n<br \/>\n<strong>Variedades: <\/strong>100% Ojo de liebre (Tempranillo)<br \/>\n<strong>Alcohol:<\/strong> 15%<br \/>\n<strong>Bodega:<\/strong> Aus\u00e0s<br \/>\n<strong>Denominaci\u00f3n de Origen:<\/strong> DO Ribera del Duero<\/p>\n","protected":false},"featured_media":11792,"comment_status":"open","ping_status":"closed","template":"","meta":[],"product_brand":[],"product_cat":[345,336],"product_tag":[367],"class_list":{"0":"post-11784","1":"product","2":"type-product","3":"status-publish","4":"has-post-thumbnail","6":"product_cat-tintos","7":"product_cat-todos","8":"product_tag-tempranillo","10":"first","11":"instock","12":"taxable","13":"shipping-taxable","14":"purchasable","15":"product-type-simple"},"_links":{"self":[{"href":"https:\/\/tienda.laude.wine\/es\/wp-json\/wp\/v2\/product\/11784","targetHints":{"allow":["GET"]}}],"collection":[{"href":"https:\/\/tienda.laude.wine\/es\/wp-json\/wp\/v2\/product"}],"about":[{"href":"https:\/\/tienda.laude.wine\/es\/wp-json\/wp\/v2\/types\/product"}],"replies":[{"embeddable":true,"href":"https:\/\/tienda.laude.wine\/es\/wp-json\/wp\/v2\/comments?post=11784"}],"wp:featuredmedia":[{"embeddable":true,"href":"https:\/\/tienda.laude.wine\/es\/wp-json\/wp\/v2\/media\/11792"}],"wp:attachment":[{"href":"https:\/\/tienda.laude.wine\/es\/wp-json\/wp\/v2\/media?parent=11784"}],"wp:term":[{"taxonomy":"product_brand","embeddable":true,"href":"https:\/\/tienda.laude.wine\/es\/wp-json\/wp\/v2\/product_brand?post=11784"},{"taxonomy":"product_cat","embeddable":true,"href":"https:\/\/tienda.laude.wine\/es\/wp-json\/wp\/v2\/product_cat?post=11784"},{"taxonomy":"product_tag","embeddable":true,"href":"https:\/\/tienda.laude.wine\/es\/wp-json\/wp\/v2\/product_tag?post=11784"}],"curies":[{"name":"wp","href":"https:\/\/api.w.org\/{rel}","templated":true}]}}