{"id":11774,"date":"2024-09-15T08:36:10","date_gmt":"2024-09-15T08:36:10","guid":{"rendered":"https:\/\/tienda.laude.wine\/product\/bernat-blanc-picapoll\/"},"modified":"2025-11-14T11:28:12","modified_gmt":"2025-11-14T11:28:12","slug":"bernat-blanc-picapoll","status":"publish","type":"product","link":"https:\/\/tienda.laude.wine\/es\/producto\/bernat-blanc-picapoll\/","title":{"rendered":"Bernat Blanc Picapoll"},"content":{"rendered":"<p><strong>Vino: <\/strong>Bernat Blanc de Picapolls<br \/>\n<strong>Variedades:<\/strong> Picapoll Blanc y Picapoll Negre.<br \/>\n<strong>Alcohol:<\/strong> 12%<br \/>\n<strong>Bodega:<\/strong> Oller del Mas<br \/>\n<strong>Denominaci\u00f3n de Origen:<\/strong> DO Pla de Bages<\/p>\n<p>&nbsp;<\/p>\n<p><strong>Elaboraci\u00f3n: <\/strong>Siguiendo los par\u00e1metros que rigen la viticultura ecol\u00f3gica. Utilizaci\u00f3n de levaduras propias seleccionadas a temperaturas inferiores a los 15\u00baC. Trabajo con madres totales. Removiendo cada 2 d\u00edas despu\u00e9s de la fermentaci\u00f3n alcoh\u00f3lica y espaciando los removidos a 2 veces por semana hasta el mes de noviembre y una vez cada 15 d\u00edas hasta el mes de enero. Utiliza un 10% de barrica. La uva tinta se vinifica como un Blanco de Noirs.<\/p>\n<p>&nbsp;<\/p>\n","protected":false},"excerpt":{"rendered":"<div class=\"woocommerce-product-details__short-description\"><strong>Vino: <\/strong>Bernat Blanc de Picapolls<br \/>\n<strong>Variedades:<\/strong> Picapoll Blanc y Picapoll Negre<br \/>\n<strong>Alcohol:<\/strong> 12%<br \/>\n<strong>Bodega:<\/strong> Oller del Mas<br \/>\n<strong>Denominaci\u00f3n de Origen:<\/strong> DO Pla de Bages<\/div>\n","protected":false},"featured_media":11778,"comment_status":"open","ping_status":"closed","template":"","meta":[],"product_brand":[],"product_cat":[344,336],"product_tag":[610,627],"class_list":{"0":"post-11774","1":"product","2":"type-product","3":"status-publish","4":"has-post-thumbnail","6":"product_cat-blancos","7":"product_cat-todos","8":"product_tag-picapoll-blanc","9":"product_tag-picapoll-negre","11":"first","12":"instock","13":"taxable","14":"shipping-taxable","15":"purchasable","16":"product-type-simple"},"_links":{"self":[{"href":"https:\/\/tienda.laude.wine\/es\/wp-json\/wp\/v2\/product\/11774","targetHints":{"allow":["GET"]}}],"collection":[{"href":"https:\/\/tienda.laude.wine\/es\/wp-json\/wp\/v2\/product"}],"about":[{"href":"https:\/\/tienda.laude.wine\/es\/wp-json\/wp\/v2\/types\/product"}],"replies":[{"embeddable":true,"href":"https:\/\/tienda.laude.wine\/es\/wp-json\/wp\/v2\/comments?post=11774"}],"wp:featuredmedia":[{"embeddable":true,"href":"https:\/\/tienda.laude.wine\/es\/wp-json\/wp\/v2\/media\/11778"}],"wp:attachment":[{"href":"https:\/\/tienda.laude.wine\/es\/wp-json\/wp\/v2\/media?parent=11774"}],"wp:term":[{"taxonomy":"product_brand","embeddable":true,"href":"https:\/\/tienda.laude.wine\/es\/wp-json\/wp\/v2\/product_brand?post=11774"},{"taxonomy":"product_cat","embeddable":true,"href":"https:\/\/tienda.laude.wine\/es\/wp-json\/wp\/v2\/product_cat?post=11774"},{"taxonomy":"product_tag","embeddable":true,"href":"https:\/\/tienda.laude.wine\/es\/wp-json\/wp\/v2\/product_tag?post=11774"}],"curies":[{"name":"wp","href":"https:\/\/api.w.org\/{rel}","templated":true}]}}