{"id":11760,"date":"2024-09-15T08:36:10","date_gmt":"2024-09-15T08:36:10","guid":{"rendered":"https:\/\/tienda.laude.wine\/product\/bernat-oller-2020\/"},"modified":"2025-11-17T12:54:05","modified_gmt":"2025-11-17T12:54:05","slug":"bernat-oller-2020","status":"publish","type":"product","link":"https:\/\/tienda.laude.wine\/es\/producto\/bernat-oller-2020\/","title":{"rendered":"Bernat Oller 2020"},"content":{"rendered":"<p><strong>Vino: <\/strong>Bernat Oller Negre<br \/>\n<strong>Variedades:<\/strong> Merlot, Syrah y Picapoll Negre<br \/>\n<strong>Alcohol:<\/strong> 14%<br \/>\n<strong>Bodega:<\/strong> Oller del Mas<br \/>\n<strong>Denominaci\u00f3n de Origen:<\/strong> DO Pla de Bages<br \/>\n<strong><br \/>\n<\/strong><\/p>\n<p><strong>Elaboraci\u00f3n: <\/strong>Siguiendo los par\u00e1metros que rigen la viticultura ecol\u00f3gica. Utilizaci\u00f3n de levaduras propias seleccionadas a temperaturas inferiores a los 27\u00baC. Crianza en barricas de roble franc\u00e9s de Allier, Tron\u00e7ais y Nevers y botella con un m\u00ednimo de 15 meses.<br \/>\n<strong>Servicio:<\/strong> S\u00edrvalo a 16\u00baC.<\/p>\n<p>&nbsp;<\/p>\n","protected":false},"excerpt":{"rendered":"<p><strong>Vino: <\/strong>Bernat Oller Negre<br \/>\n<strong>Variedades:<\/strong> Merlot, Syrah y Picapoll Negre<br \/>\n<strong>Alcohol:<\/strong> 14%<br \/>\n<strong>Bodega:<\/strong> Oller del Mas<br \/>\n<strong>Denominaci\u00f3n de Origen:<\/strong> DO Pla de Bages<\/p>\n","protected":false},"featured_media":11764,"comment_status":"open","ping_status":"closed","template":"","meta":[],"product_brand":[],"product_cat":[345,336],"product_tag":[626,627,541],"class_list":{"0":"post-11760","1":"product","2":"type-product","3":"status-publish","4":"has-post-thumbnail","6":"product_cat-tintos","7":"product_cat-todos","8":"product_tag-merlot","9":"product_tag-picapoll-negre","10":"product_tag-sira","12":"first","13":"instock","14":"taxable","15":"shipping-taxable","16":"purchasable","17":"product-type-simple"},"_links":{"self":[{"href":"https:\/\/tienda.laude.wine\/es\/wp-json\/wp\/v2\/product\/11760","targetHints":{"allow":["GET"]}}],"collection":[{"href":"https:\/\/tienda.laude.wine\/es\/wp-json\/wp\/v2\/product"}],"about":[{"href":"https:\/\/tienda.laude.wine\/es\/wp-json\/wp\/v2\/types\/product"}],"replies":[{"embeddable":true,"href":"https:\/\/tienda.laude.wine\/es\/wp-json\/wp\/v2\/comments?post=11760"}],"wp:featuredmedia":[{"embeddable":true,"href":"https:\/\/tienda.laude.wine\/es\/wp-json\/wp\/v2\/media\/11764"}],"wp:attachment":[{"href":"https:\/\/tienda.laude.wine\/es\/wp-json\/wp\/v2\/media?parent=11760"}],"wp:term":[{"taxonomy":"product_brand","embeddable":true,"href":"https:\/\/tienda.laude.wine\/es\/wp-json\/wp\/v2\/product_brand?post=11760"},{"taxonomy":"product_cat","embeddable":true,"href":"https:\/\/tienda.laude.wine\/es\/wp-json\/wp\/v2\/product_cat?post=11760"},{"taxonomy":"product_tag","embeddable":true,"href":"https:\/\/tienda.laude.wine\/es\/wp-json\/wp\/v2\/product_tag?post=11760"}],"curies":[{"name":"wp","href":"https:\/\/api.w.org\/{rel}","templated":true}]}}