{"id":11756,"date":"2024-09-15T08:36:09","date_gmt":"2024-09-15T08:36:09","guid":{"rendered":"https:\/\/tienda.laude.wine\/product\/amontillado-carlos-vii-375cl\/"},"modified":"2024-09-15T08:36:09","modified_gmt":"2024-09-15T08:36:09","slug":"amontillado-carlos-vii-375cl","status":"publish","type":"product","link":"https:\/\/tienda.laude.wine\/es\/producto\/amontillado-carlos-vii-375cl\/","title":{"rendered":"Amontillado Carlos VII 37,5CL"},"content":{"rendered":"<p><strong>Vino: <\/strong>Amontillado Carlos VII<br \/>\n<strong>Variedades: <\/strong>100% Pedro Xim\u00e9nez<br \/>\n<strong>Bodega:<\/strong> Bodegas Alvear<br \/>\n<strong>Denominaci\u00f3n de Origen:<\/strong> DO Montilla Moriles<\/p>\n<p>&nbsp;<\/p>\n<p><strong>Elaboraci\u00f3n:<\/strong> <em>Fino<\/em> muy viejo, envejecido mediante crianza biol\u00f3gica (bajo velo de flor), continuando su elaboraci\u00f3n en crianza oxidativa (sin velo de flor), en botas de roble americano, mediante el tradicional sistema de criadoras y soleras con <em>sacas y rocios<\/em> peri\u00f3dicas, hasta completar una edad media de m\u00e1s de 20 a\u00f1os.<\/p>\n<p>Si sois profesionales y quer\u00e9is tener este vino en vuestro restaurante o local, solo ten\u00e9is que contactar a <a href=\"mailto:info@monvins.cat\">info@monvins.cat<\/a> con vuestro pedido y vuestros datos.<\/p>\n","protected":false},"excerpt":{"rendered":"<p><strong>Vino: <\/strong>Amontillado Carlos VII<br \/>\n<strong>Variedades: <\/strong>100% Pedro Xim\u00e9nez.<br \/>\n<strong>Bodega:<\/strong> Bodegas Alvear<br \/>\n<strong>Denominaci\u00f3n de Origen:<\/strong> DO Montilla Moriles<\/p>\n","protected":false},"featured_media":11759,"comment_status":"open","ping_status":"closed","template":"","meta":[],"product_brand":[],"product_cat":[351,336],"product_tag":[625],"class_list":{"0":"post-11756","1":"product","2":"type-product","3":"status-publish","4":"has-post-thumbnail","6":"product_cat-dulces-y-generosos","7":"product_cat-todos","8":"product_tag-pedro-ximenez","10":"first","11":"instock","12":"taxable","13":"shipping-taxable","14":"purchasable","15":"product-type-simple"},"_links":{"self":[{"href":"https:\/\/tienda.laude.wine\/es\/wp-json\/wp\/v2\/product\/11756","targetHints":{"allow":["GET"]}}],"collection":[{"href":"https:\/\/tienda.laude.wine\/es\/wp-json\/wp\/v2\/product"}],"about":[{"href":"https:\/\/tienda.laude.wine\/es\/wp-json\/wp\/v2\/types\/product"}],"replies":[{"embeddable":true,"href":"https:\/\/tienda.laude.wine\/es\/wp-json\/wp\/v2\/comments?post=11756"}],"wp:featuredmedia":[{"embeddable":true,"href":"https:\/\/tienda.laude.wine\/es\/wp-json\/wp\/v2\/media\/11759"}],"wp:attachment":[{"href":"https:\/\/tienda.laude.wine\/es\/wp-json\/wp\/v2\/media?parent=11756"}],"wp:term":[{"taxonomy":"product_brand","embeddable":true,"href":"https:\/\/tienda.laude.wine\/es\/wp-json\/wp\/v2\/product_brand?post=11756"},{"taxonomy":"product_cat","embeddable":true,"href":"https:\/\/tienda.laude.wine\/es\/wp-json\/wp\/v2\/product_cat?post=11756"},{"taxonomy":"product_tag","embeddable":true,"href":"https:\/\/tienda.laude.wine\/es\/wp-json\/wp\/v2\/product_tag?post=11756"}],"curies":[{"name":"wp","href":"https:\/\/api.w.org\/{rel}","templated":true}]}}