{"id":11748,"date":"2024-09-15T08:36:10","date_gmt":"2024-09-15T08:36:10","guid":{"rendered":"https:\/\/tienda.laude.wine\/product\/champagne-drappier-brut-carte-dor\/"},"modified":"2025-11-17T07:35:07","modified_gmt":"2025-11-17T07:35:07","slug":"champagne-drappier-brut-carte-dor","status":"publish","type":"product","link":"https:\/\/tienda.laude.wine\/es\/producto\/champagne-drappier-brut-carte-dor\/","title":{"rendered":"Champagne Drappier Brut Carte d&#8217;Or"},"content":{"rendered":"<p><strong>Vino: <\/strong>Drappier Brut Carte d&#8217;Or<br \/>\n<strong>Variedades: <\/strong>75% Pinot Noir, 15% Chardonnay y 10% Meunier<br \/>\n<strong>Alcohol: <\/strong>14%<br \/>\n<strong>Bodega:<\/strong> Champagne Drappier<br \/>\n<strong>Denominaci\u00f3n de Origen:<\/strong> AOC Champagne<\/p>\n<p>&nbsp;<\/p>\n<p><strong>Elaboraci\u00f3n:<\/strong> S\u00f3lo se utiliza el jugo de las cosechas, el del primer prensado. Prensas mec\u00e1nicas con d\u00e9bil presi\u00f3n. Utilizaci\u00f3n de la gravedad para evitar los trasiegos, lo que evita la oxidaci\u00f3n. Utilizaci\u00f3n m\u00ednima de sulfuroso. Cosecha natural.<\/p>\n","protected":false},"excerpt":{"rendered":"<p><strong>Vino: <\/strong>Drappier Brut Carte d&#8217;Or<br \/>\n<strong>Variedades: <\/strong>75% Pinot Noir, 15% Chardonnay y 10% Meunier<br \/>\n<strong>Alcohol: <\/strong>14%<br \/>\n<strong>Bodega:<\/strong> Champagne Drappier<br \/>\n<strong>Denominaci\u00f3n de Origen:<\/strong> AOC Champagne<\/p>\n","protected":false},"featured_media":11750,"comment_status":"open","ping_status":"closed","template":"","meta":[],"product_brand":[],"product_cat":[354,336],"product_tag":[519,622,516],"class_list":{"0":"post-11748","1":"product","2":"type-product","3":"status-publish","4":"has-post-thumbnail","6":"product_cat-espumosos","7":"product_cat-todos","8":"product_tag-chardonnay","9":"product_tag-meunier","10":"product_tag-pinot-noir","12":"first","13":"instock","14":"taxable","15":"shipping-taxable","16":"purchasable","17":"product-type-simple"},"_links":{"self":[{"href":"https:\/\/tienda.laude.wine\/es\/wp-json\/wp\/v2\/product\/11748","targetHints":{"allow":["GET"]}}],"collection":[{"href":"https:\/\/tienda.laude.wine\/es\/wp-json\/wp\/v2\/product"}],"about":[{"href":"https:\/\/tienda.laude.wine\/es\/wp-json\/wp\/v2\/types\/product"}],"replies":[{"embeddable":true,"href":"https:\/\/tienda.laude.wine\/es\/wp-json\/wp\/v2\/comments?post=11748"}],"wp:featuredmedia":[{"embeddable":true,"href":"https:\/\/tienda.laude.wine\/es\/wp-json\/wp\/v2\/media\/11750"}],"wp:attachment":[{"href":"https:\/\/tienda.laude.wine\/es\/wp-json\/wp\/v2\/media?parent=11748"}],"wp:term":[{"taxonomy":"product_brand","embeddable":true,"href":"https:\/\/tienda.laude.wine\/es\/wp-json\/wp\/v2\/product_brand?post=11748"},{"taxonomy":"product_cat","embeddable":true,"href":"https:\/\/tienda.laude.wine\/es\/wp-json\/wp\/v2\/product_cat?post=11748"},{"taxonomy":"product_tag","embeddable":true,"href":"https:\/\/tienda.laude.wine\/es\/wp-json\/wp\/v2\/product_tag?post=11748"}],"curies":[{"name":"wp","href":"https:\/\/api.w.org\/{rel}","templated":true}]}}