{"id":11737,"date":"2024-09-03T06:14:16","date_gmt":"2024-09-03T06:14:16","guid":{"rendered":"https:\/\/tienda.laude.wine\/product\/thunder-wine-makers-al-cabo-de-calle-2022\/"},"modified":"2025-11-17T10:56:01","modified_gmt":"2025-11-17T10:56:01","slug":"thunder-wine-makers-al-cap-del-carrer-2022","status":"publish","type":"product","link":"https:\/\/tienda.laude.wine\/es\/producto\/thunder-wine-makers-al-cap-del-carrer-2022\/","title":{"rendered":"Thunder Wine Makers Al Cap del Carrer 2022"},"content":{"rendered":"<p><strong>Vino: <\/strong>Al Cap Del Carrer 2022<strong><br \/>\nVariedades: <\/strong>Cari\u00f1ena y Garnacha<strong><br \/>\nAlcohol: <\/strong>14% vol.<strong><br \/>\nBodega: <\/strong>Thunder Wine Makers <strong><br \/>\nDenominaci\u00f3n de Origen: <\/strong>DO Montsant<\/p>\n<p>&nbsp;<\/p>\n<p><strong data-start=\"1281\" data-end=\"1295\">Elaboraci\u00f3n: <\/strong>Mezcla tradicional dominada por la variedad de Cari\u00f1ena, frescura aportada por la Garnacha; elaboraci\u00f3n artesanal en vi\u00f1as de 25 a\u00f1os, conducci\u00f3n en vaso, viticultura de campesina, con caracter\u00edsticas t\u00e9cnicas detalladas.<br \/>\n<strong data-start=\"1619\" data-end=\"1629\">Servicio: <\/strong> S\u00edrvalo entre 16 y 18 \u00b0C.<\/p>\n<p>&nbsp;<\/p>\n","protected":false},"excerpt":{"rendered":"<p><strong>Vino: <\/strong>Al Cap Del Carrer 2022<strong><br \/>\nVariedades: <\/strong>Cari\u00f1ena y Garnacha<strong><br \/>\nAlcohol: <\/strong>14% vol.<strong><br \/>\nBodega: <\/strong>Thunder Wine Makers <strong><br \/>\nDenominaci\u00f3n de Origen: <\/strong>DO Montsant<\/p>\n","protected":false},"featured_media":11739,"comment_status":"closed","ping_status":"closed","template":"","meta":[],"product_brand":[],"product_cat":[345,336],"product_tag":[],"class_list":{"0":"post-11737","1":"product","2":"type-product","3":"status-publish","4":"has-post-thumbnail","6":"product_cat-tintos","7":"product_cat-todos","9":"first","10":"instock","11":"taxable","12":"shipping-taxable","13":"purchasable","14":"product-type-simple"},"_links":{"self":[{"href":"https:\/\/tienda.laude.wine\/es\/wp-json\/wp\/v2\/product\/11737","targetHints":{"allow":["GET"]}}],"collection":[{"href":"https:\/\/tienda.laude.wine\/es\/wp-json\/wp\/v2\/product"}],"about":[{"href":"https:\/\/tienda.laude.wine\/es\/wp-json\/wp\/v2\/types\/product"}],"replies":[{"embeddable":true,"href":"https:\/\/tienda.laude.wine\/es\/wp-json\/wp\/v2\/comments?post=11737"}],"wp:featuredmedia":[{"embeddable":true,"href":"https:\/\/tienda.laude.wine\/es\/wp-json\/wp\/v2\/media\/11739"}],"wp:attachment":[{"href":"https:\/\/tienda.laude.wine\/es\/wp-json\/wp\/v2\/media?parent=11737"}],"wp:term":[{"taxonomy":"product_brand","embeddable":true,"href":"https:\/\/tienda.laude.wine\/es\/wp-json\/wp\/v2\/product_brand?post=11737"},{"taxonomy":"product_cat","embeddable":true,"href":"https:\/\/tienda.laude.wine\/es\/wp-json\/wp\/v2\/product_cat?post=11737"},{"taxonomy":"product_tag","embeddable":true,"href":"https:\/\/tienda.laude.wine\/es\/wp-json\/wp\/v2\/product_tag?post=11737"}],"curies":[{"name":"wp","href":"https:\/\/api.w.org\/{rel}","templated":true}]}}