{"id":11711,"date":"2024-09-03T06:14:15","date_gmt":"2024-09-03T06:14:15","guid":{"rendered":"https:\/\/tienda.laude.wine\/product\/vidbertus-996-2015\/"},"modified":"2025-11-17T10:47:12","modified_gmt":"2025-11-17T10:47:12","slug":"vidbertus-996-2015","status":"publish","type":"product","link":"https:\/\/tienda.laude.wine\/es\/producto\/vidbertus-996-2015\/","title":{"rendered":"Vidbertus 996 2015"},"content":{"rendered":"<p><strong data-start=\"289\" data-end=\"295\">Vino: <\/strong>996<br \/>\n<strong data-start=\"334\" data-end=\"347\">Variedades: <\/strong>100 % Garrut <span class=\"\" data-state=\"closed\"><span class=\"ms-1 inline-flex max-w-full items-center relative top-[-0.094rem] animate-[show_150ms_ease-in]\" data-testid=\"webpage-citation-pill\"><br \/>\n<\/span><\/span><strong data-start=\"448\" data-end=\"459\">Alcohol: <\/strong>Alrededor del 14 %\u00a0<span class=\"\" data-state=\"closed\"><span class=\"ms-1 inline-flex max-w-full items-center relative top-[-0.094rem] animate-[show_150ms_ease-in]\" data-testid=\"webpage-citation-pill\"><br \/>\n<\/span><\/span><strong data-start=\"541\" data-end=\"551\">Bodega: <\/strong> Vidbertus <span class=\"\" data-state=\"closed\"><span class=\"ms-1 inline-flex max-w-full items-center relative top-[-0.094rem] animate-[show_150ms_ease-in]\" data-testid=\"webpage-citation-pill\"><br \/>\n<\/span><\/span><strong data-start=\"644\" data-end=\"668\">Denominaci\u00f3n de Origen: <\/strong>D.O. Conca de Barber\u00e0<\/p>\n<p>&nbsp;<\/p>\n<p><strong data-start=\"735\" data-end=\"749\">Elaboraci\u00f3n: <\/strong>Crianza de 16 meses en barrica de roble franc\u00e9s, con elaboraci\u00f3n artesanal y uso de uvas de cepas prefilox\u00e9ricas de 120 a\u00f1os.<br \/>\n<strong data-start=\"923\" data-end=\"933\">Servicio:<\/strong> S\u00edrvalo entre 16 y 18 \u00b0C.<br \/>\n<strong data-start=\"1024\" data-end=\"1037\">Maridaje: <\/strong>Ideal con carnes rojas, estofados, brasa, salsas intensivas, platos sabrosos y texturas potentes. Tambi\u00e9n sugestivo con caza, pastas contundentes o arroces menestrales.<\/p>\n<p>&nbsp;<\/p>\n<p>&nbsp;<\/p>\n<p>&nbsp;<\/p>\n<p>&nbsp;<\/p>\n","protected":false},"excerpt":{"rendered":"<p><strong data-start=\"289\" data-end=\"295\">Vino: <\/strong>996<br \/>\n<strong data-start=\"334\" data-end=\"347\">Variedades: <\/strong>100 % Garrut <span class=\"\" data-state=\"closed\"><span class=\"ms-1 inline-flex max-w-full items-center relative top-[-0.094rem] animate-[show_150ms_ease-in]\" data-testid=\"webpage-citation-pill\"><br \/>\n<\/span><\/span><strong data-start=\"448\" data-end=\"459\">Alcohol: <\/strong>Alrededor del 14 %<span class=\"\" data-state=\"closed\"><span class=\"ms-1 inline-flex max-w-full items-center relative top-[-0.094rem] animate-[show_150ms_ease-in]\" data-testid=\"webpage-citation-pill\"><br \/>\n<\/span><\/span><strong data-start=\"541\" data-end=\"551\">Bodega: <\/strong> Vidbertus <span class=\"\" data-state=\"closed\"><span class=\"ms-1 inline-flex max-w-full items-center relative top-[-0.094rem] animate-[show_150ms_ease-in]\" data-testid=\"webpage-citation-pill\"><br \/>\n<\/span><\/span><strong data-start=\"644\" data-end=\"668\">Denominaci\u00f3n de Origen: <\/strong>D.O. Conca de Barber\u00e0<\/p>\n","protected":false},"featured_media":11715,"comment_status":"closed","ping_status":"closed","template":"","meta":[],"product_brand":[],"product_cat":[345,336],"product_tag":[],"class_list":{"0":"post-11711","1":"product","2":"type-product","3":"status-publish","4":"has-post-thumbnail","6":"product_cat-tintos","7":"product_cat-todos","9":"first","10":"instock","11":"taxable","12":"shipping-taxable","13":"purchasable","14":"product-type-simple"},"_links":{"self":[{"href":"https:\/\/tienda.laude.wine\/es\/wp-json\/wp\/v2\/product\/11711","targetHints":{"allow":["GET"]}}],"collection":[{"href":"https:\/\/tienda.laude.wine\/es\/wp-json\/wp\/v2\/product"}],"about":[{"href":"https:\/\/tienda.laude.wine\/es\/wp-json\/wp\/v2\/types\/product"}],"replies":[{"embeddable":true,"href":"https:\/\/tienda.laude.wine\/es\/wp-json\/wp\/v2\/comments?post=11711"}],"wp:featuredmedia":[{"embeddable":true,"href":"https:\/\/tienda.laude.wine\/es\/wp-json\/wp\/v2\/media\/11715"}],"wp:attachment":[{"href":"https:\/\/tienda.laude.wine\/es\/wp-json\/wp\/v2\/media?parent=11711"}],"wp:term":[{"taxonomy":"product_brand","embeddable":true,"href":"https:\/\/tienda.laude.wine\/es\/wp-json\/wp\/v2\/product_brand?post=11711"},{"taxonomy":"product_cat","embeddable":true,"href":"https:\/\/tienda.laude.wine\/es\/wp-json\/wp\/v2\/product_cat?post=11711"},{"taxonomy":"product_tag","embeddable":true,"href":"https:\/\/tienda.laude.wine\/es\/wp-json\/wp\/v2\/product_tag?post=11711"}],"curies":[{"name":"wp","href":"https:\/\/api.w.org\/{rel}","templated":true}]}}