{"id":11704,"date":"2024-09-03T06:11:53","date_gmt":"2024-09-03T06:11:53","guid":{"rendered":"https:\/\/tienda.laude.wine\/product\/tebaida\/"},"modified":"2025-11-17T13:36:28","modified_gmt":"2025-11-17T13:36:28","slug":"tebaida","status":"publish","type":"product","link":"https:\/\/tienda.laude.wine\/es\/producto\/tebaida\/","title":{"rendered":"Tebaida"},"content":{"rendered":"<p><strong>Vino: <\/strong>Tebaida<br \/>\n<strong>Variedades:<\/strong> 100% Mencia<br \/>\n<strong>Alcohol:<\/strong> 13,5%<br \/>\n<strong>Bodega:<\/strong> Casar de Burbia<br \/>\n<strong>Denominaci\u00f3n de Origen:<\/strong> DO Bierzo<\/p>\n<p>&nbsp;<\/p>\n<p><strong>Elaboraci\u00f3n: <\/strong>Fermentamos el mosto en grandes barriles de madera de 5.000 litros y posteriormente lo criamos en barricas de roble franc\u00e9s de diferentes tama\u00f1os, 225, 400, 600 y 700 litros por un periodo medio de 16 meses, dependiendo del a\u00f1o, en barricas de roble franc\u00e9s. Se trata de un vino que representa el clasicismo del menc\u00eda berciano, agradable y con capacidad de envejecimiento.<\/p>\n<p>&nbsp;<\/p>\n","protected":false},"excerpt":{"rendered":"<p><strong>Vino: <\/strong>Tebaida<br \/>\n<strong>Variedades:<\/strong> 100% Mencia<br \/>\n<strong>Alcohol:<\/strong> 13,5%<br \/>\n<strong>Bodega:<\/strong> Casar de Burbia<br \/>\n<strong>Denominaci\u00f3n de Origen:<\/strong> DO Bierzo<\/p>\n","protected":false},"featured_media":11706,"comment_status":"open","ping_status":"closed","template":"","meta":[],"product_brand":[],"product_cat":[345,336],"product_tag":[484],"class_list":{"0":"post-11704","1":"product","2":"type-product","3":"status-publish","4":"has-post-thumbnail","6":"product_cat-tintos","7":"product_cat-todos","8":"product_tag-mencia","10":"first","11":"instock","12":"taxable","13":"shipping-taxable","14":"purchasable","15":"product-type-simple"},"_links":{"self":[{"href":"https:\/\/tienda.laude.wine\/es\/wp-json\/wp\/v2\/product\/11704","targetHints":{"allow":["GET"]}}],"collection":[{"href":"https:\/\/tienda.laude.wine\/es\/wp-json\/wp\/v2\/product"}],"about":[{"href":"https:\/\/tienda.laude.wine\/es\/wp-json\/wp\/v2\/types\/product"}],"replies":[{"embeddable":true,"href":"https:\/\/tienda.laude.wine\/es\/wp-json\/wp\/v2\/comments?post=11704"}],"wp:featuredmedia":[{"embeddable":true,"href":"https:\/\/tienda.laude.wine\/es\/wp-json\/wp\/v2\/media\/11706"}],"wp:attachment":[{"href":"https:\/\/tienda.laude.wine\/es\/wp-json\/wp\/v2\/media?parent=11704"}],"wp:term":[{"taxonomy":"product_brand","embeddable":true,"href":"https:\/\/tienda.laude.wine\/es\/wp-json\/wp\/v2\/product_brand?post=11704"},{"taxonomy":"product_cat","embeddable":true,"href":"https:\/\/tienda.laude.wine\/es\/wp-json\/wp\/v2\/product_cat?post=11704"},{"taxonomy":"product_tag","embeddable":true,"href":"https:\/\/tienda.laude.wine\/es\/wp-json\/wp\/v2\/product_tag?post=11704"}],"curies":[{"name":"wp","href":"https:\/\/api.w.org\/{rel}","templated":true}]}}