{"id":11699,"date":"2024-10-30T19:28:45","date_gmt":"2024-10-30T19:28:45","guid":{"rendered":"https:\/\/tienda.laude.wine\/product\/os-cantals\/"},"modified":"2024-10-30T19:28:45","modified_gmt":"2024-10-30T19:28:45","slug":"os-cantals","status":"publish","type":"product","link":"https:\/\/tienda.laude.wine\/es\/producto\/os-cantals\/","title":{"rendered":"Os Cantals"},"content":{"rendered":"<p>El primer vino que Fernando Mora hizo en su apartamento se llam\u00f3 AROM (su apellido al rev\u00e9s) y fue s\u00edmbolo de su inicio en el mundo del vino en 2008.<br \/>\nEn la b\u00fasqueda de mayor altura con motivo de conseguir mayor frescura y precisi\u00f3n, Bodegas Frontonio y Bodegas San Alejandro unen sus manos con una ilusi\u00f3n com\u00fan, hacer una de las mejores garnachas del mundo.<br \/>\nDESCRIPCI\u00d3N<br \/>\nNOTAS DE CATA<br \/>\nRojo rub\u00ed con notas viol\u00e1ceas, ligero. En nariz hay frambuesa, semilla de cilantro, violeta y mostaza. En boca es muy fresco, de cuerpo medio, textura s\u00e1pida y tanino firme. Intensidad mineral. Buena combinaci\u00f3n de fruta con textura sedosa. Es muy largo. ROBERT PARKER 2021 95 POINTS<br \/>\nVino elaborado a partir la parcela El Rayo, de Garnacha plantada en 1935 en las estribaciones de la de la Sierra Santa Cruz. Sierra perteneciente al Sistema Ib\u00e9rico.       <\/p>\n","protected":false},"excerpt":{"rendered":"<p>Variedades: Garnacha.<br \/>\nSuperficie: 2,2 has.<br \/>\nMunicipios: Murero.<br \/>\nVi\u00f1edo: conducci\u00f3n en vaso, cultivo de secano y viticultura manual.<br \/>\nAltitud del vi\u00f1edo: 800 m.s.n.m<br \/>\nTipos de suelo: suelos de pizarras, areniscas y cuarcita. Pendiente 21%. <\/p>\n","protected":false},"featured_media":1076,"comment_status":"closed","ping_status":"closed","template":"","meta":[],"product_brand":[],"product_cat":[336],"product_tag":[],"class_list":{"0":"post-11699","1":"product","2":"type-product","3":"status-publish","4":"has-post-thumbnail","6":"product_cat-todos","8":"first","9":"instock","10":"taxable","11":"shipping-taxable","12":"purchasable","13":"product-type-simple"},"_links":{"self":[{"href":"https:\/\/tienda.laude.wine\/es\/wp-json\/wp\/v2\/product\/11699","targetHints":{"allow":["GET"]}}],"collection":[{"href":"https:\/\/tienda.laude.wine\/es\/wp-json\/wp\/v2\/product"}],"about":[{"href":"https:\/\/tienda.laude.wine\/es\/wp-json\/wp\/v2\/types\/product"}],"replies":[{"embeddable":true,"href":"https:\/\/tienda.laude.wine\/es\/wp-json\/wp\/v2\/comments?post=11699"}],"wp:featuredmedia":[{"embeddable":true,"href":"https:\/\/tienda.laude.wine\/es\/wp-json\/wp\/v2\/media\/1076"}],"wp:attachment":[{"href":"https:\/\/tienda.laude.wine\/es\/wp-json\/wp\/v2\/media?parent=11699"}],"wp:term":[{"taxonomy":"product_brand","embeddable":true,"href":"https:\/\/tienda.laude.wine\/es\/wp-json\/wp\/v2\/product_brand?post=11699"},{"taxonomy":"product_cat","embeddable":true,"href":"https:\/\/tienda.laude.wine\/es\/wp-json\/wp\/v2\/product_cat?post=11699"},{"taxonomy":"product_tag","embeddable":true,"href":"https:\/\/tienda.laude.wine\/es\/wp-json\/wp\/v2\/product_tag?post=11699"}],"curies":[{"name":"wp","href":"https:\/\/api.w.org\/{rel}","templated":true}]}}