{"id":11665,"date":"2024-10-31T06:38:20","date_gmt":"2024-10-31T06:38:20","guid":{"rendered":"https:\/\/tienda.laude.wine\/product\/fot-li-formula-antigua\/"},"modified":"2024-10-31T06:38:20","modified_gmt":"2024-10-31T06:38:20","slug":"fot-li-formula-antigua","status":"publish","type":"product","link":"https:\/\/tienda.laude.wine\/es\/producto\/fot-li-formula-antigua\/","title":{"rendered":"Fot-li Formula Antigua"},"content":{"rendered":"<p><strong>Vermut: <\/strong>Fot-li Formula Antigua<br \/>\n<strong>Variedades:<\/strong> Casi toda la mezcla es Garnacha Blanca, pero aproximadamente un 10% consiste en variedades como la Viura y el Air\u00e9n<br \/>\n<strong>Bodega: <\/strong>Alegre Wines &amp; Spirits<strong><br \/>\n<\/strong><strong>Denominaci\u00f3n de Origen: <\/strong>DO Terra Alta i Montsant<\/p>\n<p>&nbsp;<\/p>\n<p><strong>Elaboraci\u00f3n:<\/strong> El Fot-Li se macera con 19 bot\u00e1nicos, como vainilla, piel de naranja, an\u00eds, cardamomo, laurel, orenga, hinojo, reci\u00e9n moscada&#8230;<\/p>\n<p>Densidad 1044 g\/l.<br \/>\nSO\u2082 total 159 mg\/l.<br \/>\nAcidez total 5,0 g\/l.<br \/>\nAz\u00facar residual 140 g\/l.<\/p>\n<p>Usamos un 20% de barriles de roble americano y un 80% de barriles de roble franc\u00e9s.<br \/>\nNos gusta que tengan unos 15 a\u00f1os y un tostado medio.<\/p>\n","protected":false},"excerpt":{"rendered":"<p><strong>Vermut: <\/strong>Fot-li Formula Antigua<br \/>\n<strong>Variedades:<\/strong> Casi toda la mezcla es Garnacha Blanca, pero aproximadamente un 10% consiste en variedades como la Viura y el Air\u00e9n<br \/>\n<strong>Celler: <\/strong>Alegre Wines &amp; Spirits<strong><br \/>\n<\/strong><strong>Denominaci\u00f3n de Origen: <\/strong>DO Terra Alta y Montsant<\/p>\n","protected":false},"featured_media":10601,"comment_status":"closed","ping_status":"closed","template":"","meta":[],"product_brand":[],"product_cat":[350,336],"product_tag":[],"class_list":{"0":"post-11665","1":"product","2":"type-product","3":"status-publish","4":"has-post-thumbnail","6":"product_cat-vermuts","7":"product_cat-todos","9":"first","10":"instock","11":"taxable","12":"shipping-taxable","13":"purchasable","14":"product-type-simple"},"_links":{"self":[{"href":"https:\/\/tienda.laude.wine\/es\/wp-json\/wp\/v2\/product\/11665","targetHints":{"allow":["GET"]}}],"collection":[{"href":"https:\/\/tienda.laude.wine\/es\/wp-json\/wp\/v2\/product"}],"about":[{"href":"https:\/\/tienda.laude.wine\/es\/wp-json\/wp\/v2\/types\/product"}],"replies":[{"embeddable":true,"href":"https:\/\/tienda.laude.wine\/es\/wp-json\/wp\/v2\/comments?post=11665"}],"wp:featuredmedia":[{"embeddable":true,"href":"https:\/\/tienda.laude.wine\/es\/wp-json\/wp\/v2\/media\/10601"}],"wp:attachment":[{"href":"https:\/\/tienda.laude.wine\/es\/wp-json\/wp\/v2\/media?parent=11665"}],"wp:term":[{"taxonomy":"product_brand","embeddable":true,"href":"https:\/\/tienda.laude.wine\/es\/wp-json\/wp\/v2\/product_brand?post=11665"},{"taxonomy":"product_cat","embeddable":true,"href":"https:\/\/tienda.laude.wine\/es\/wp-json\/wp\/v2\/product_cat?post=11665"},{"taxonomy":"product_tag","embeddable":true,"href":"https:\/\/tienda.laude.wine\/es\/wp-json\/wp\/v2\/product_tag?post=11665"}],"curies":[{"name":"wp","href":"https:\/\/api.w.org\/{rel}","templated":true}]}}