{"id":11622,"date":"2024-10-30T21:55:51","date_gmt":"2024-10-30T21:55:51","guid":{"rendered":"https:\/\/tienda.laude.wine\/product\/mas-bell-priorat-2022\/"},"modified":"2024-10-30T21:55:51","modified_gmt":"2024-10-30T21:55:51","slug":"mas-bell-priorat-2022","status":"publish","type":"product","link":"https:\/\/tienda.laude.wine\/es\/producto\/mas-bell-priorat-2022\/","title":{"rendered":"Mas Bell Priorat 2022"},"content":{"rendered":"<p><strong>Vino:<\/strong> Mas Bell Priorat 2022<br \/>\n<strong>Variedades:<\/strong> Garnacha (92,5%) y Cari\u00f1ena (7,5%)<br \/>\n<strong>Alcohol:<\/strong> 14,5%<br \/>\n<strong>Bodega:<\/strong> Mas Bell<br \/>\n<strong>Denominaci\u00f3n de Origen:<\/strong> DOQ Priorat<\/p>\n<p><strong>Elaboraci\u00f3n:<\/strong> Fermentaci\u00f3n en acero inoxidable, con un 30% de uva con rasp\u00f3n; fermentaci\u00f3n malol\u00e1ctica espont\u00e1nea; crianza 6 meses en barrica de roble franc\u00e9s (60%) e inox (40%).<br \/>\n<strong>Servicio:<\/strong> Recomendado a 18 \u00b0C.<br \/>\n<strong>Maridaje:<\/strong> Con conejo de bosque con roperos, canelones caseros, ternera guisada con guisantes, platos elaborados como langosta con ternera y pescados grasos como r\u00e9mol.<\/p>\n","protected":false},"excerpt":{"rendered":"<p><span style=\"vertical-align: inherit;\"><strong>Vino:<\/strong> Bell Priorat 2022<br \/>\n<\/span><span style=\"vertical-align: inherit;\"><strong>Variedades:<\/strong> Garnacha (92,5 %) y Cari\u00f1ena (7,5 %)<br \/>\n<\/span><strong><span style=\"vertical-align: inherit;\">Alcohol:<\/span><\/strong><span style=\"vertical-align: inherit;\"> 14,5%<\/span><span style=\"vertical-align: inherit;\"><br \/>\n<\/span><strong><span style=\"vertical-align: inherit;\">Bodega: <\/span><\/strong><span style=\"vertical-align: inherit;\">Mas Bell<\/span><span style=\"vertical-align: inherit;\"><br \/>\n<\/span><strong>Denominaci\u00f3n de Origen:<\/strong>  <span style=\"vertical-align: inherit;\"> DOQ Priorat<\/span><\/p>\n","protected":false},"featured_media":10734,"comment_status":"closed","ping_status":"closed","template":"","meta":[],"product_brand":[],"product_cat":[345,336],"product_tag":[],"class_list":{"0":"post-11622","1":"product","2":"type-product","3":"status-publish","4":"has-post-thumbnail","6":"product_cat-tintos","7":"product_cat-todos","9":"first","10":"instock","11":"taxable","12":"shipping-taxable","13":"purchasable","14":"product-type-simple"},"_links":{"self":[{"href":"https:\/\/tienda.laude.wine\/es\/wp-json\/wp\/v2\/product\/11622","targetHints":{"allow":["GET"]}}],"collection":[{"href":"https:\/\/tienda.laude.wine\/es\/wp-json\/wp\/v2\/product"}],"about":[{"href":"https:\/\/tienda.laude.wine\/es\/wp-json\/wp\/v2\/types\/product"}],"replies":[{"embeddable":true,"href":"https:\/\/tienda.laude.wine\/es\/wp-json\/wp\/v2\/comments?post=11622"}],"wp:featuredmedia":[{"embeddable":true,"href":"https:\/\/tienda.laude.wine\/es\/wp-json\/wp\/v2\/media\/10734"}],"wp:attachment":[{"href":"https:\/\/tienda.laude.wine\/es\/wp-json\/wp\/v2\/media?parent=11622"}],"wp:term":[{"taxonomy":"product_brand","embeddable":true,"href":"https:\/\/tienda.laude.wine\/es\/wp-json\/wp\/v2\/product_brand?post=11622"},{"taxonomy":"product_cat","embeddable":true,"href":"https:\/\/tienda.laude.wine\/es\/wp-json\/wp\/v2\/product_cat?post=11622"},{"taxonomy":"product_tag","embeddable":true,"href":"https:\/\/tienda.laude.wine\/es\/wp-json\/wp\/v2\/product_tag?post=11622"}],"curies":[{"name":"wp","href":"https:\/\/api.w.org\/{rel}","templated":true}]}}