{"id":11611,"date":"2024-10-30T19:37:43","date_gmt":"2024-10-30T19:37:43","guid":{"rendered":"https:\/\/tienda.laude.wine\/product\/nvde-ou-de-ciment-2021\/"},"modified":"2025-11-14T09:50:43","modified_gmt":"2025-11-14T09:50:43","slug":"nvde-ou-de-ciment-2021","status":"publish","type":"product","link":"https:\/\/tienda.laude.wine\/es\/producto\/nvde-ou-de-ciment-2021\/","title":{"rendered":"Nvde ou de Ciment 2021"},"content":{"rendered":"<p><strong>Vino: <\/strong>Nvde Cemento 2021<strong><br \/>\nVariedades: <\/strong> 100 % Macabeo<strong><br \/>\nAlcohol: <\/strong> 13 % vol.<br \/>\n<strong>Bodega: <\/strong>Thunder Wine Makers<strong><br \/>\nDenominaci\u00f3n de Origen: <\/strong>DO Pened\u00e8s<\/p>\n<p>&nbsp;<\/p>\n<p><strong>Elaboraci\u00f3n:<\/strong> Ecol\u00f3gico, fermentaci\u00f3n y crianza 5 m en cemento, m\u00ednima intervenci\u00f3n. <strong><br \/>\nServicio: <\/strong> Sirvi\u00e9ndolo entre 8 y 10 \u00b0C (recomendado). <strong><br \/>\nMaridaje: <\/strong>Marisco, platos marineros, quesos frescos.<\/p>\n<p>&nbsp;<\/p>\n<p>&nbsp;<\/p>\n<p>&nbsp;<\/p>\n","protected":false},"excerpt":{"rendered":"<p><strong>Vino: <\/strong>Nvde Cemento 2021<strong><br \/>\nVariedades: <\/strong> 100 % Macabeo<strong><br \/>\nAlcohol: <\/strong> 13 % vol.<br \/>\n<strong>Bodega: <\/strong>Thunder Wine Makers<strong><br \/>\nDenominaci\u00f3n de Origen: <\/strong>DO Pened\u00e8s<\/p>\n","protected":false},"featured_media":11613,"comment_status":"closed","ping_status":"closed","template":"","meta":[],"product_brand":[],"product_cat":[344,336],"product_tag":[],"class_list":{"0":"post-11611","1":"product","2":"type-product","3":"status-publish","4":"has-post-thumbnail","6":"product_cat-blancos","7":"product_cat-todos","9":"first","10":"instock","11":"taxable","12":"shipping-taxable","13":"purchasable","14":"product-type-simple"},"_links":{"self":[{"href":"https:\/\/tienda.laude.wine\/es\/wp-json\/wp\/v2\/product\/11611","targetHints":{"allow":["GET"]}}],"collection":[{"href":"https:\/\/tienda.laude.wine\/es\/wp-json\/wp\/v2\/product"}],"about":[{"href":"https:\/\/tienda.laude.wine\/es\/wp-json\/wp\/v2\/types\/product"}],"replies":[{"embeddable":true,"href":"https:\/\/tienda.laude.wine\/es\/wp-json\/wp\/v2\/comments?post=11611"}],"wp:featuredmedia":[{"embeddable":true,"href":"https:\/\/tienda.laude.wine\/es\/wp-json\/wp\/v2\/media\/11613"}],"wp:attachment":[{"href":"https:\/\/tienda.laude.wine\/es\/wp-json\/wp\/v2\/media?parent=11611"}],"wp:term":[{"taxonomy":"product_brand","embeddable":true,"href":"https:\/\/tienda.laude.wine\/es\/wp-json\/wp\/v2\/product_brand?post=11611"},{"taxonomy":"product_cat","embeddable":true,"href":"https:\/\/tienda.laude.wine\/es\/wp-json\/wp\/v2\/product_cat?post=11611"},{"taxonomy":"product_tag","embeddable":true,"href":"https:\/\/tienda.laude.wine\/es\/wp-json\/wp\/v2\/product_tag?post=11611"}],"curies":[{"name":"wp","href":"https:\/\/api.w.org\/{rel}","templated":true}]}}