{"id":11599,"date":"2024-10-30T19:35:35","date_gmt":"2024-10-30T19:35:35","guid":{"rendered":"https:\/\/tienda.laude.wine\/product\/nvde-2021\/"},"modified":"2025-11-14T09:47:55","modified_gmt":"2025-11-14T09:47:55","slug":"nvde-2021","status":"publish","type":"product","link":"https:\/\/tienda.laude.wine\/es\/producto\/nvde-2021\/","title":{"rendered":"Nvde 2021"},"content":{"rendered":"<p><strong>Vino: <\/strong>Nvde 2021<strong><br \/>\nVariedades: <\/strong>Sauvignon Blanc (100 %)<strong><br \/>\nAlcohol: <\/strong>13,5 % vol.<strong><br \/>\nBodega: <\/strong>Thunder Wine Makers <strong><br \/>\nDenominaci\u00f3n de Origen: <\/strong>DO <span data-sheets-root=\"1\">Pened\u00e8s<\/span><\/p>\n<p>&nbsp;<\/p>\n<p><strong data-start=\"2835\" data-end=\"2849\">Elaboraci\u00f3n: <\/strong>Crianza 6 m sobre l\u00edas, fermentaci\u00f3n m\u00ednima intervenci\u00f3n.<br \/>\n<strong data-start=\"2942\" data-end=\"2952\">Servicio:<\/strong> S\u00edrvalo entre 8 y 10 \u00b0C.<br \/>\n<strong data-start=\"3042\" data-end=\"3055\">Maridaje: <\/strong>Marisco, platos frescos, quesos tiernos.<\/p>\n<p>&nbsp;<\/p>\n","protected":false},"excerpt":{"rendered":"<p><strong>Vino: <\/strong>Nvde 2021<strong><br \/>\nVariedades: <\/strong> Sauvignon Blanc (100 %)<strong><br \/>\nAlcohol: <\/strong>13,5 % vol.<br \/>\n<strong>Bodega: <\/strong>Thunder Wine Makers <strong><br \/>\nDenominaci\u00f3n de Origen: <\/strong>DO <span data-sheets-root=\"1\">Pened\u00e8s<\/span><\/p>\n","protected":false},"featured_media":11601,"comment_status":"closed","ping_status":"closed","template":"","meta":[],"product_brand":[],"product_cat":[344,336],"product_tag":[],"class_list":{"0":"post-11599","1":"product","2":"type-product","3":"status-publish","4":"has-post-thumbnail","6":"product_cat-blancos","7":"product_cat-todos","9":"first","10":"instock","11":"taxable","12":"shipping-taxable","13":"purchasable","14":"product-type-simple"},"_links":{"self":[{"href":"https:\/\/tienda.laude.wine\/es\/wp-json\/wp\/v2\/product\/11599","targetHints":{"allow":["GET"]}}],"collection":[{"href":"https:\/\/tienda.laude.wine\/es\/wp-json\/wp\/v2\/product"}],"about":[{"href":"https:\/\/tienda.laude.wine\/es\/wp-json\/wp\/v2\/types\/product"}],"replies":[{"embeddable":true,"href":"https:\/\/tienda.laude.wine\/es\/wp-json\/wp\/v2\/comments?post=11599"}],"wp:featuredmedia":[{"embeddable":true,"href":"https:\/\/tienda.laude.wine\/es\/wp-json\/wp\/v2\/media\/11601"}],"wp:attachment":[{"href":"https:\/\/tienda.laude.wine\/es\/wp-json\/wp\/v2\/media?parent=11599"}],"wp:term":[{"taxonomy":"product_brand","embeddable":true,"href":"https:\/\/tienda.laude.wine\/es\/wp-json\/wp\/v2\/product_brand?post=11599"},{"taxonomy":"product_cat","embeddable":true,"href":"https:\/\/tienda.laude.wine\/es\/wp-json\/wp\/v2\/product_cat?post=11599"},{"taxonomy":"product_tag","embeddable":true,"href":"https:\/\/tienda.laude.wine\/es\/wp-json\/wp\/v2\/product_tag?post=11599"}],"curies":[{"name":"wp","href":"https:\/\/api.w.org\/{rel}","templated":true}]}}