{"id":11571,"date":"2024-10-30T19:31:07","date_gmt":"2024-10-30T19:31:07","guid":{"rendered":"https:\/\/tienda.laude.wine\/product\/parcelas-negro\/"},"modified":"2025-11-17T10:12:23","modified_gmt":"2025-11-17T10:12:23","slug":"parcelas-negro","status":"publish","type":"product","link":"https:\/\/tienda.laude.wine\/es\/producto\/parcelas-negro\/","title":{"rendered":"Parcelas Negro"},"content":{"rendered":"<p><strong>Vino:<\/strong> Parcelas Negro<br \/>\n<strong>Variedades:<\/strong> Cari\u00f1ena, Garnacha Negra, Ojo de Liebre<br \/>\n<strong>Alcohol:<\/strong> 13,0 % vol.<br \/>\n<strong>Bodega:<\/strong> Parcelas<br \/>\n<strong>Denominaci\u00f3n de origen:<\/strong> DO Tarragona<\/p>\n<p>&nbsp;<\/p>\n<p><strong>Elaboraci\u00f3n:<\/strong> Vino tinto elaborado con una selecci\u00f3n de parcelas de vi\u00f1as viejas. Fermentaci\u00f3n en dep\u00f3sitos de acero inoxidable con maceraci\u00f3n larga y crianza parcial en barricas de roble.<br \/>\n<strong>Servicio:<\/strong> S\u00edrvalo entre 14 y 16 \u00b0C.<br \/>\n<strong>Maridaje:<\/strong> Ideal para carnes a la brasa, estofados, embutidos y quesos curados.<\/p>\n","protected":false},"excerpt":{"rendered":"<p><strong>Vino:<\/strong> Parcelas Negro<br \/>\n<strong>Variedades:<\/strong> Cari\u00f1ena, Garnacha Negra, Ojo de Liebre<br \/>\n<strong>Alcohol:<\/strong> 13,0 % vol.<br \/>\n<strong>Bodega:<\/strong> Parcelas<br \/>\n<strong>Denominaci\u00f3n de origen:<\/strong> DO Tarragona<\/p>\n<p>&nbsp;<\/p>\n","protected":false},"featured_media":11574,"comment_status":"closed","ping_status":"closed","template":"","meta":[],"product_brand":[],"product_cat":[345,336],"product_tag":[],"class_list":{"0":"post-11571","1":"product","2":"type-product","3":"status-publish","4":"has-post-thumbnail","6":"product_cat-tintos","7":"product_cat-todos","9":"first","10":"instock","11":"taxable","12":"shipping-taxable","13":"purchasable","14":"product-type-simple"},"_links":{"self":[{"href":"https:\/\/tienda.laude.wine\/es\/wp-json\/wp\/v2\/product\/11571","targetHints":{"allow":["GET"]}}],"collection":[{"href":"https:\/\/tienda.laude.wine\/es\/wp-json\/wp\/v2\/product"}],"about":[{"href":"https:\/\/tienda.laude.wine\/es\/wp-json\/wp\/v2\/types\/product"}],"replies":[{"embeddable":true,"href":"https:\/\/tienda.laude.wine\/es\/wp-json\/wp\/v2\/comments?post=11571"}],"wp:featuredmedia":[{"embeddable":true,"href":"https:\/\/tienda.laude.wine\/es\/wp-json\/wp\/v2\/media\/11574"}],"wp:attachment":[{"href":"https:\/\/tienda.laude.wine\/es\/wp-json\/wp\/v2\/media?parent=11571"}],"wp:term":[{"taxonomy":"product_brand","embeddable":true,"href":"https:\/\/tienda.laude.wine\/es\/wp-json\/wp\/v2\/product_brand?post=11571"},{"taxonomy":"product_cat","embeddable":true,"href":"https:\/\/tienda.laude.wine\/es\/wp-json\/wp\/v2\/product_cat?post=11571"},{"taxonomy":"product_tag","embeddable":true,"href":"https:\/\/tienda.laude.wine\/es\/wp-json\/wp\/v2\/product_tag?post=11571"}],"curies":[{"name":"wp","href":"https:\/\/api.w.org\/{rel}","templated":true}]}}