{"id":11555,"date":"2024-10-30T19:14:50","date_gmt":"2024-10-30T19:14:50","guid":{"rendered":"https:\/\/tienda.laude.wine\/product\/pedro-ximenez-anada\/"},"modified":"2025-11-17T08:41:44","modified_gmt":"2025-11-17T08:41:44","slug":"pedro-ximenez-anada","status":"publish","type":"product","link":"https:\/\/tienda.laude.wine\/es\/producto\/pedro-ximenez-anada\/","title":{"rendered":"Pedro Ximenez A\u00f1ada 2021"},"content":{"rendered":"<p><strong>Bodega:<\/strong> Bodegas Alvear<br \/>\n<strong>Denominacio de origen:<\/strong> DO Montilla-Moriles<br \/>\n<strong>Variedad:<\/strong> Pedro Xim\u00e9nez<\/p>\n<p>&nbsp;<\/p>\n<p><strong>Maridaje: <\/strong>El complemento ideal y el toque final para los postres de una buena comida. Aporta un sabor y una textura sorprendentes a los helados y a los frutos secos. Perfecto con foie gras y quesos azules.<br \/>\n<strong>Temperatura de Servicio: <\/strong>Entre 4 y 8 \u00baC.<strong><br \/>\nBotella:<\/strong> 37,5 cl.<br \/>\n<strong>Color:<\/strong> \u00c1mbar claro y brillante. Un vino denso con abundantes l\u00e1grimas cuando se hace girar al gorro de cata.<br \/>\n<strong>Nariz:<\/strong> Notas muy evidentes de miel, mermelada de membrillo, albaricoque seco y pan de higos. Las flores blancas y, sobre todo, las uvas secas dominan el resto de las notas olfativas. Muy elegante.<br \/>\n<strong>Boca:<\/strong> Dulzura muy bien integrado con su contenido alcoh\u00f3lico. Acidez sutil con toques de piel de c\u00edtricos. D\u00e1tiles, miel, albaricoques secos y mermelada de membrillo. Mucho volumen.<br \/>\n<strong>Alcohol (% Vol.):<\/strong> 16.<br \/>\n<strong>Az\u00facares (G\/L):<\/strong> dulce.<\/p>\n<p>&nbsp;<\/p>\n","protected":false},"excerpt":{"rendered":"<p>A\u00d1ADA 2021<br \/>\n<strong>Bodega:<\/strong> Bodegas Alvear<br \/>\n<strong>Denominacio de origen:<\/strong> DO Montilla-Moriles<br \/>\n<strong>Variedad:<\/strong> Pedro Xim\u00e9nez<\/p>\n","protected":false},"featured_media":12446,"comment_status":"closed","ping_status":"closed","template":"","meta":[],"product_brand":[],"product_cat":[351,336],"product_tag":[],"class_list":{"0":"post-11555","1":"product","2":"type-product","3":"status-publish","4":"has-post-thumbnail","6":"product_cat-dulces-y-generosos","7":"product_cat-todos","9":"first","10":"instock","11":"taxable","12":"shipping-taxable","13":"purchasable","14":"product-type-simple"},"_links":{"self":[{"href":"https:\/\/tienda.laude.wine\/es\/wp-json\/wp\/v2\/product\/11555","targetHints":{"allow":["GET"]}}],"collection":[{"href":"https:\/\/tienda.laude.wine\/es\/wp-json\/wp\/v2\/product"}],"about":[{"href":"https:\/\/tienda.laude.wine\/es\/wp-json\/wp\/v2\/types\/product"}],"replies":[{"embeddable":true,"href":"https:\/\/tienda.laude.wine\/es\/wp-json\/wp\/v2\/comments?post=11555"}],"wp:featuredmedia":[{"embeddable":true,"href":"https:\/\/tienda.laude.wine\/es\/wp-json\/wp\/v2\/media\/12446"}],"wp:attachment":[{"href":"https:\/\/tienda.laude.wine\/es\/wp-json\/wp\/v2\/media?parent=11555"}],"wp:term":[{"taxonomy":"product_brand","embeddable":true,"href":"https:\/\/tienda.laude.wine\/es\/wp-json\/wp\/v2\/product_brand?post=11555"},{"taxonomy":"product_cat","embeddable":true,"href":"https:\/\/tienda.laude.wine\/es\/wp-json\/wp\/v2\/product_cat?post=11555"},{"taxonomy":"product_tag","embeddable":true,"href":"https:\/\/tienda.laude.wine\/es\/wp-json\/wp\/v2\/product_tag?post=11555"}],"curies":[{"name":"wp","href":"https:\/\/api.w.org\/{rel}","templated":true}]}}