{"id":11541,"date":"2024-10-30T19:10:44","date_gmt":"2024-10-30T19:10:44","guid":{"rendered":"https:\/\/tienda.laude.wine\/product\/casar-de-burbia-tebaida-no-5\/"},"modified":"2025-11-17T09:46:45","modified_gmt":"2025-11-17T09:46:45","slug":"casar-de-burbia-tebaida-no-5","status":"publish","type":"product","link":"https:\/\/tienda.laude.wine\/es\/producto\/casar-de-burbia-tebaida-no-5\/","title":{"rendered":"Casar De Burbia Tebaida N\u00ba 5"},"content":{"rendered":"<p><strong>Vino:<\/strong> Tebaida N\u00ba 5<br \/>\n<strong>Variedades:<\/strong> 100 % Menc\u00eda<br \/>\n<strong>Alcohol:<\/strong> 14 % vol.<br \/>\n<strong>Bodega:<\/strong> Casar de Burbia<br \/>\n<strong>Denominaci\u00f3n de Origen:<\/strong> DO Bierzo<\/p>\n<p>&nbsp;<\/p>\n<p><strong>Elaboraci\u00f3n:<\/strong> Vinificado con uva 100 % Menc\u00eda de la parcela Vi\u00f1a Sapita, fermentaci\u00f3n en barricas de roble franc\u00e9s abiertas de 500 L con levaduras aut\u00f3ctonas y crianza posterior en barricas de 225 y 700 L durante unos 18 meses, posterior afinado en botella.<br \/>\n<strong>Servicio:<\/strong> Sirvalo entre 15 \u00b0C y 16 \u00b0C.<\/p>\n","protected":false},"excerpt":{"rendered":"<p><strong>Vino: <\/strong>Tebaida N\u00ba 5<br \/>\n<strong>Variedades:<\/strong> 100% Mencia<br \/>\n<strong>Alcohol:<\/strong> 14%<br \/>\n<strong>Bodega:<\/strong> Casar de Burbia<br \/>\n<strong>Denominaci\u00f3n de Origen:<\/strong> DO Bierzo<\/p>\n","protected":false},"featured_media":11546,"comment_status":"closed","ping_status":"closed","template":"","meta":[],"product_brand":[],"product_cat":[345,336],"product_tag":[],"class_list":{"0":"post-11541","1":"product","2":"type-product","3":"status-publish","4":"has-post-thumbnail","6":"product_cat-tintos","7":"product_cat-todos","9":"first","10":"instock","11":"taxable","12":"shipping-taxable","13":"purchasable","14":"product-type-simple"},"_links":{"self":[{"href":"https:\/\/tienda.laude.wine\/es\/wp-json\/wp\/v2\/product\/11541","targetHints":{"allow":["GET"]}}],"collection":[{"href":"https:\/\/tienda.laude.wine\/es\/wp-json\/wp\/v2\/product"}],"about":[{"href":"https:\/\/tienda.laude.wine\/es\/wp-json\/wp\/v2\/types\/product"}],"replies":[{"embeddable":true,"href":"https:\/\/tienda.laude.wine\/es\/wp-json\/wp\/v2\/comments?post=11541"}],"wp:featuredmedia":[{"embeddable":true,"href":"https:\/\/tienda.laude.wine\/es\/wp-json\/wp\/v2\/media\/11546"}],"wp:attachment":[{"href":"https:\/\/tienda.laude.wine\/es\/wp-json\/wp\/v2\/media?parent=11541"}],"wp:term":[{"taxonomy":"product_brand","embeddable":true,"href":"https:\/\/tienda.laude.wine\/es\/wp-json\/wp\/v2\/product_brand?post=11541"},{"taxonomy":"product_cat","embeddable":true,"href":"https:\/\/tienda.laude.wine\/es\/wp-json\/wp\/v2\/product_cat?post=11541"},{"taxonomy":"product_tag","embeddable":true,"href":"https:\/\/tienda.laude.wine\/es\/wp-json\/wp\/v2\/product_tag?post=11541"}],"curies":[{"name":"wp","href":"https:\/\/api.w.org\/{rel}","templated":true}]}}