{"id":11528,"date":"2024-10-30T19:08:25","date_gmt":"2024-10-30T19:08:25","guid":{"rendered":"https:\/\/tienda.laude.wine\/product\/mas-blanch-i-jove-troballa-arrels-2023\/"},"modified":"2025-11-17T10:04:25","modified_gmt":"2025-11-17T10:04:25","slug":"mas-blanch-i-jove-troballa-arrels-2023","status":"publish","type":"product","link":"https:\/\/tienda.laude.wine\/es\/producto\/mas-blanch-i-jove-troballa-arrels-2023\/","title":{"rendered":"Mas Blanch i Jov\u00e9 Troballa Arrels 2023"},"content":{"rendered":"<p><strong>Vino: <\/strong>Troballa Arrels<br \/>\n<strong>Variedades: <\/strong>100% Garnacha<br \/>\n<strong>Alcohol: <\/strong> 14%<br \/>\n<strong>Bodega: <\/strong> Mas Blanch i Jov\u00e9<br \/>\n<strong>Denominaci\u00f3n de Origen:<\/strong> DO Costers del Segre<\/p>\n<p>&nbsp;<\/p>\n<p><strong data-start=\"870\" data-end=\"884\">Elaboraci\u00f3n: <\/strong>Fermentaci\u00f3n espont\u00e1nea con levaduras ind\u00edgenas, sin sulfitos a\u00f1adidos; crianza durante 6 meses en dep\u00f3sito (acero inoxidable).<br \/>\n<strong data-start=\"775\" data-end=\"785\">Servicio: <\/strong> S\u00edrvalo entre 16 \u00b0C y 18 \u00b0C.<\/p>\n<p>&nbsp;<\/p>\n<p>&nbsp;<\/p>\n","protected":false},"excerpt":{"rendered":"<p><strong>Vino: <\/strong>Troballa Arrels<br \/>\n<strong>Variedades: <\/strong>100% Garnacha<br \/>\n<strong>Alcohol: <\/strong> 14%<br \/>\n<strong>Bodega: <\/strong> Mas Blanch i Jov\u00e9<br \/>\n<strong>Denominaci\u00f3n de Origen:<\/strong> DO Costers del Segre<\/p>\n","protected":false},"featured_media":12506,"comment_status":"closed","ping_status":"closed","template":"","meta":[],"product_brand":[],"product_cat":[345,336],"product_tag":[],"class_list":{"0":"post-11528","1":"product","2":"type-product","3":"status-publish","4":"has-post-thumbnail","6":"product_cat-tintos","7":"product_cat-todos","9":"first","10":"instock","11":"taxable","12":"shipping-taxable","13":"purchasable","14":"product-type-simple"},"_links":{"self":[{"href":"https:\/\/tienda.laude.wine\/es\/wp-json\/wp\/v2\/product\/11528","targetHints":{"allow":["GET"]}}],"collection":[{"href":"https:\/\/tienda.laude.wine\/es\/wp-json\/wp\/v2\/product"}],"about":[{"href":"https:\/\/tienda.laude.wine\/es\/wp-json\/wp\/v2\/types\/product"}],"replies":[{"embeddable":true,"href":"https:\/\/tienda.laude.wine\/es\/wp-json\/wp\/v2\/comments?post=11528"}],"wp:featuredmedia":[{"embeddable":true,"href":"https:\/\/tienda.laude.wine\/es\/wp-json\/wp\/v2\/media\/12506"}],"wp:attachment":[{"href":"https:\/\/tienda.laude.wine\/es\/wp-json\/wp\/v2\/media?parent=11528"}],"wp:term":[{"taxonomy":"product_brand","embeddable":true,"href":"https:\/\/tienda.laude.wine\/es\/wp-json\/wp\/v2\/product_brand?post=11528"},{"taxonomy":"product_cat","embeddable":true,"href":"https:\/\/tienda.laude.wine\/es\/wp-json\/wp\/v2\/product_cat?post=11528"},{"taxonomy":"product_tag","embeddable":true,"href":"https:\/\/tienda.laude.wine\/es\/wp-json\/wp\/v2\/product_tag?post=11528"}],"curies":[{"name":"wp","href":"https:\/\/api.w.org\/{rel}","templated":true}]}}