{"id":11516,"date":"2024-10-30T18:22:24","date_gmt":"2024-10-30T18:22:24","guid":{"rendered":"https:\/\/tienda.laude.wine\/product\/thunder-wine-makers-falares\/"},"modified":"2025-11-17T10:26:41","modified_gmt":"2025-11-17T10:26:41","slug":"thunder-wine-makers-falares","status":"publish","type":"product","link":"https:\/\/tienda.laude.wine\/es\/producto\/thunder-wine-makers-falares\/","title":{"rendered":"Thunder Wine Makers Falares"},"content":{"rendered":"<p><strong>Vino: <\/strong>Falares<strong><br \/>\nVariedades: <\/strong> Brancellao, Casta\u00f1al, Sous\u00f3n, Touriga Nacional, Cai\u00f1o Negro<strong><br \/>\nAlcohol: <\/strong>12 % vol.<strong><br \/>\n<\/strong><strong>Bodega: <\/strong>Thunder Wine Makers <strong><br \/>\nDenominaci\u00f3n de Origen: <\/strong>DO Rias Baixas<\/p>\n<p>&nbsp;<\/p>\n<p><strong data-start=\"1113\" data-end=\"1127\">Elaboraci\u00f3n: <\/strong>Fermentaci\u00f3n y maceraci\u00f3n en barrica con hollejo (5 %) durante 10 d\u00edas a 22 \u00b0C; malol\u00e1ctica en inox; crianza en inox con trabajo de madres; producci\u00f3n limitada de 300 botellas.<\/p>\n<p><strong data-start=\"1345\" data-end=\"1355\">Servicio: <\/strong> S\u00edrvalo entre 14 y 16 \u00b0C.<\/p>\n<p>&nbsp;<\/p>\n","protected":false},"excerpt":{"rendered":"<p><strong>Vino: <\/strong>Falares<strong><br \/>\nVariedades: <\/strong> Brancellao, Casta\u00f1al, Sous\u00f3n, Touriga Nacional, Cai\u00f1o Negro<strong><br \/>\nAlcohol: <\/strong>12 % vol.<strong><br \/>\n<\/strong><strong>Bodega: <\/strong>Thunder Wine Makers <strong><br \/>\nDenominaci\u00f3n de Origen: <\/strong>DO Rias Baixas<\/p>\n","protected":false},"featured_media":11518,"comment_status":"closed","ping_status":"closed","template":"","meta":[],"product_brand":[],"product_cat":[345,336],"product_tag":[],"class_list":{"0":"post-11516","1":"product","2":"type-product","3":"status-publish","4":"has-post-thumbnail","6":"product_cat-tintos","7":"product_cat-todos","9":"first","10":"instock","11":"taxable","12":"shipping-taxable","13":"purchasable","14":"product-type-simple"},"_links":{"self":[{"href":"https:\/\/tienda.laude.wine\/es\/wp-json\/wp\/v2\/product\/11516","targetHints":{"allow":["GET"]}}],"collection":[{"href":"https:\/\/tienda.laude.wine\/es\/wp-json\/wp\/v2\/product"}],"about":[{"href":"https:\/\/tienda.laude.wine\/es\/wp-json\/wp\/v2\/types\/product"}],"replies":[{"embeddable":true,"href":"https:\/\/tienda.laude.wine\/es\/wp-json\/wp\/v2\/comments?post=11516"}],"wp:featuredmedia":[{"embeddable":true,"href":"https:\/\/tienda.laude.wine\/es\/wp-json\/wp\/v2\/media\/11518"}],"wp:attachment":[{"href":"https:\/\/tienda.laude.wine\/es\/wp-json\/wp\/v2\/media?parent=11516"}],"wp:term":[{"taxonomy":"product_brand","embeddable":true,"href":"https:\/\/tienda.laude.wine\/es\/wp-json\/wp\/v2\/product_brand?post=11516"},{"taxonomy":"product_cat","embeddable":true,"href":"https:\/\/tienda.laude.wine\/es\/wp-json\/wp\/v2\/product_cat?post=11516"},{"taxonomy":"product_tag","embeddable":true,"href":"https:\/\/tienda.laude.wine\/es\/wp-json\/wp\/v2\/product_tag?post=11516"}],"curies":[{"name":"wp","href":"https:\/\/api.w.org\/{rel}","templated":true}]}}