{"id":11482,"date":"2024-10-23T17:33:13","date_gmt":"2024-10-23T17:33:13","guid":{"rendered":"https:\/\/tienda.laude.wine\/product\/quinta-milu-poula-2021\/"},"modified":"2025-11-17T10:18:02","modified_gmt":"2025-11-17T10:18:02","slug":"quinta-milu-poula-2021","status":"publish","type":"product","link":"https:\/\/tienda.laude.wine\/es\/producto\/quinta-milu-poula-2021\/","title":{"rendered":"Quinta Mil\u00fa Poula 2021"},"content":{"rendered":"<p><strong>Vino:<\/strong> Quinta Mil\u00fa Poula 2021<br \/>\n<strong>Variedades:<\/strong> Garnacha Tinta, Palomino, Portuguesa, Menc\u00eda<br \/>\n<strong>Alcohol:<\/strong> 13,5 % vol.<br \/>\n<strong>Bodega:<\/strong> Quinta Mil\u00fa<br \/>\n<strong>Denominaci\u00f3n de origen:<\/strong> DO Bierzo<\/p>\n<p>&nbsp;<\/p>\n<p><strong>Elaboraci\u00f3n:<\/strong> Vino tinto elaborado con lagar de diferentes variedades de uva procedentes de vi\u00f1as viejas. Fermentaci\u00f3n en dep\u00f3sitos de cemento y crianza en tanques de acero inoxidable para preservar la fruta.<br \/>\n<strong>Servicio:<\/strong> S\u00edrvalo entre 14 y 16 \u00b0C.<br \/>\n<strong>Maridaje:<\/strong> Ideal con carnes a la brasa, platos tradicionales y quesos curados.<\/p>\n","protected":false},"excerpt":{"rendered":"<p><strong>Vino:<\/strong>Quinta Mil\u00fa Poula 2021<br \/>\n<strong>Variedades<\/strong>: Garnacha Tinta, Palomino, Portuguesa y Menc\u00eda<br \/>\n<strong>Alcohol:<\/strong> 13,5%<br \/>\n<strong>Bodega:<\/strong> Quinta de Mil\u00fa<br \/>\n<strong>Denominaci\u00f3n de Origen:<\/strong> DO Bierzo<\/p>\n","protected":false},"featured_media":11483,"comment_status":"open","ping_status":"closed","template":"","meta":[],"product_brand":[],"product_cat":[345,336],"product_tag":[],"class_list":{"0":"post-11482","1":"product","2":"type-product","3":"status-publish","4":"has-post-thumbnail","6":"product_cat-tintos","7":"product_cat-todos","9":"first","10":"instock","11":"taxable","12":"shipping-taxable","13":"purchasable","14":"product-type-simple"},"_links":{"self":[{"href":"https:\/\/tienda.laude.wine\/es\/wp-json\/wp\/v2\/product\/11482","targetHints":{"allow":["GET"]}}],"collection":[{"href":"https:\/\/tienda.laude.wine\/es\/wp-json\/wp\/v2\/product"}],"about":[{"href":"https:\/\/tienda.laude.wine\/es\/wp-json\/wp\/v2\/types\/product"}],"replies":[{"embeddable":true,"href":"https:\/\/tienda.laude.wine\/es\/wp-json\/wp\/v2\/comments?post=11482"}],"wp:featuredmedia":[{"embeddable":true,"href":"https:\/\/tienda.laude.wine\/es\/wp-json\/wp\/v2\/media\/11483"}],"wp:attachment":[{"href":"https:\/\/tienda.laude.wine\/es\/wp-json\/wp\/v2\/media?parent=11482"}],"wp:term":[{"taxonomy":"product_brand","embeddable":true,"href":"https:\/\/tienda.laude.wine\/es\/wp-json\/wp\/v2\/product_brand?post=11482"},{"taxonomy":"product_cat","embeddable":true,"href":"https:\/\/tienda.laude.wine\/es\/wp-json\/wp\/v2\/product_cat?post=11482"},{"taxonomy":"product_tag","embeddable":true,"href":"https:\/\/tienda.laude.wine\/es\/wp-json\/wp\/v2\/product_tag?post=11482"}],"curies":[{"name":"wp","href":"https:\/\/api.w.org\/{rel}","templated":true}]}}