{"id":11453,"date":"2024-09-15T08:36:11","date_gmt":"2024-09-15T08:36:11","guid":{"rendered":"https:\/\/tienda.laude.wine\/product\/mas-llunes-cercium-2022\/"},"modified":"2025-11-17T12:55:54","modified_gmt":"2025-11-17T12:55:54","slug":"mas-llunes-cercium-2022","status":"publish","type":"product","link":"https:\/\/tienda.laude.wine\/es\/producto\/mas-llunes-cercium-2022\/","title":{"rendered":"Mas Llunes Cercium 2022"},"content":{"rendered":"<p><strong>Vino: <\/strong>Cercium<br \/>\n<strong>Variedades:<\/strong> 48% Garnacha Negra, 20 Cari\u00f1ena, 17% Sir\u00e1n y 17% Cabernet Sauvignon<br \/>\n<strong>Alcohol:<\/strong> 14,5%<br \/>\n<strong>Bodega:<\/strong> Mas Llunes<br \/>\n<strong>Denominaci\u00f3n de Origen:<\/strong> DO Empord\u00e0<\/p>\n<p>&nbsp;<\/p>\n<p><strong>Elaboraci\u00f3n: <\/strong>La uva de vi\u00f1as de 25 a\u00f1os plantadas en terreno de pizarra se vendimi\u00f3 a mano. Las diferentes variedades fermentaron separadamente en dep\u00f3sitos de fermentaci\u00f3n inoxidables refrigerados a una temperatura de 20\u00baC. Se realizaron dos remontados diarios, descubando a los 20-25 d\u00edas de inicio de fermentaci\u00f3n, seg\u00fan variedad. La prolongaci\u00f3n del encubado se determin\u00f3 por cata. La fermentaci\u00f3n malol\u00e1ctica se realiz\u00f3 en dep\u00f3sito. Se someti\u00f3 a m\u00ednimos tratamientos de clarificaci\u00f3n y filtraci\u00f3n antes del embotellado. Crianza de tres meses en barricas de roble.<br \/>\n<strong>Servicio:<\/strong> S\u00edrvalo entre 14 y 16\u00baC.<\/p>\n<p>&nbsp;<\/p>\n","protected":false},"excerpt":{"rendered":"<p><strong>Vino: <\/strong>Cercium<br \/>\n<strong>Variedades:<\/strong> 48% Garnacha Negra, 20 Cari\u00f1ena, 17% Sir\u00e1 y 17% Cabernet Sauvignon<br \/>\n<strong>Alcohol:<\/strong> 14,5%<br \/>\n<strong>Bodega:<\/strong> Mas Llunes<br \/>\n<strong>Denominaci\u00f3n de Origen:<\/strong> DO Empord\u00e0<\/p>\n<p>&nbsp;<\/p>\n<p>&nbsp;<\/p>\n","protected":false},"featured_media":11462,"comment_status":"open","ping_status":"closed","template":"","meta":[],"product_brand":[],"product_cat":[345,336],"product_tag":[542,365,366,541],"class_list":{"0":"post-11453","1":"product","2":"type-product","3":"status-publish","4":"has-post-thumbnail","6":"product_cat-tintos","7":"product_cat-todos","8":"product_tag-cabernet-sauvignon","9":"product_tag-carinena","10":"product_tag-garnacha-negra","11":"product_tag-sira","13":"first","14":"instock","15":"taxable","16":"shipping-taxable","17":"purchasable","18":"product-type-simple"},"_links":{"self":[{"href":"https:\/\/tienda.laude.wine\/es\/wp-json\/wp\/v2\/product\/11453","targetHints":{"allow":["GET"]}}],"collection":[{"href":"https:\/\/tienda.laude.wine\/es\/wp-json\/wp\/v2\/product"}],"about":[{"href":"https:\/\/tienda.laude.wine\/es\/wp-json\/wp\/v2\/types\/product"}],"replies":[{"embeddable":true,"href":"https:\/\/tienda.laude.wine\/es\/wp-json\/wp\/v2\/comments?post=11453"}],"wp:featuredmedia":[{"embeddable":true,"href":"https:\/\/tienda.laude.wine\/es\/wp-json\/wp\/v2\/media\/11462"}],"wp:attachment":[{"href":"https:\/\/tienda.laude.wine\/es\/wp-json\/wp\/v2\/media?parent=11453"}],"wp:term":[{"taxonomy":"product_brand","embeddable":true,"href":"https:\/\/tienda.laude.wine\/es\/wp-json\/wp\/v2\/product_brand?post=11453"},{"taxonomy":"product_cat","embeddable":true,"href":"https:\/\/tienda.laude.wine\/es\/wp-json\/wp\/v2\/product_cat?post=11453"},{"taxonomy":"product_tag","embeddable":true,"href":"https:\/\/tienda.laude.wine\/es\/wp-json\/wp\/v2\/product_tag?post=11453"}],"curies":[{"name":"wp","href":"https:\/\/api.w.org\/{rel}","templated":true}]}}