{"id":11447,"date":"2024-09-15T08:36:11","date_gmt":"2024-09-15T08:36:11","guid":{"rendered":"https:\/\/tienda.laude.wine\/product\/anima-mundi-2023\/"},"modified":"2025-11-14T11:34:03","modified_gmt":"2025-11-14T11:34:03","slug":"anima-mundi-2023","status":"publish","type":"product","link":"https:\/\/tienda.laude.wine\/es\/producto\/anima-mundi-2023\/","title":{"rendered":"Anima Mundi 2023"},"content":{"rendered":"<p><strong>Vino: <\/strong>Tornabous<br \/>\n<strong>Variedades:<\/strong> 100% Xarel\u00b7lo<br \/>\n<strong>Alcohol:<\/strong> 13%<br \/>\n<strong>Bodega:<\/strong> AT Roca<br \/>\n<strong>Denominaci\u00f3n de Origen:<\/strong> DO Classic Pened\u00e8s<\/p>\n<p>&nbsp;<\/p>\n<p><strong>Elaboraci\u00f3n:<\/strong> Fermentaci\u00f3n y crianza sobre l\u00edas durante 8 meses. 70% en barricas de 500L de roble franc\u00e9s y 30% en dep\u00f3sitos ovoides de cemento.<br \/>\n<strong>Viticultura:<\/strong> Viticultura ecol\u00f3gica de una sola vi\u00f1a de 62 a\u00f1os: Vi\u00f1a Cantallops situada a 430 m de altitud en la zona de \u00abCosters d\u2019Ordal\u00bb.<br \/>\n<strong>Microclima:<\/strong> Vi\u00f1a plantada en vertiente expuesta al Norte a 425 metros de altitud. La proximidad con el mar, aporta humedad y frescura.<br \/>\n<strong>Producci\u00f3n:<\/strong> M\u00e1s de 5000 botellas.<br \/>\n<strong>Tipo de suelo:<\/strong> N\u00f3dulos de hueso.<br \/>\n<strong>Servicio: <\/strong>Servirlo entre 10-12\u00baC.<br \/>\n<strong>Maridajes:<\/strong> Marisco, pescado azul, carne blanca, quesos curados y quesos semi-curados.<\/p>\n","protected":false},"excerpt":{"rendered":"<p><strong>Vino:<\/strong>Cabo<br \/>\n<strong>Variedades:<\/strong> 100% Xarel\u00b7lo<br \/>\n<strong>Alcohol:<\/strong> 13%<br \/>\n<strong>Bodega:<\/strong> AT Roca<br \/>\n<strong>Denominaci\u00f3n de Origen:<\/strong> DO Classic Pened\u00e8s<\/p>\n","protected":false},"featured_media":11451,"comment_status":"open","ping_status":"closed","template":"","meta":[],"product_brand":[],"product_cat":[344,336],"product_tag":[533],"class_list":{"0":"post-11447","1":"product","2":"type-product","3":"status-publish","4":"has-post-thumbnail","6":"product_cat-blancos","7":"product_cat-todos","8":"product_tag-xarello","10":"first","11":"instock","12":"taxable","13":"shipping-taxable","14":"purchasable","15":"product-type-simple"},"_links":{"self":[{"href":"https:\/\/tienda.laude.wine\/es\/wp-json\/wp\/v2\/product\/11447","targetHints":{"allow":["GET"]}}],"collection":[{"href":"https:\/\/tienda.laude.wine\/es\/wp-json\/wp\/v2\/product"}],"about":[{"href":"https:\/\/tienda.laude.wine\/es\/wp-json\/wp\/v2\/types\/product"}],"replies":[{"embeddable":true,"href":"https:\/\/tienda.laude.wine\/es\/wp-json\/wp\/v2\/comments?post=11447"}],"wp:featuredmedia":[{"embeddable":true,"href":"https:\/\/tienda.laude.wine\/es\/wp-json\/wp\/v2\/media\/11451"}],"wp:attachment":[{"href":"https:\/\/tienda.laude.wine\/es\/wp-json\/wp\/v2\/media?parent=11447"}],"wp:term":[{"taxonomy":"product_brand","embeddable":true,"href":"https:\/\/tienda.laude.wine\/es\/wp-json\/wp\/v2\/product_brand?post=11447"},{"taxonomy":"product_cat","embeddable":true,"href":"https:\/\/tienda.laude.wine\/es\/wp-json\/wp\/v2\/product_cat?post=11447"},{"taxonomy":"product_tag","embeddable":true,"href":"https:\/\/tienda.laude.wine\/es\/wp-json\/wp\/v2\/product_tag?post=11447"}],"curies":[{"name":"wp","href":"https:\/\/api.w.org\/{rel}","templated":true}]}}