{"id":11441,"date":"2024-09-15T08:36:11","date_gmt":"2024-09-15T08:36:11","guid":{"rendered":"https:\/\/tienda.laude.wine\/product\/champagne-drappier-charles-de-gaulle\/"},"modified":"2024-09-15T08:36:11","modified_gmt":"2024-09-15T08:36:11","slug":"champagne-drappier-charles-de-gaulle","status":"publish","type":"product","link":"https:\/\/tienda.laude.wine\/es\/producto\/champagne-drappier-charles-de-gaulle\/","title":{"rendered":"Champagne Drappier Charles De Gaulle"},"content":{"rendered":"<p><strong>Vino: <\/strong>Drappier Charles de Gaulle<br \/>\n<strong>Variedades: <\/strong>80% Pinot Noir y 20% Chardonnay<br \/>\n<strong>Alcohol: <\/strong>13,5%<br \/>\n<strong>Bodega:<\/strong> Champagne Drappier<br \/>\n<strong>Denominaci\u00f3n de Origen:<\/strong> AOC Champagne<\/p>\n<p><strong>Elaboraci\u00f3n:<\/strong> S\u00f3lo se utilizan los jugos de la primera prensa -los cuv\u00e9s-. Prensas mec\u00e1nicas de baja presi\u00f3n. Uso de la gravedad para evitar el bombeo, que evita la oxidaci\u00f3n. Uso m\u00ednimo de azufre.   <\/p>\n","protected":false},"excerpt":{"rendered":"<p><strong>Vino: <\/strong>Drappier Charles de Gaulle<br \/>\n<strong>Variedades: <\/strong>80% Pinot Noir y 20% Chardonnay<br \/>\n<strong>Alcohol: <\/strong>13,5%<br \/>\n<strong>Bodega:<\/strong> Champagne Drappier<br \/>\n<strong>Denominaci\u00f3n de Origen:<\/strong> AOC Champagne<\/p>\n","protected":false},"featured_media":11443,"comment_status":"open","ping_status":"closed","template":"","meta":[],"product_brand":[],"product_cat":[354,336],"product_tag":[519,516],"class_list":{"0":"post-11441","1":"product","2":"type-product","3":"status-publish","4":"has-post-thumbnail","6":"product_cat-espumosos","7":"product_cat-todos","8":"product_tag-chardonnay","9":"product_tag-pinot-noir","11":"first","12":"instock","13":"taxable","14":"shipping-taxable","15":"purchasable","16":"product-type-simple"},"_links":{"self":[{"href":"https:\/\/tienda.laude.wine\/es\/wp-json\/wp\/v2\/product\/11441","targetHints":{"allow":["GET"]}}],"collection":[{"href":"https:\/\/tienda.laude.wine\/es\/wp-json\/wp\/v2\/product"}],"about":[{"href":"https:\/\/tienda.laude.wine\/es\/wp-json\/wp\/v2\/types\/product"}],"replies":[{"embeddable":true,"href":"https:\/\/tienda.laude.wine\/es\/wp-json\/wp\/v2\/comments?post=11441"}],"wp:featuredmedia":[{"embeddable":true,"href":"https:\/\/tienda.laude.wine\/es\/wp-json\/wp\/v2\/media\/11443"}],"wp:attachment":[{"href":"https:\/\/tienda.laude.wine\/es\/wp-json\/wp\/v2\/media?parent=11441"}],"wp:term":[{"taxonomy":"product_brand","embeddable":true,"href":"https:\/\/tienda.laude.wine\/es\/wp-json\/wp\/v2\/product_brand?post=11441"},{"taxonomy":"product_cat","embeddable":true,"href":"https:\/\/tienda.laude.wine\/es\/wp-json\/wp\/v2\/product_cat?post=11441"},{"taxonomy":"product_tag","embeddable":true,"href":"https:\/\/tienda.laude.wine\/es\/wp-json\/wp\/v2\/product_tag?post=11441"}],"curies":[{"name":"wp","href":"https:\/\/api.w.org\/{rel}","templated":true}]}}