{"id":11431,"date":"2024-09-15T08:36:11","date_gmt":"2024-09-15T08:36:11","guid":{"rendered":"https:\/\/tienda.laude.wine\/product\/quinta-milu-clos-pepin-2021\/"},"modified":"2024-09-15T08:36:11","modified_gmt":"2024-09-15T08:36:11","slug":"quinta-milu-clos-pepin-2021","status":"publish","type":"product","link":"https:\/\/tienda.laude.wine\/es\/producto\/quinta-milu-clos-pepin-2021\/","title":{"rendered":"Quinta Mil\u00fa Clos Pepin 2021"},"content":{"rendered":"<p><strong>Vino: <\/strong>Clos Pepin<br \/>\n<strong>Variedades<\/strong>: Garnacha Tinta, Palomino, Portuguesa y Menc\u00eda<br \/>\n<strong>Alcohol:<\/strong> 13,5%<br \/>\n<strong>Bodega:<\/strong> Quinta de Mil\u00fa<br \/>\n<strong>Denominaci\u00f3n de Origen:<\/strong> <a href=\"\/?product_cat=rioja\"> <\/a>DO Bierzo<\/p>\n<p>&nbsp;<\/p>\n<p><strong>Elaboraci\u00f3n:<\/strong> 11 meses en total. 5 meses en huevos Flextank y \u00e1nforas y 6 meses m\u00e1s en barricas francesas de 500 l. de uno y dos vinos y una botticcella de roble franc\u00e9s de 1000 l.  <\/p>\n<p>&nbsp;<\/p>\n","protected":false},"excerpt":{"rendered":"<p><strong>Vino: <\/strong>Clos Pepin<br \/>\n<strong>Variedades<\/strong>: Garnacha Tinta, Palomino, Portuguesa y Menc\u00eda<br \/>\n<strong>Alcohol:<\/strong> 13,5%<br \/>\n<strong>Bodega:<\/strong> Quinta de Mil\u00fa<br \/>\n<strong>Denominaci\u00f3n de Origen:<\/strong> <a href=\"\/?product_cat=rioja\"> <\/a>DO Bierzo<\/p>\n","protected":false},"featured_media":11438,"comment_status":"open","ping_status":"closed","template":"","meta":[],"product_brand":[],"product_cat":[345,336],"product_tag":[],"class_list":{"0":"post-11431","1":"product","2":"type-product","3":"status-publish","4":"has-post-thumbnail","6":"product_cat-tintos","7":"product_cat-todos","9":"first","10":"instock","11":"taxable","12":"shipping-taxable","13":"purchasable","14":"product-type-simple"},"_links":{"self":[{"href":"https:\/\/tienda.laude.wine\/es\/wp-json\/wp\/v2\/product\/11431","targetHints":{"allow":["GET"]}}],"collection":[{"href":"https:\/\/tienda.laude.wine\/es\/wp-json\/wp\/v2\/product"}],"about":[{"href":"https:\/\/tienda.laude.wine\/es\/wp-json\/wp\/v2\/types\/product"}],"replies":[{"embeddable":true,"href":"https:\/\/tienda.laude.wine\/es\/wp-json\/wp\/v2\/comments?post=11431"}],"wp:featuredmedia":[{"embeddable":true,"href":"https:\/\/tienda.laude.wine\/es\/wp-json\/wp\/v2\/media\/11438"}],"wp:attachment":[{"href":"https:\/\/tienda.laude.wine\/es\/wp-json\/wp\/v2\/media?parent=11431"}],"wp:term":[{"taxonomy":"product_brand","embeddable":true,"href":"https:\/\/tienda.laude.wine\/es\/wp-json\/wp\/v2\/product_brand?post=11431"},{"taxonomy":"product_cat","embeddable":true,"href":"https:\/\/tienda.laude.wine\/es\/wp-json\/wp\/v2\/product_cat?post=11431"},{"taxonomy":"product_tag","embeddable":true,"href":"https:\/\/tienda.laude.wine\/es\/wp-json\/wp\/v2\/product_tag?post=11431"}],"curies":[{"name":"wp","href":"https:\/\/api.w.org\/{rel}","templated":true}]}}