{"id":11396,"date":"2024-09-15T08:36:12","date_gmt":"2024-09-15T08:36:12","guid":{"rendered":"https:\/\/tienda.laude.wine\/product\/champagne-drappier-drappier-millesime-exception\/"},"modified":"2025-11-17T07:57:24","modified_gmt":"2025-11-17T07:57:24","slug":"champagne-drappier-drappier-millesime-exception","status":"publish","type":"product","link":"https:\/\/tienda.laude.wine\/es\/producto\/champagne-drappier-drappier-millesime-exception\/","title":{"rendered":"Champagne Drappier Drappier Millesime Exception"},"content":{"rendered":"<p><strong>Vino: <\/strong>Drappier Millesime Exception<br \/>\n<strong>Variedades: <\/strong>65% Pinot Noir y 35% Chardonnay<br \/>\n<strong>Alcohol: <\/strong>13,5%<br \/>\n<strong>Bodega:<\/strong> Champagne Drappier<br \/>\n<strong>Denominaci\u00f3n de Origen:<\/strong> AOC Champagne<\/p>\n<p><strong>Elaboraci\u00f3n:<\/strong> S\u00f3lo se utiliza el jugo de la primera prensada. Prensas mec\u00e1nicas con d\u00e9bil presi\u00f3n. Utilizaci\u00f3n de la gravedad para evitar los trasiegos, lo que evita la oxidaci\u00f3n. Utilizaci\u00f3n m\u00ednima de sulfuroso. Desfangado natural. Fermentaci\u00f3n alcoh\u00f3lica con una duraci\u00f3n de alrededor de 2 semanas a baja temperatura. Posterior fermentaci\u00f3n malol\u00e1ctica natural y completa. No filtrado.<\/p>\n<p>&nbsp;<\/p>\n","protected":false},"excerpt":{"rendered":"<p><strong>Vino: <\/strong>Drappier Millesime Exception<br \/>\n<strong>Variedades: <\/strong>65% Pinot Noir y 35% Chardonnay<br \/>\n<strong>Alcohol: <\/strong>13,5%<br \/>\n<strong>Bodega:<\/strong> Champagne Drappier<br \/>\n<strong>Denominaci\u00f3n de Origen:<\/strong> AOC Champagne<\/p>\n","protected":false},"featured_media":11400,"comment_status":"open","ping_status":"closed","template":"","meta":[],"product_brand":[],"product_cat":[354,336],"product_tag":[519,516],"class_list":{"0":"post-11396","1":"product","2":"type-product","3":"status-publish","4":"has-post-thumbnail","6":"product_cat-espumosos","7":"product_cat-todos","8":"product_tag-chardonnay","9":"product_tag-pinot-noir","11":"first","12":"instock","13":"taxable","14":"shipping-taxable","15":"purchasable","16":"product-type-simple"},"_links":{"self":[{"href":"https:\/\/tienda.laude.wine\/es\/wp-json\/wp\/v2\/product\/11396","targetHints":{"allow":["GET"]}}],"collection":[{"href":"https:\/\/tienda.laude.wine\/es\/wp-json\/wp\/v2\/product"}],"about":[{"href":"https:\/\/tienda.laude.wine\/es\/wp-json\/wp\/v2\/types\/product"}],"replies":[{"embeddable":true,"href":"https:\/\/tienda.laude.wine\/es\/wp-json\/wp\/v2\/comments?post=11396"}],"wp:featuredmedia":[{"embeddable":true,"href":"https:\/\/tienda.laude.wine\/es\/wp-json\/wp\/v2\/media\/11400"}],"wp:attachment":[{"href":"https:\/\/tienda.laude.wine\/es\/wp-json\/wp\/v2\/media?parent=11396"}],"wp:term":[{"taxonomy":"product_brand","embeddable":true,"href":"https:\/\/tienda.laude.wine\/es\/wp-json\/wp\/v2\/product_brand?post=11396"},{"taxonomy":"product_cat","embeddable":true,"href":"https:\/\/tienda.laude.wine\/es\/wp-json\/wp\/v2\/product_cat?post=11396"},{"taxonomy":"product_tag","embeddable":true,"href":"https:\/\/tienda.laude.wine\/es\/wp-json\/wp\/v2\/product_tag?post=11396"}],"curies":[{"name":"wp","href":"https:\/\/api.w.org\/{rel}","templated":true}]}}