{"id":11391,"date":"2024-10-30T18:07:22","date_gmt":"2024-10-30T18:07:22","guid":{"rendered":"https:\/\/tienda.laude.wine\/product\/entre-2-2023\/"},"modified":"2025-11-14T09:44:59","modified_gmt":"2025-11-14T09:44:59","slug":"entre-2-2023","status":"publish","type":"product","link":"https:\/\/tienda.laude.wine\/es\/producto\/entre-2-2023\/","title":{"rendered":"Entre 2 2023"},"content":{"rendered":"<p><strong data-start=\"276\" data-end=\"283\">Vino: <\/strong>Entre 2<br \/>\n<strong data-start=\"328\" data-end=\"348\">Variedades: <\/strong>100 %<span class=\"\" data-state=\"closed\"><span class=\"ms-1 inline-flex max-w-full items-center relative top-[-0.094rem] animate-[show_150ms_ease-in]\" data-testid=\"webpage-citation-pill\"><br \/>\n<\/span><\/span><strong data-start=\"415\" data-end=\"427\">Alcohol: <\/strong>12,5 % vol<span class=\"\" data-state=\"closed\"><span class=\"ms-1 inline-flex max-w-full items-center relative top-[-0.094rem] animate-[show_150ms_ease-in]\" data-testid=\"webpage-citation-pill\"><br \/>\n<\/span><\/span><strong data-start=\"497\" data-end=\"520\">Bodega: <\/strong>Vidbertus<span class=\"\" data-state=\"closed\"><span class=\"ms-1 inline-flex max-w-full items-center relative top-[-0.094rem] animate-[show_150ms_ease-in]\" data-testid=\"webpage-citation-pill\"><br \/>\n<\/span><\/span><strong data-start=\"626\" data-end=\"651\">Denominaci\u00f3n de Origen: <\/strong>DO Conca de Barber\u00e0<\/p>\n<p>&nbsp;<\/p>\n<p><strong data-start=\"719\" data-end=\"741\">Elaboraci\u00f3n: <\/strong>Vino blanco monovarietal, fermentado en acero inoxidable. Descripci\u00f3n detallada indica fermentaci\u00f3n espont\u00e1nea en tina de acero a temperatura controlada y crianza sobre l\u00edas durante 6 meses sin agitaci\u00f3n.<\/p>\n<p>&nbsp;<\/p>\n<p>&nbsp;<\/p>\n","protected":false},"excerpt":{"rendered":"<p><strong data-start=\"276\" data-end=\"283\">Vino: <\/strong>Entre 2<br \/>\n<strong data-start=\"328\" data-end=\"348\">Variedades: <\/strong>100 % Oliveras<span class=\"\" data-state=\"closed\"><span class=\"ms-1 inline-flex max-w-full items-center relative top-[-0.094rem] animate-[show_150ms_ease-in]\" data-testid=\"webpage-citation-pill\"><br \/>\n<\/span><\/span><strong data-start=\"415\" data-end=\"427\">Alcohol: <\/strong>12,5 % vol<span class=\"\" data-state=\"closed\"><span class=\"ms-1 inline-flex max-w-full items-center relative top-[-0.094rem] animate-[show_150ms_ease-in]\" data-testid=\"webpage-citation-pill\"><br \/>\n<\/span><\/span><strong data-start=\"497\" data-end=\"520\">Bodega: <\/strong>Vidbertus<span class=\"\" data-state=\"closed\"><span class=\"ms-1 inline-flex max-w-full items-center relative top-[-0.094rem] animate-[show_150ms_ease-in]\" data-testid=\"webpage-citation-pill\"><br \/>\n<\/span><\/span><strong data-start=\"626\" data-end=\"651\">Denominaci\u00f3n de Origen:<\/strong>D.O. Conca de Barber\u00e0<\/p>\n","protected":false},"featured_media":11395,"comment_status":"closed","ping_status":"closed","template":"","meta":[],"product_brand":[],"product_cat":[344,336],"product_tag":[],"class_list":{"0":"post-11391","1":"product","2":"type-product","3":"status-publish","4":"has-post-thumbnail","6":"product_cat-blancos","7":"product_cat-todos","9":"first","10":"instock","11":"taxable","12":"shipping-taxable","13":"purchasable","14":"product-type-simple"},"_links":{"self":[{"href":"https:\/\/tienda.laude.wine\/es\/wp-json\/wp\/v2\/product\/11391","targetHints":{"allow":["GET"]}}],"collection":[{"href":"https:\/\/tienda.laude.wine\/es\/wp-json\/wp\/v2\/product"}],"about":[{"href":"https:\/\/tienda.laude.wine\/es\/wp-json\/wp\/v2\/types\/product"}],"replies":[{"embeddable":true,"href":"https:\/\/tienda.laude.wine\/es\/wp-json\/wp\/v2\/comments?post=11391"}],"wp:featuredmedia":[{"embeddable":true,"href":"https:\/\/tienda.laude.wine\/es\/wp-json\/wp\/v2\/media\/11395"}],"wp:attachment":[{"href":"https:\/\/tienda.laude.wine\/es\/wp-json\/wp\/v2\/media?parent=11391"}],"wp:term":[{"taxonomy":"product_brand","embeddable":true,"href":"https:\/\/tienda.laude.wine\/es\/wp-json\/wp\/v2\/product_brand?post=11391"},{"taxonomy":"product_cat","embeddable":true,"href":"https:\/\/tienda.laude.wine\/es\/wp-json\/wp\/v2\/product_cat?post=11391"},{"taxonomy":"product_tag","embeddable":true,"href":"https:\/\/tienda.laude.wine\/es\/wp-json\/wp\/v2\/product_tag?post=11391"}],"curies":[{"name":"wp","href":"https:\/\/api.w.org\/{rel}","templated":true}]}}