{"id":11379,"date":"2024-09-15T08:36:12","date_gmt":"2024-09-15T08:36:12","guid":{"rendered":"https:\/\/tienda.laude.wine\/product\/cunas-davia-blanco-2023\/"},"modified":"2025-11-14T12:06:52","modified_gmt":"2025-11-14T12:06:52","slug":"cunas-davia-blanco-2023","status":"publish","type":"product","link":"https:\/\/tienda.laude.wine\/es\/producto\/cunas-davia-blanco-2023\/","title":{"rendered":"Cu\u00f1as Davia Blanco 2023"},"content":{"rendered":"<p><strong>Vino: <\/strong>Cu\u00f1as Davia Blanco<br \/>\n<strong>Variedades:<\/strong> 80% Treixadura y 20% Albari\u00f1o<br \/>\n<strong>Alcohol:<\/strong> 13%<br \/>\n<strong>Bodega:<\/strong> Cu\u00f1as Davia<br \/>\n<strong>Denominaci\u00f3n de Origen:<\/strong> DO Ribeiro<\/p>\n<p><strong>Elaboraci\u00f3n: <\/strong>Fermentado y criado sobre sus l\u00edas en barricas de roble franc\u00e9s y h\u00fangaro de 300 litros durante al menos tres meses.<\/p>\n<p>&nbsp;<\/p>\n","protected":false},"excerpt":{"rendered":"<p><strong>Vino: <\/strong>Cu\u00f1as Davia Blanco<br \/>\n<strong>Variedades:<\/strong> 80% Treixadura y 20% Albari\u00f1o<br \/>\n<strong>Alcohol:<\/strong> 13%<br \/>\n<strong>Bodega:<\/strong> Cu\u00f1as Davia<br \/>\n<strong>Denominaci\u00f3n de Origen:<\/strong> DO Ribeiro<\/p>\n","protected":false},"featured_media":11382,"comment_status":"open","ping_status":"closed","template":"","meta":[],"product_brand":[],"product_cat":[344,336],"product_tag":[503,504],"class_list":{"0":"post-11379","1":"product","2":"type-product","3":"status-publish","4":"has-post-thumbnail","6":"product_cat-blancos","7":"product_cat-todos","8":"product_tag-albarino","9":"product_tag-treixadura","11":"first","12":"instock","13":"taxable","14":"shipping-taxable","15":"purchasable","16":"product-type-simple"},"_links":{"self":[{"href":"https:\/\/tienda.laude.wine\/es\/wp-json\/wp\/v2\/product\/11379","targetHints":{"allow":["GET"]}}],"collection":[{"href":"https:\/\/tienda.laude.wine\/es\/wp-json\/wp\/v2\/product"}],"about":[{"href":"https:\/\/tienda.laude.wine\/es\/wp-json\/wp\/v2\/types\/product"}],"replies":[{"embeddable":true,"href":"https:\/\/tienda.laude.wine\/es\/wp-json\/wp\/v2\/comments?post=11379"}],"wp:featuredmedia":[{"embeddable":true,"href":"https:\/\/tienda.laude.wine\/es\/wp-json\/wp\/v2\/media\/11382"}],"wp:attachment":[{"href":"https:\/\/tienda.laude.wine\/es\/wp-json\/wp\/v2\/media?parent=11379"}],"wp:term":[{"taxonomy":"product_brand","embeddable":true,"href":"https:\/\/tienda.laude.wine\/es\/wp-json\/wp\/v2\/product_brand?post=11379"},{"taxonomy":"product_cat","embeddable":true,"href":"https:\/\/tienda.laude.wine\/es\/wp-json\/wp\/v2\/product_cat?post=11379"},{"taxonomy":"product_tag","embeddable":true,"href":"https:\/\/tienda.laude.wine\/es\/wp-json\/wp\/v2\/product_tag?post=11379"}],"curies":[{"name":"wp","href":"https:\/\/api.w.org\/{rel}","templated":true}]}}