{"id":11373,"date":"2024-09-25T18:30:58","date_gmt":"2024-09-25T18:30:58","guid":{"rendered":"https:\/\/tienda.laude.wine\/product\/brut-nature-reserva-2023\/"},"modified":"2025-11-14T13:08:10","modified_gmt":"2025-11-14T13:08:10","slug":"brut-nature-reserva-2023","status":"publish","type":"product","link":"https:\/\/tienda.laude.wine\/es\/producto\/brut-nature-reserva-2023\/","title":{"rendered":"Brut Nature Reserva 2023"},"content":{"rendered":"<p><strong data-start=\"161\" data-end=\"168\">Vino:<\/strong> Roca Brut Nature Reserva<br data-start=\"193\" data-end=\"196\" \/><strong data-start=\"196\" data-end=\"210\">Variedades:<\/strong> Xarel\u00b7lo, Macabeu<br data-start=\"239\" data-end=\"242\" \/><strong data-start=\"242\" data-end=\"254\" data-is-only-node=\"\">Alcohol:<\/strong> 11,5% vol<br data-start=\"264\" data-end=\"267\" \/><strong data-start=\"267\" data-end=\"278\">Bodega:<\/strong> At Roca<br data-start=\"298\" data-end=\"301\" \/><strong data-start=\"301\" data-end=\"326\">Denominaci\u00f3n de Origen:<\/strong> Corpinnat<\/p>\n<p><br data-start=\"364\" data-end=\"367\" \/><strong data-start=\"367\" data-end=\"382\">Elaboraci\u00f3n:<\/strong> Segunda fermentaci\u00f3n en botella (m\u00e9todo tradicional). Crianza m\u00ednima de 24 meses en rima. Sin adici\u00f3n de licor de expedici\u00f3n (Brut Nature). <br data-start=\"520\" data-end=\"523\" \/><strong data-start=\"523\" data-end=\"534\">Servicio:<\/strong> S\u00edrvalo entre 6 y 8 \u00b0C.<br data-start=\"556\" data-end=\"559\" \/><strong data-start=\"559\" data-end=\"573\">Maridaje:<\/strong> Ideal con aperitivos, marisco, sushi, quesos suaves y platos ligeros.<\/p>\n","protected":false},"excerpt":{"rendered":"<p><strong data-start=\"161\" data-end=\"168\">Vino:<\/strong> Roca Brut Nature Reserva<br data-start=\"193\" data-end=\"196\" \/><strong data-start=\"196\" data-end=\"210\">Variedades:<\/strong> Xarel\u00b7lo, Macabeu<br data-start=\"239\" data-end=\"242\" \/><strong data-start=\"242\" data-end=\"254\" data-is-only-node=\"\">Alcohol:<\/strong> 11,5% vol<br data-start=\"264\" data-end=\"267\" \/><strong data-start=\"267\" data-end=\"278\">Bodega:<\/strong> At Roca<br data-start=\"298\" data-end=\"301\" \/><strong data-start=\"301\" data-end=\"326\">Denominaci\u00f3n de Origen:<\/strong> Corpinnat<\/p>\n","protected":false},"featured_media":11375,"comment_status":"closed","ping_status":"closed","template":"","meta":[],"product_brand":[],"product_cat":[354,336],"product_tag":[],"class_list":{"0":"post-11373","1":"product","2":"type-product","3":"status-publish","4":"has-post-thumbnail","6":"product_cat-espumosos","7":"product_cat-todos","9":"first","10":"instock","11":"taxable","12":"shipping-taxable","13":"purchasable","14":"product-type-simple"},"_links":{"self":[{"href":"https:\/\/tienda.laude.wine\/es\/wp-json\/wp\/v2\/product\/11373","targetHints":{"allow":["GET"]}}],"collection":[{"href":"https:\/\/tienda.laude.wine\/es\/wp-json\/wp\/v2\/product"}],"about":[{"href":"https:\/\/tienda.laude.wine\/es\/wp-json\/wp\/v2\/types\/product"}],"replies":[{"embeddable":true,"href":"https:\/\/tienda.laude.wine\/es\/wp-json\/wp\/v2\/comments?post=11373"}],"wp:featuredmedia":[{"embeddable":true,"href":"https:\/\/tienda.laude.wine\/es\/wp-json\/wp\/v2\/media\/11375"}],"wp:attachment":[{"href":"https:\/\/tienda.laude.wine\/es\/wp-json\/wp\/v2\/media?parent=11373"}],"wp:term":[{"taxonomy":"product_brand","embeddable":true,"href":"https:\/\/tienda.laude.wine\/es\/wp-json\/wp\/v2\/product_brand?post=11373"},{"taxonomy":"product_cat","embeddable":true,"href":"https:\/\/tienda.laude.wine\/es\/wp-json\/wp\/v2\/product_cat?post=11373"},{"taxonomy":"product_tag","embeddable":true,"href":"https:\/\/tienda.laude.wine\/es\/wp-json\/wp\/v2\/product_tag?post=11373"}],"curies":[{"name":"wp","href":"https:\/\/api.w.org\/{rel}","templated":true}]}}