{"id":11360,"date":"2024-09-15T08:36:12","date_gmt":"2024-09-15T08:36:12","guid":{"rendered":"https:\/\/tienda.laude.wine\/product\/casar-de-burbia-el-castanal\/"},"modified":"2025-11-17T12:57:25","modified_gmt":"2025-11-17T12:57:25","slug":"casar-de-burbia-el-castanal","status":"publish","type":"product","link":"https:\/\/tienda.laude.wine\/es\/producto\/casar-de-burbia-el-castanal\/","title":{"rendered":"Casar de Burbia El Casta\u00f1al"},"content":{"rendered":"<p><strong>Vino:<\/strong> El Casta\u00f1al<br \/>\n<strong>Variedades:<\/strong> 100 % Menc\u00eda<br \/>\n<strong>Alcohol:<\/strong> 14,5 % vol.<br \/>\n<strong>Bodega:<\/strong> Casar de Burbia<br \/>\n<strong>Denominaci\u00f3n de origen:<\/strong> DO Bierzo<\/p>\n<p>&nbsp;<\/p>\n<p><strong>Elaboraci\u00f3n:<\/strong> Vino tinto de producci\u00f3n artesanal procedente de vi\u00f1as viejas de Menc\u00eda. Fermentaci\u00f3n en tinas de madera con trabajo de l\u00edas y crianza de 14 meses en barricas de roble franc\u00e9s, buscando una aportaci\u00f3n fina y sutil de madera.<br \/>\n<strong>Servicio:<\/strong> S\u00edrvalo entre 16 y 18 \u00b0C.<br \/>\n<strong>Maridaje:<\/strong> Perfecto con carnes rojas, caza, guisados, quesos curados y embutidos ib\u00e9ricos.<\/p>\n","protected":false},"excerpt":{"rendered":"<p><strong>Vino:<\/strong> El Casta\u00f1al<br \/>\n<strong>Variedades:<\/strong> 100% Mencia<br \/>\n<strong>Alcohol:<\/strong> 14,5%<br \/>\n<strong>Bodega:<\/strong> Casar de Burbia<br \/>\n<strong>Denominaci\u00f3n de Origen:<\/strong> DO Bierzo<\/p>\n","protected":false},"featured_media":11370,"comment_status":"open","ping_status":"closed","template":"","meta":[],"product_brand":[],"product_cat":[345,336],"product_tag":[484],"class_list":{"0":"post-11360","1":"product","2":"type-product","3":"status-publish","4":"has-post-thumbnail","6":"product_cat-tintos","7":"product_cat-todos","8":"product_tag-mencia","10":"first","11":"instock","12":"taxable","13":"shipping-taxable","14":"purchasable","15":"product-type-simple"},"_links":{"self":[{"href":"https:\/\/tienda.laude.wine\/es\/wp-json\/wp\/v2\/product\/11360","targetHints":{"allow":["GET"]}}],"collection":[{"href":"https:\/\/tienda.laude.wine\/es\/wp-json\/wp\/v2\/product"}],"about":[{"href":"https:\/\/tienda.laude.wine\/es\/wp-json\/wp\/v2\/types\/product"}],"replies":[{"embeddable":true,"href":"https:\/\/tienda.laude.wine\/es\/wp-json\/wp\/v2\/comments?post=11360"}],"wp:featuredmedia":[{"embeddable":true,"href":"https:\/\/tienda.laude.wine\/es\/wp-json\/wp\/v2\/media\/11370"}],"wp:attachment":[{"href":"https:\/\/tienda.laude.wine\/es\/wp-json\/wp\/v2\/media?parent=11360"}],"wp:term":[{"taxonomy":"product_brand","embeddable":true,"href":"https:\/\/tienda.laude.wine\/es\/wp-json\/wp\/v2\/product_brand?post=11360"},{"taxonomy":"product_cat","embeddable":true,"href":"https:\/\/tienda.laude.wine\/es\/wp-json\/wp\/v2\/product_cat?post=11360"},{"taxonomy":"product_tag","embeddable":true,"href":"https:\/\/tienda.laude.wine\/es\/wp-json\/wp\/v2\/product_tag?post=11360"}],"curies":[{"name":"wp","href":"https:\/\/api.w.org\/{rel}","templated":true}]}}