{"id":11348,"date":"2024-09-24T16:23:12","date_gmt":"2024-09-24T16:23:12","guid":{"rendered":"https:\/\/tienda.laude.wine\/product\/romia\/"},"modified":"2025-11-17T10:20:19","modified_gmt":"2025-11-17T10:20:19","slug":"romia","status":"publish","type":"product","link":"https:\/\/tienda.laude.wine\/es\/producto\/romia\/","title":{"rendered":"R\u00f2mia"},"content":{"rendered":"<p><strong>Vino:<\/strong> R\u00f2mia<br \/>\n<strong>Variedades:<\/strong> Cari\u00f1ena, Garnacha Negra, Syrah<br \/>\n<strong>Alcohol:<\/strong> 14,0 % vol.<br \/>\n<strong>Bodega:<\/strong> R\u00f2mia<br \/>\n<strong>Denominaci\u00f3n de origen:<\/strong> DO Montsant<\/p>\n<p>&nbsp;<\/p>\n<p><strong>Elaboraci\u00f3n:<\/strong> Vino tinto elaborado con selecci\u00f3n de variedades aut\u00f3ctonas. Fermentaci\u00f3n en dep\u00f3sitos de acero inoxidable y crianza parcial en barricas de roble franc\u00e9s para aportar estructura y aromas complejos.<br \/>\n<strong>Servicio:<\/strong> S\u00edrvalo entre 16 y 18 \u00b0C.<br \/>\n<strong>Maridaje:<\/strong> Ideal con carnes rojas, guisados y quesos curados.<\/p>\n","protected":false},"excerpt":{"rendered":"<p><strong>Vino:<\/strong> R\u00f2mia<br \/>\n<strong>Variedades:<\/strong> Cari\u00f1ena, Garnacha Negra, Syrah<br \/>\n<strong>Alcohol:<\/strong> 14,0 % vol.<br \/>\n<strong>Bodega:<\/strong> R\u00f2mia<br \/>\n<strong>Denominaci\u00f3n de origen:<\/strong> DO Montsant<\/p>\n","protected":false},"featured_media":11354,"comment_status":"closed","ping_status":"closed","template":"","meta":[],"product_brand":[],"product_cat":[345,336],"product_tag":[],"class_list":{"0":"post-11348","1":"product","2":"type-product","3":"status-publish","4":"has-post-thumbnail","6":"product_cat-tintos","7":"product_cat-todos","9":"first","10":"instock","11":"taxable","12":"shipping-taxable","13":"purchasable","14":"product-type-simple"},"_links":{"self":[{"href":"https:\/\/tienda.laude.wine\/es\/wp-json\/wp\/v2\/product\/11348","targetHints":{"allow":["GET"]}}],"collection":[{"href":"https:\/\/tienda.laude.wine\/es\/wp-json\/wp\/v2\/product"}],"about":[{"href":"https:\/\/tienda.laude.wine\/es\/wp-json\/wp\/v2\/types\/product"}],"replies":[{"embeddable":true,"href":"https:\/\/tienda.laude.wine\/es\/wp-json\/wp\/v2\/comments?post=11348"}],"wp:featuredmedia":[{"embeddable":true,"href":"https:\/\/tienda.laude.wine\/es\/wp-json\/wp\/v2\/media\/11354"}],"wp:attachment":[{"href":"https:\/\/tienda.laude.wine\/es\/wp-json\/wp\/v2\/media?parent=11348"}],"wp:term":[{"taxonomy":"product_brand","embeddable":true,"href":"https:\/\/tienda.laude.wine\/es\/wp-json\/wp\/v2\/product_brand?post=11348"},{"taxonomy":"product_cat","embeddable":true,"href":"https:\/\/tienda.laude.wine\/es\/wp-json\/wp\/v2\/product_cat?post=11348"},{"taxonomy":"product_tag","embeddable":true,"href":"https:\/\/tienda.laude.wine\/es\/wp-json\/wp\/v2\/product_tag?post=11348"}],"curies":[{"name":"wp","href":"https:\/\/api.w.org\/{rel}","templated":true}]}}