{"id":11339,"date":"2024-10-23T17:42:42","date_gmt":"2024-10-23T17:42:42","guid":{"rendered":"https:\/\/tienda.laude.wine\/product\/solera-crema-tia-sabina\/"},"modified":"2024-10-23T17:42:42","modified_gmt":"2024-10-23T17:42:42","slug":"solera-crema-tia-sabina","status":"publish","type":"product","link":"https:\/\/tienda.laude.wine\/es\/producto\/solera-crema-tia-sabina\/","title":{"rendered":"Solera Crema T\u00eda Sabina"},"content":{"rendered":"<div class=\"et_pb_module et_pb_wc_description et_pb_wc_description_0_tb_body et_pb_bg_layout_light et_pb_text_align_left\">\n<div class=\"et_pb_module_inner\">\n<p><strong>Variedad: <\/strong>100% Pedro Xim\u00e9nez<strong><br \/>\nDenominaci\u00f3n de Origen: <\/strong>DO Montilla-Moriles<\/p>\n<p><strong>Maridaje:<\/strong> Para beber sol, al final de la comida, o para acompa\u00f1ar pat\u00e9s, quesos azules, pasteles ligeros, caf\u00e9 o frutos secos.<br \/>\n<strong>Temperatura de Servicio:<\/strong> 13-15 \u00baC.<br \/>\n<strong>Botella:<\/strong> 37,5cl.<br \/>\n<strong>Color:<\/strong> \u00c1guila brillante.<br \/>\n<strong>Nariz:<\/strong> Tiene un aroma potente, profundo y punzante. Notas de maderas finas, con recuerdos de frutos secos, caramelo y c\u00e1scara de naranja.<br \/>\n<strong>Boca:<\/strong> Elegante y sedoso, con un equilibrio perfecto entre la dulzura del Pedro Xim\u00e9nez y el car\u00e1cter a frutos secos del oloroso. Final ampl\u00edsimo y de gran persistencia.<br \/>\n<strong>Alcohol (% Vol.):<\/strong> 18<br \/>\n<strong>Az\u00facares (G\/L):<\/strong> dulce<\/p>\n<\/div>\n<\/div>\n","protected":false},"excerpt":{"rendered":"<p><strong>Variedad: <\/strong>100% Pedro Xim\u00e9nez<br \/>\n<strong>Denominaci\u00f3n de Origen: <\/strong>DO Montilla-Moriles<\/p>\n","protected":false},"featured_media":12443,"comment_status":"open","ping_status":"closed","template":"","meta":[],"product_brand":[],"product_cat":[351,336],"product_tag":[],"class_list":{"0":"post-11339","1":"product","2":"type-product","3":"status-publish","4":"has-post-thumbnail","6":"product_cat-dulces-y-generosos","7":"product_cat-todos","9":"first","10":"instock","11":"taxable","12":"shipping-taxable","13":"purchasable","14":"product-type-simple"},"_links":{"self":[{"href":"https:\/\/tienda.laude.wine\/es\/wp-json\/wp\/v2\/product\/11339","targetHints":{"allow":["GET"]}}],"collection":[{"href":"https:\/\/tienda.laude.wine\/es\/wp-json\/wp\/v2\/product"}],"about":[{"href":"https:\/\/tienda.laude.wine\/es\/wp-json\/wp\/v2\/types\/product"}],"replies":[{"embeddable":true,"href":"https:\/\/tienda.laude.wine\/es\/wp-json\/wp\/v2\/comments?post=11339"}],"wp:featuredmedia":[{"embeddable":true,"href":"https:\/\/tienda.laude.wine\/es\/wp-json\/wp\/v2\/media\/12443"}],"wp:attachment":[{"href":"https:\/\/tienda.laude.wine\/es\/wp-json\/wp\/v2\/media?parent=11339"}],"wp:term":[{"taxonomy":"product_brand","embeddable":true,"href":"https:\/\/tienda.laude.wine\/es\/wp-json\/wp\/v2\/product_brand?post=11339"},{"taxonomy":"product_cat","embeddable":true,"href":"https:\/\/tienda.laude.wine\/es\/wp-json\/wp\/v2\/product_cat?post=11339"},{"taxonomy":"product_tag","embeddable":true,"href":"https:\/\/tienda.laude.wine\/es\/wp-json\/wp\/v2\/product_tag?post=11339"}],"curies":[{"name":"wp","href":"https:\/\/api.w.org\/{rel}","templated":true}]}}