{"id":11315,"date":"2024-10-23T18:25:11","date_gmt":"2024-10-23T18:25:11","guid":{"rendered":"https:\/\/tienda.laude.wine\/product\/els-encantats\/"},"modified":"2025-11-14T08:35:23","modified_gmt":"2025-11-14T08:35:23","slug":"els-encantats","status":"publish","type":"product","link":"https:\/\/tienda.laude.wine\/es\/producto\/els-encantats\/","title":{"rendered":"Els Encantats"},"content":{"rendered":"<p class=\"p1\"><span class=\"s1\"><b>Vino: <\/b>Los Encantos<br \/>\n<b>Variedades: <\/b>100% Malvas\u00eda de Manresa<br \/>\n<b>Alcohol: <\/b>11\u00baC.<br \/>\n<b>Bodega: <\/b>Oller del Mas<br \/>\n<b>Denominaci\u00f3n de Origen: <\/b>Pla del Bag\u00e9s<\/span><\/p>\n<p>&nbsp;<\/p>\n<p class=\"p1\"><span class=\"s1\"><b>Producci\u00f3n: <\/b>Vendimia manual. Maceraci\u00f3n con pieles durante 20 d\u00edas. Maceraci\u00f3n carb\u00f3nica del 20% de la vendimia. Fermentaci\u00f3n espont\u00e1nea en fr\u00edo durante 30 d\u00edas.<br \/>\n<b><\/b><\/span><strong>Producci\u00f3n:<\/strong> 1.191 botellas.<br \/>\n<strong>Envejecimiento:<\/strong> Envejecido en \u00e1nforas de cer\u00e1mica durante 6 meses. Posteriormente, envejecido un m\u00ednimo de 15 meses en la botella.<br \/>\n<strong>Embotellado:<\/strong> 20 de abril de 2022 con la luna gibela menguante.<br \/>\n<strong>Nota del viticultor:<\/strong> No ha sido una a\u00f1ada f\u00e1cil para tomar decisiones. Las olas de calor extremas del verano hicieron que la uva madurara r\u00e1pidamente. Las pieles est\u00e1n a punto, la acidez es remarcable, as\u00ed que lo podemos guardar durante mucho tiempo. La fermentaci\u00f3n ha sido muy larga. Me encanta en la nariz y en el paladar, ser\u00e1 algo fant\u00e1stico, ya lo veremos.<br \/>\n<strong>Datos del vino:<\/strong><br \/>\nParcelas: Encinar Alto<br \/>\nSoca: Ritcher-110<br \/>\nEdad de las vi\u00f1as: 10 a\u00f1os de media<br \/>\nPlantaci\u00f3n: 1,5 m x 2,6 m<br \/>\nTipo de suelo: Textura franca (19% de arcilla, 37% de limo, 44% de arena) con un buen contenido de materia org\u00e1nica.<br \/>\nSistema de poda: Royat doble<br \/>\nUbicaci\u00f3n: Manresa<br \/>\nAltitud: 233 metros<br \/>\nOrientaci\u00f3n: Norte-sur<br \/>\nTratamientos: Producci\u00f3n ecol\u00f3gica, 4\u00ba a\u00f1o de viticultura regenerativa. Plantaci\u00f3n de leguminosas (tr\u00e9boles, gram\u00edneas y guisantes), cruc\u00edferas (mostaza blanca) y pom\u00e1ceas (d\u00e1tiles y cebada) en hileras alternas. Compuesto de fermentaci\u00f3n baja, con una baja relaci\u00f3n C\/N. Queremos proporcionar materia org\u00e1nica y nitr\u00f3geno en una forma que la planta pueda absorber f\u00e1cilmente.<br \/>\nProducci\u00f3n media: 3.900 kg\/ha<br \/>\nDatos anal\u00edticos<br \/>\nGrado alcoh\u00f3lico: 9% vol.<br \/>\nAcidez total: 7,8 g\/l<br \/>\nAcidez vol\u00e1til: 0,27 g\/l<br \/>\npH: 3,03<\/p>\n","protected":false},"excerpt":{"rendered":"<p><span class=\"s1\"><b>Vino: <\/b>Los Encantos<br \/>\n<b>Variedades: <\/b>100% Malvas\u00eda de Manresa<br \/>\n<b>Alcohol: <\/b>11\u00baC.<br \/>\n<b>Bodega: <\/b>Oller del Mas<br \/>\n<b>Denominaci\u00f3n de Origen: <\/b>Pla del Bag\u00e9s<\/span><\/p>\n","protected":false},"featured_media":11322,"comment_status":"open","ping_status":"closed","template":"","meta":[],"product_brand":[],"product_cat":[344,336],"product_tag":[],"class_list":{"0":"post-11315","1":"product","2":"type-product","3":"status-publish","4":"has-post-thumbnail","6":"product_cat-blancos","7":"product_cat-todos","9":"first","10":"instock","11":"taxable","12":"shipping-taxable","13":"purchasable","14":"product-type-simple"},"_links":{"self":[{"href":"https:\/\/tienda.laude.wine\/es\/wp-json\/wp\/v2\/product\/11315","targetHints":{"allow":["GET"]}}],"collection":[{"href":"https:\/\/tienda.laude.wine\/es\/wp-json\/wp\/v2\/product"}],"about":[{"href":"https:\/\/tienda.laude.wine\/es\/wp-json\/wp\/v2\/types\/product"}],"replies":[{"embeddable":true,"href":"https:\/\/tienda.laude.wine\/es\/wp-json\/wp\/v2\/comments?post=11315"}],"wp:featuredmedia":[{"embeddable":true,"href":"https:\/\/tienda.laude.wine\/es\/wp-json\/wp\/v2\/media\/11322"}],"wp:attachment":[{"href":"https:\/\/tienda.laude.wine\/es\/wp-json\/wp\/v2\/media?parent=11315"}],"wp:term":[{"taxonomy":"product_brand","embeddable":true,"href":"https:\/\/tienda.laude.wine\/es\/wp-json\/wp\/v2\/product_brand?post=11315"},{"taxonomy":"product_cat","embeddable":true,"href":"https:\/\/tienda.laude.wine\/es\/wp-json\/wp\/v2\/product_cat?post=11315"},{"taxonomy":"product_tag","embeddable":true,"href":"https:\/\/tienda.laude.wine\/es\/wp-json\/wp\/v2\/product_tag?post=11315"}],"curies":[{"name":"wp","href":"https:\/\/api.w.org\/{rel}","templated":true}]}}