{"id":11302,"date":"2024-10-30T17:54:00","date_gmt":"2024-10-30T17:54:00","guid":{"rendered":"https:\/\/tienda.laude.wine\/product\/elixir\/"},"modified":"2025-11-17T09:50:24","modified_gmt":"2025-11-17T09:50:24","slug":"elixir","status":"publish","type":"product","link":"https:\/\/tienda.laude.wine\/es\/producto\/elixir\/","title":{"rendered":"Elixir"},"content":{"rendered":"<p><strong data-start=\"289\" data-end=\"295\">Vino: <\/strong>Elixir<br \/>\n<strong data-start=\"334\" data-end=\"347\">Variedades: <\/strong>100 % Trepat<span class=\"\" data-state=\"closed\"><span class=\"ms-1 inline-flex max-w-full items-center relative top-[-0.094rem] animate-[show_150ms_ease-in]\" data-testid=\"webpage-citation-pill\"><br \/>\n<\/span><\/span><strong data-start=\"448\" data-end=\"459\">Alcohol: <\/strong>13,5 % vol<span class=\"\" data-state=\"closed\"><span class=\"ms-1 inline-flex max-w-full items-center relative top-[-0.094rem] animate-[show_150ms_ease-in]\" data-testid=\"webpage-citation-pill\"><br \/>\n<\/span><\/span><strong data-start=\"541\" data-end=\"551\">Bodega: <\/strong> Vidbertus <span class=\"\" data-state=\"closed\"><span class=\"ms-1 inline-flex max-w-full items-center relative top-[-0.094rem] animate-[show_150ms_ease-in]\" data-testid=\"webpage-citation-pill\"><br \/>\n<\/span><\/span><strong data-start=\"644\" data-end=\"668\">Denominaci\u00f3n de Origen: <\/strong>D.O. Conca de Barber\u00e0<\/p>\n<div><\/div>\n<div><strong data-start=\"756\" data-end=\"780\">Elaboraci\u00f3n:<\/strong> de uva Trepat, variedad aut\u00f3ctona de La Conca de Barber\u00e0. Las uvas proceden de una vi\u00f1a vieja, de 60 a\u00f1os y fermentaci\u00f3n en barricas de 2.500L donde reposa durante 4-6 meses. Es equilibrado, floral, muy bals\u00e1mico, untuoso&#8230; \u00a1Muy recomendable!<\/div>\n<div><strong data-start=\"1526\" data-end=\"1539\">Maridaje<\/strong>: Ideal para disfrutarlo en asados, guisados, carnes a la brasa, arroces de verduras, arroces de carne, platos de mar y monta\u00f1a o pastas con salsa bolo\u00f1esa<\/div>\n","protected":false},"excerpt":{"rendered":"<p><strong data-start=\"289\" data-end=\"295\">Vino: <\/strong>Elixir<br \/>\n<strong data-start=\"334\" data-end=\"347\">Variedades: <\/strong>100 % Taladrado<span class=\"\" data-state=\"closed\"><span class=\"ms-1 inline-flex max-w-full items-center relative top-[-0.094rem] animate-[show_150ms_ease-in]\" data-testid=\"webpage-citation-pill\"><br \/>\n<\/span><\/span><strong data-start=\"448\" data-end=\"459\">Alcohol: <\/strong>13,5 % vol<span class=\"\" data-state=\"closed\"><span class=\"ms-1 inline-flex max-w-full items-center relative top-[-0.094rem] animate-[show_150ms_ease-in]\" data-testid=\"webpage-citation-pill\"><br \/>\n<\/span><\/span><strong data-start=\"541\" data-end=\"551\">Celler: <\/strong> Vidbertus <span class=\"\" data-state=\"closed\"><span class=\"ms-1 inline-flex max-w-full items-center relative top-[-0.094rem] animate-[show_150ms_ease-in]\" data-testid=\"webpage-citation-pill\"><br \/>\n<\/span><\/span><strong data-start=\"644\" data-end=\"668\">Denominaci\u00f3n de Origen: <\/strong>D.O. Conca de Barber\u00e0<\/p>\n","protected":false},"featured_media":11306,"comment_status":"closed","ping_status":"closed","template":"","meta":[],"product_brand":[],"product_cat":[345,336],"product_tag":[],"class_list":{"0":"post-11302","1":"product","2":"type-product","3":"status-publish","4":"has-post-thumbnail","6":"product_cat-tintos","7":"product_cat-todos","9":"first","10":"instock","11":"taxable","12":"shipping-taxable","13":"purchasable","14":"product-type-simple"},"_links":{"self":[{"href":"https:\/\/tienda.laude.wine\/es\/wp-json\/wp\/v2\/product\/11302","targetHints":{"allow":["GET"]}}],"collection":[{"href":"https:\/\/tienda.laude.wine\/es\/wp-json\/wp\/v2\/product"}],"about":[{"href":"https:\/\/tienda.laude.wine\/es\/wp-json\/wp\/v2\/types\/product"}],"replies":[{"embeddable":true,"href":"https:\/\/tienda.laude.wine\/es\/wp-json\/wp\/v2\/comments?post=11302"}],"wp:featuredmedia":[{"embeddable":true,"href":"https:\/\/tienda.laude.wine\/es\/wp-json\/wp\/v2\/media\/11306"}],"wp:attachment":[{"href":"https:\/\/tienda.laude.wine\/es\/wp-json\/wp\/v2\/media?parent=11302"}],"wp:term":[{"taxonomy":"product_brand","embeddable":true,"href":"https:\/\/tienda.laude.wine\/es\/wp-json\/wp\/v2\/product_brand?post=11302"},{"taxonomy":"product_cat","embeddable":true,"href":"https:\/\/tienda.laude.wine\/es\/wp-json\/wp\/v2\/product_cat?post=11302"},{"taxonomy":"product_tag","embeddable":true,"href":"https:\/\/tienda.laude.wine\/es\/wp-json\/wp\/v2\/product_tag?post=11302"}],"curies":[{"name":"wp","href":"https:\/\/api.w.org\/{rel}","templated":true}]}}