{"id":11275,"date":"2024-11-01T10:50:32","date_gmt":"2024-11-01T10:50:32","guid":{"rendered":"https:\/\/tienda.laude.wine\/product\/el-noguer-baix-2021\/"},"modified":"2025-11-14T13:11:47","modified_gmt":"2025-11-14T13:11:47","slug":"el-noguer-baix-2021","status":"publish","type":"product","link":"https:\/\/tienda.laude.wine\/es\/producto\/el-noguer-baix-2021\/","title":{"rendered":"El Noguer Baix 2021"},"content":{"rendered":"<p><strong>Vino: <\/strong>El Noguer Baix<br \/>\n<strong>Variedades:<\/strong> 100 % Macabeo<br \/>\n<strong>Alcohol:<\/strong> 11,5%<br \/>\n<strong>Bodega:<\/strong> Anima Mundi<br \/>\n<strong>Denominaci\u00f3n de Origen:<\/strong> Corpinnat<\/p>\n<p data-start=\"140\" data-end=\"649\"><br data-start=\"629\" data-end=\"632\" \/><strong data-start=\"632\" data-end=\"647\">Elaboraci\u00f3n: <\/strong>M\u00e9todo ancestral: prensado directo (sin pelar), fermentaci\u00f3n espont\u00e1nea con levaduras aut\u00f3ctonas en \u00e1nforas o barricas viejas de 500 L; Embotellado antes de acabar la fermentaci\u00f3n para completarse en la botella. Producci\u00f3n ecol\u00f3gica\/biodin\u00e1mica, m\u00ednima intervenci\u00f3n, sin adici\u00f3n de sulfitos, sin filtrar ni clarificar.<br \/>\n<strong data-start=\"1050\" data-end=\"1061\">Servicio:<\/strong> S\u00edrvalo entre 6 y 8 \u00b0C.<br \/>\n<strong data-start=\"1115\" data-end=\"1129\">Maridaje: <\/strong>Maridaje sugerido: marisco (parrilla, crudo o en salsa), escabeche, pescado blanco a la parrilla, sushi, aperitivos, arroces de pescado, carnes blancas con salsa, cocina oriental, ensaladas suaves, etc.<\/p>\n","protected":false},"excerpt":{"rendered":"<p><strong>Vino: <\/strong>El Noguer Baix<br \/>\n<strong>Variedades:<\/strong> 100 % Macabeo<br \/>\n<strong>Alcohol:<\/strong> 11,5%<br \/>\n<strong>Bodega:<\/strong> Anima Mundi<br \/>\n<strong>Denominaci\u00f3n de Origen:<\/strong> Corpinnat<\/p>\n","protected":false},"featured_media":11277,"comment_status":"closed","ping_status":"closed","template":"","meta":[],"product_brand":[],"product_cat":[354,336],"product_tag":[],"class_list":{"0":"post-11275","1":"product","2":"type-product","3":"status-publish","4":"has-post-thumbnail","6":"product_cat-espumosos","7":"product_cat-todos","9":"first","10":"instock","11":"taxable","12":"shipping-taxable","13":"purchasable","14":"product-type-simple"},"_links":{"self":[{"href":"https:\/\/tienda.laude.wine\/es\/wp-json\/wp\/v2\/product\/11275","targetHints":{"allow":["GET"]}}],"collection":[{"href":"https:\/\/tienda.laude.wine\/es\/wp-json\/wp\/v2\/product"}],"about":[{"href":"https:\/\/tienda.laude.wine\/es\/wp-json\/wp\/v2\/types\/product"}],"replies":[{"embeddable":true,"href":"https:\/\/tienda.laude.wine\/es\/wp-json\/wp\/v2\/comments?post=11275"}],"wp:featuredmedia":[{"embeddable":true,"href":"https:\/\/tienda.laude.wine\/es\/wp-json\/wp\/v2\/media\/11277"}],"wp:attachment":[{"href":"https:\/\/tienda.laude.wine\/es\/wp-json\/wp\/v2\/media?parent=11275"}],"wp:term":[{"taxonomy":"product_brand","embeddable":true,"href":"https:\/\/tienda.laude.wine\/es\/wp-json\/wp\/v2\/product_brand?post=11275"},{"taxonomy":"product_cat","embeddable":true,"href":"https:\/\/tienda.laude.wine\/es\/wp-json\/wp\/v2\/product_cat?post=11275"},{"taxonomy":"product_tag","embeddable":true,"href":"https:\/\/tienda.laude.wine\/es\/wp-json\/wp\/v2\/product_tag?post=11275"}],"curies":[{"name":"wp","href":"https:\/\/api.w.org\/{rel}","templated":true}]}}