{"id":11260,"date":"2024-11-01T11:20:39","date_gmt":"2024-11-01T11:20:39","guid":{"rendered":"https:\/\/tienda.laude.wine\/product\/remirez-de-ganuza-gran-reserva-2016\/"},"modified":"2025-11-17T10:22:33","modified_gmt":"2025-11-17T10:22:33","slug":"remirez-de-ganuza-gran-reserva-2016","status":"publish","type":"product","link":"https:\/\/tienda.laude.wine\/es\/producto\/remirez-de-ganuza-gran-reserva-2016\/","title":{"rendered":"Remirez de Ganuza Gran Reserva 2016"},"content":{"rendered":"<p><strong>Vino: <\/strong>Gran Reserva 2016<br \/>\n<strong>Variedades: <\/strong>90 % Tempranillo, 5 % Graciano, 5 % Viura y Malvas\u00eda<br \/>\n<strong>Alcohol: <\/strong>14 % vol<br \/>\n<strong>Bodega: <\/strong>Remirez de Ganuza<br \/>\n<strong>Denominaci\u00f3n de Origen: <\/strong>DOCa Rioja<\/p>\n<p><strong data-start=\"2915\" data-end=\"2929\">Elaboraci\u00f3n: <\/strong>Selecci\u00f3n estricta de pinchos, fermentaci\u00f3n en madera grande (3 semanas), crianza 53 meses en botas nuevas de roble franc\u00e9s y americano.<br \/>\n<strong data-start=\"3071\" data-end=\"3079\">Cata: <\/strong>Rojo picota, nariz compleja, boca redonda y mineral, final largo.<br \/>\n<strong data-start=\"3169\" data-end=\"3179\">Servicio: <\/strong>S\u00edrvalo entre 14 y 18 \u00b0C (aproximado).<br \/>\n<strong data-start=\"3269\" data-end=\"3282\">Maridaje: <\/strong>Carnes (chulet\u00f3n, cordero, cochinillo), guisados, embutidos, quesos curados.<\/p>\n<p>&nbsp;<\/p>\n","protected":false},"excerpt":{"rendered":"<p><strong>Vino: <\/strong>Gran Reserva 2016<br \/>\n<strong>Variedades: <\/strong>90 % Tempranillo, 5 % Graciano, 5 % Viura y Malvas\u00eda<br \/>\n<strong>Alcohol: <\/strong>14 % quiere<br \/>\n<strong>Bodega: <\/strong>Remirez de Ganuza<br \/>\n<strong>Denominaci\u00f3n de Origen: <\/strong>DOCa Rioja<\/p>\n","protected":false},"featured_media":11262,"comment_status":"closed","ping_status":"closed","template":"","meta":[],"product_brand":[],"product_cat":[345,336],"product_tag":[],"class_list":{"0":"post-11260","1":"product","2":"type-product","3":"status-publish","4":"has-post-thumbnail","6":"product_cat-tintos","7":"product_cat-todos","9":"first","10":"instock","11":"taxable","12":"shipping-taxable","13":"purchasable","14":"product-type-simple"},"_links":{"self":[{"href":"https:\/\/tienda.laude.wine\/es\/wp-json\/wp\/v2\/product\/11260","targetHints":{"allow":["GET"]}}],"collection":[{"href":"https:\/\/tienda.laude.wine\/es\/wp-json\/wp\/v2\/product"}],"about":[{"href":"https:\/\/tienda.laude.wine\/es\/wp-json\/wp\/v2\/types\/product"}],"replies":[{"embeddable":true,"href":"https:\/\/tienda.laude.wine\/es\/wp-json\/wp\/v2\/comments?post=11260"}],"wp:featuredmedia":[{"embeddable":true,"href":"https:\/\/tienda.laude.wine\/es\/wp-json\/wp\/v2\/media\/11262"}],"wp:attachment":[{"href":"https:\/\/tienda.laude.wine\/es\/wp-json\/wp\/v2\/media?parent=11260"}],"wp:term":[{"taxonomy":"product_brand","embeddable":true,"href":"https:\/\/tienda.laude.wine\/es\/wp-json\/wp\/v2\/product_brand?post=11260"},{"taxonomy":"product_cat","embeddable":true,"href":"https:\/\/tienda.laude.wine\/es\/wp-json\/wp\/v2\/product_cat?post=11260"},{"taxonomy":"product_tag","embeddable":true,"href":"https:\/\/tienda.laude.wine\/es\/wp-json\/wp\/v2\/product_tag?post=11260"}],"curies":[{"name":"wp","href":"https:\/\/api.w.org\/{rel}","templated":true}]}}