{"id":11230,"date":"2025-08-07T07:53:41","date_gmt":"2025-08-07T07:53:41","guid":{"rendered":"https:\/\/tienda.laude.wine\/product\/ratos-de-mishima-el-olor-de-la-noche-2024\/"},"modified":"2025-11-17T11:29:00","modified_gmt":"2025-11-17T11:29:00","slug":"lolor-de-la-nit-2024","status":"publish","type":"product","link":"https:\/\/tienda.laude.wine\/es\/producto\/lolor-de-la-nit-2024\/","title":{"rendered":"L&#8217;Olor de la Nit 2024"},"content":{"rendered":"<p><strong>Vino: <\/strong>L&#8217;Olor de la Nit<br \/>\n<strong>Variedades:<\/strong> 100% cari\u00f1o<br \/>\n<strong>Alcohol:<\/strong> 14,5%<br \/>\n<strong>Bodega: <\/strong>Estones Vins<br \/>\n<strong>Denominaci\u00f3n de Origen: <\/strong>DO Montsant<\/p>\n<p>&nbsp;<\/p>\n<p><strong>Maridaje: <\/strong>Bas\u00e1ndonos en su frescura, es ideal para maridar pat\u00e9s, quesos cremosos de leche cruda, pescados grasos y carnes guisadas (ternera, conejo, pollo&#8230;). La aportaci\u00f3n fresca del olor, equilibrar\u00e1 las especias, los l\u00e1cteos y las salsas de los platos.<\/p>\n","protected":false},"excerpt":{"rendered":"<p><strong>Vino: <\/strong>L \u0301Olor De La Nit<br \/>\n<strong>Variedades:<\/strong> 100% cari\u00f1ena<br \/>\n<strong>Alcohol:<\/strong> 14,5%<br \/>\n<strong>Celler: <\/strong>Estones Vins<br \/>\n<strong>Denominaci\u00f3n de Origen: <\/strong>DO Montsant<\/p>\n","protected":false},"featured_media":11232,"comment_status":"closed","ping_status":"closed","template":"","meta":[],"product_brand":[],"product_cat":[345,336],"product_tag":[365,366,364,367],"class_list":{"0":"post-11230","1":"product","2":"type-product","3":"status-publish","4":"has-post-thumbnail","6":"product_cat-tintos","7":"product_cat-todos","8":"product_tag-carinena","9":"product_tag-garnacha-negra","10":"product_tag-macabeo","11":"product_tag-tempranillo","13":"first","14":"instock","15":"taxable","16":"shipping-taxable","17":"purchasable","18":"product-type-simple"},"_links":{"self":[{"href":"https:\/\/tienda.laude.wine\/es\/wp-json\/wp\/v2\/product\/11230","targetHints":{"allow":["GET"]}}],"collection":[{"href":"https:\/\/tienda.laude.wine\/es\/wp-json\/wp\/v2\/product"}],"about":[{"href":"https:\/\/tienda.laude.wine\/es\/wp-json\/wp\/v2\/types\/product"}],"replies":[{"embeddable":true,"href":"https:\/\/tienda.laude.wine\/es\/wp-json\/wp\/v2\/comments?post=11230"}],"wp:featuredmedia":[{"embeddable":true,"href":"https:\/\/tienda.laude.wine\/es\/wp-json\/wp\/v2\/media\/11232"}],"wp:attachment":[{"href":"https:\/\/tienda.laude.wine\/es\/wp-json\/wp\/v2\/media?parent=11230"}],"wp:term":[{"taxonomy":"product_brand","embeddable":true,"href":"https:\/\/tienda.laude.wine\/es\/wp-json\/wp\/v2\/product_brand?post=11230"},{"taxonomy":"product_cat","embeddable":true,"href":"https:\/\/tienda.laude.wine\/es\/wp-json\/wp\/v2\/product_cat?post=11230"},{"taxonomy":"product_tag","embeddable":true,"href":"https:\/\/tienda.laude.wine\/es\/wp-json\/wp\/v2\/product_tag?post=11230"}],"curies":[{"name":"wp","href":"https:\/\/api.w.org\/{rel}","templated":true}]}}