{"id":11220,"date":"2025-08-04T10:16:21","date_gmt":"2025-08-04T10:16:21","guid":{"rendered":"https:\/\/tienda.laude.wine\/product\/rosado-reserva-2023\/"},"modified":"2025-11-14T13:06:16","modified_gmt":"2025-11-14T13:06:16","slug":"rosado-reserva-2023","status":"publish","type":"product","link":"https:\/\/tienda.laude.wine\/es\/producto\/rosado-reserva-2023\/","title":{"rendered":"Rosado Reserva 2023"},"content":{"rendered":"<p><strong>Vino: <\/strong>Rosado Reserva<br \/>\n<strong>Variedades: <\/strong>Garnacha Negra<br \/>\n<strong>Alcohol: <\/strong>12 % vol<br \/>\n<strong>Bodega: <\/strong>At Roca<br \/>\n<strong>Denominaci\u00f3n de Origen: <\/strong>Corpinnat<br \/>\n<strong><br \/>\nElaboraci\u00f3n: <\/strong> M\u00e9todo tradicional de doble fermentaci\u00f3n (espumoso Brut Nature Reserva), fermentaciones en acero inoxidable, m\u00ednima crianza de <strong data-start=\"857\" data-end=\"872\">15\u201320 meses<\/strong> en botella. Levaduras propias, deg\u00fcelle sin congelaci\u00f3n, agricultura ecol\u00f3gica sobre suelos calc\u00e1reos y grava, viticultura regenerativa.<br \/>\n<strong>Servicio: <\/strong>Entre 6 y 8 \u00b0C en copa tipo tulipa o de vino blanco.<br \/>\n<strong>Maridaje: <\/strong> Ideal para aperitivos, entrantes, escabeches, pescados, marisco, ceviches, torrijas o dulces no muy dulces, arroz, cocina oriental y postres de frutas rojas.<\/p>\n<p>&nbsp;<\/p>\n","protected":false},"excerpt":{"rendered":"<p><strong>Vino: <\/strong>Rosado Reserva<br \/>\n<strong>Variedades: <\/strong>Garnacha Negra<br \/>\n<strong>Alcohol: <\/strong>12 % vol<br \/>\n<strong>Bodega: <\/strong>At Roca<br \/>\n<strong>Denominaci\u00f3n de Origen: <\/strong>Corpinnat<\/p>\n","protected":false},"featured_media":11223,"comment_status":"closed","ping_status":"closed","template":"","meta":[],"product_brand":[],"product_cat":[354,336],"product_tag":[],"class_list":{"0":"post-11220","1":"product","2":"type-product","3":"status-publish","4":"has-post-thumbnail","6":"product_cat-espumosos","7":"product_cat-todos","9":"first","10":"instock","11":"taxable","12":"shipping-taxable","13":"purchasable","14":"product-type-simple"},"_links":{"self":[{"href":"https:\/\/tienda.laude.wine\/es\/wp-json\/wp\/v2\/product\/11220","targetHints":{"allow":["GET"]}}],"collection":[{"href":"https:\/\/tienda.laude.wine\/es\/wp-json\/wp\/v2\/product"}],"about":[{"href":"https:\/\/tienda.laude.wine\/es\/wp-json\/wp\/v2\/types\/product"}],"replies":[{"embeddable":true,"href":"https:\/\/tienda.laude.wine\/es\/wp-json\/wp\/v2\/comments?post=11220"}],"wp:featuredmedia":[{"embeddable":true,"href":"https:\/\/tienda.laude.wine\/es\/wp-json\/wp\/v2\/media\/11223"}],"wp:attachment":[{"href":"https:\/\/tienda.laude.wine\/es\/wp-json\/wp\/v2\/media?parent=11220"}],"wp:term":[{"taxonomy":"product_brand","embeddable":true,"href":"https:\/\/tienda.laude.wine\/es\/wp-json\/wp\/v2\/product_brand?post=11220"},{"taxonomy":"product_cat","embeddable":true,"href":"https:\/\/tienda.laude.wine\/es\/wp-json\/wp\/v2\/product_cat?post=11220"},{"taxonomy":"product_tag","embeddable":true,"href":"https:\/\/tienda.laude.wine\/es\/wp-json\/wp\/v2\/product_tag?post=11220"}],"curies":[{"name":"wp","href":"https:\/\/api.w.org\/{rel}","templated":true}]}}