{"id":11176,"date":"2025-08-07T07:59:17","date_gmt":"2025-08-07T07:59:17","guid":{"rendered":"https:\/\/tienda.laude.wine\/product\/guspira-2022\/"},"modified":"2025-11-14T13:21:26","modified_gmt":"2025-11-14T13:21:26","slug":"guspira-2022","status":"publish","type":"product","link":"https:\/\/tienda.laude.wine\/es\/producto\/guspira-2022\/","title":{"rendered":"Guspira 2022"},"content":{"rendered":"<p><strong>Vino: <\/strong>Guspira<br \/>\n<strong>Variedades: <\/strong>60% Xarelo, 20% Macabeo, 20%<br \/>\n<strong>Alcohol: <\/strong>11,5%<br \/>\n<strong>Bodega: <\/strong>Estones Vins<br \/>\n<strong>Denominaci\u00f3n de Origen: <\/strong>DO Cava<\/p>\n<p><strong>Elaboraci\u00f3n: <\/strong><span data-sheets-root=\"1\">Xarel\u00b7lo, Macabeu y Graell.<br \/>\n<\/span><strong>Maridaje: <\/strong>Es un vino vers\u00e1til, con muchas posibilidades gastron\u00f3micas. Al tratarse de un Cava Reserva, conseguiremos armon\u00edas por anidad y contraste en funci\u00f3n del plato y su cocci\u00f3n, siendo especialmente recomendable por arroces de todo tipo, pescados grasos, y carnes al horno (cordero, cabrito, p\u00e1jaro).<\/p>\n","protected":false},"excerpt":{"rendered":"<p><strong>Vino: <\/strong>Guspira<br \/>\n<strong>Variedades: <\/strong>60% Xarelo, 20% Macabeo, 20% Oliveras<br \/>\n<strong>Alcohol: <\/strong>11,5%<br \/>\n<strong>Bodega: <\/strong>Estones Vins<br \/>\n<strong>Denominaci\u00f3n de Origen: <\/strong>DO Cava<\/p>\n","protected":false},"featured_media":11219,"comment_status":"closed","ping_status":"closed","template":"","meta":[],"product_brand":[],"product_cat":[354,336],"product_tag":[365,366,364,367],"class_list":{"0":"post-11176","1":"product","2":"type-product","3":"status-publish","4":"has-post-thumbnail","6":"product_cat-espumosos","7":"product_cat-todos","8":"product_tag-carinena","9":"product_tag-garnacha-negra","10":"product_tag-macabeo","11":"product_tag-tempranillo","13":"first","14":"instock","15":"taxable","16":"shipping-taxable","17":"purchasable","18":"product-type-simple"},"_links":{"self":[{"href":"https:\/\/tienda.laude.wine\/es\/wp-json\/wp\/v2\/product\/11176","targetHints":{"allow":["GET"]}}],"collection":[{"href":"https:\/\/tienda.laude.wine\/es\/wp-json\/wp\/v2\/product"}],"about":[{"href":"https:\/\/tienda.laude.wine\/es\/wp-json\/wp\/v2\/types\/product"}],"replies":[{"embeddable":true,"href":"https:\/\/tienda.laude.wine\/es\/wp-json\/wp\/v2\/comments?post=11176"}],"wp:featuredmedia":[{"embeddable":true,"href":"https:\/\/tienda.laude.wine\/es\/wp-json\/wp\/v2\/media\/11219"}],"wp:attachment":[{"href":"https:\/\/tienda.laude.wine\/es\/wp-json\/wp\/v2\/media?parent=11176"}],"wp:term":[{"taxonomy":"product_brand","embeddable":true,"href":"https:\/\/tienda.laude.wine\/es\/wp-json\/wp\/v2\/product_brand?post=11176"},{"taxonomy":"product_cat","embeddable":true,"href":"https:\/\/tienda.laude.wine\/es\/wp-json\/wp\/v2\/product_cat?post=11176"},{"taxonomy":"product_tag","embeddable":true,"href":"https:\/\/tienda.laude.wine\/es\/wp-json\/wp\/v2\/product_tag?post=11176"}],"curies":[{"name":"wp","href":"https:\/\/api.w.org\/{rel}","templated":true}]}}