{"id":11171,"date":"2025-08-07T08:05:37","date_gmt":"2025-08-07T08:05:37","guid":{"rendered":"https:\/\/tienda.laude.wine\/product\/centesimo-x-cien-blanco-2023\/"},"modified":"2025-11-14T10:37:33","modified_gmt":"2025-11-14T10:37:33","slug":"centesimo-x-cien-blanco-2023","status":"publish","type":"product","link":"https:\/\/tienda.laude.wine\/es\/producto\/centesimo-x-cien-blanco-2023\/","title":{"rendered":"Cent\u00e9simo X Cien blanco 2023"},"content":{"rendered":"<p><strong>Vino:<\/strong> Cien X Cien blanco<br \/>\n<strong>Variedades: <\/strong><span data-sheets-root=\"1\">Garnacha blanca<\/span><br \/>\n<strong>Alcohol: <\/strong>13,5% Vol.<br \/>\n<strong>Bodega: <\/strong>Vinos del Trozo<br \/>\n<strong>Denominaci\u00f3n de Origen:<\/strong> DO Terra Alta<br \/>\n<strong><br \/>\nElaboraci\u00f3n: <\/strong>Sin piel y encubado en los dep\u00f3sitos de acero inoxidable para, despu\u00e9s, sangrar el mosto sin prensar y pasarlo a fermentar en las \u00e1nforas.<\/p>\n","protected":false},"excerpt":{"rendered":"<p><strong>Vino: <\/strong> Cien X Cien blanco<br \/>\n<strong>Variedades: <\/strong><span data-sheets-root=\"1\">Garnacha blanca<\/span><br \/>\n<strong>Alcohol:<\/strong>13,5% Vol.<br \/>\n<strong>Bodega: <\/strong>Vinos del Tros<br \/>\n<strong>Denominaci\u00f3n de Origen:<\/strong> DO Terra Alta<\/p>\n","protected":false},"featured_media":11173,"comment_status":"closed","ping_status":"closed","template":"","meta":[],"product_brand":[],"product_cat":[344,336],"product_tag":[365,366,364,367],"class_list":{"0":"post-11171","1":"product","2":"type-product","3":"status-publish","4":"has-post-thumbnail","6":"product_cat-blancos","7":"product_cat-todos","8":"product_tag-carinena","9":"product_tag-garnacha-negra","10":"product_tag-macabeo","11":"product_tag-tempranillo","13":"first","14":"instock","15":"taxable","16":"shipping-taxable","17":"purchasable","18":"product-type-simple"},"_links":{"self":[{"href":"https:\/\/tienda.laude.wine\/es\/wp-json\/wp\/v2\/product\/11171","targetHints":{"allow":["GET"]}}],"collection":[{"href":"https:\/\/tienda.laude.wine\/es\/wp-json\/wp\/v2\/product"}],"about":[{"href":"https:\/\/tienda.laude.wine\/es\/wp-json\/wp\/v2\/types\/product"}],"replies":[{"embeddable":true,"href":"https:\/\/tienda.laude.wine\/es\/wp-json\/wp\/v2\/comments?post=11171"}],"wp:featuredmedia":[{"embeddable":true,"href":"https:\/\/tienda.laude.wine\/es\/wp-json\/wp\/v2\/media\/11173"}],"wp:attachment":[{"href":"https:\/\/tienda.laude.wine\/es\/wp-json\/wp\/v2\/media?parent=11171"}],"wp:term":[{"taxonomy":"product_brand","embeddable":true,"href":"https:\/\/tienda.laude.wine\/es\/wp-json\/wp\/v2\/product_brand?post=11171"},{"taxonomy":"product_cat","embeddable":true,"href":"https:\/\/tienda.laude.wine\/es\/wp-json\/wp\/v2\/product_cat?post=11171"},{"taxonomy":"product_tag","embeddable":true,"href":"https:\/\/tienda.laude.wine\/es\/wp-json\/wp\/v2\/product_tag?post=11171"}],"curies":[{"name":"wp","href":"https:\/\/api.w.org\/{rel}","templated":true}]}}