{"id":11161,"date":"2025-08-07T08:12:06","date_gmt":"2025-08-07T08:12:06","guid":{"rendered":"https:\/\/tienda.laude.wine\/product\/vinos-del-trozo-cien-x-cien-tinto-2022\/"},"modified":"2025-08-07T08:12:06","modified_gmt":"2025-08-07T08:12:06","slug":"vinos-del-trozo-cien-x-cien-tinto-2022","status":"publish","type":"product","link":"https:\/\/tienda.laude.wine\/es\/producto\/vinos-del-trozo-cien-x-cien-tinto-2022\/","title":{"rendered":"Vinos Del Trozo Cien X Cien Tinto 2022"},"content":{"rendered":"<p><strong>Vino:<\/strong> Cent X Cent Tinto<br \/>\n<strong>Variedades:<\/strong> Garnacha negra 100% de la finca La Bassa (tipo de suelo: arcilloso)<br \/>\n<strong>Alcohol:<\/strong> 14% Vol.<br \/>\n<strong>Bodega:<\/strong> Vinos Del Tros<br \/>\n<strong>Denominaci\u00f3n de Origen:<\/strong> DO Terra Alta<\/p>\n<p><strong>Elaboraci\u00f3n:<\/strong> Uva derrapada y fermentada con el grano entero con el fin de potenciar aromas. Fermentaci\u00f3n malol\u00e1ctica espont\u00e1nea. <\/p>\n","protected":false},"excerpt":{"rendered":"<p><strong>Vino: <\/strong> Cien X Cien Tinto<br \/>\n<strong>Variedades: <\/strong>Garnacha negra 100% de la finca La Alberca (tipo de suelo: arcilloso)<br \/>\n<strong>Alcohol: <\/strong>14% Vol.<br \/>\n<strong>Bodega: <\/strong>Vinos Del Tros<br \/>\n<strong>Denominaci\u00f3n de Origen: <\/strong>DO Terra Alta<\/p>\n","protected":false},"featured_media":11168,"comment_status":"closed","ping_status":"closed","template":"","meta":[],"product_brand":[],"product_cat":[345,336],"product_tag":[365,366,364,367],"class_list":{"0":"post-11161","1":"product","2":"type-product","3":"status-publish","4":"has-post-thumbnail","6":"product_cat-tintos","7":"product_cat-todos","8":"product_tag-carinena","9":"product_tag-garnacha-negra","10":"product_tag-macabeo","11":"product_tag-tempranillo","13":"first","14":"instock","15":"taxable","16":"shipping-taxable","17":"purchasable","18":"product-type-simple"},"_links":{"self":[{"href":"https:\/\/tienda.laude.wine\/es\/wp-json\/wp\/v2\/product\/11161","targetHints":{"allow":["GET"]}}],"collection":[{"href":"https:\/\/tienda.laude.wine\/es\/wp-json\/wp\/v2\/product"}],"about":[{"href":"https:\/\/tienda.laude.wine\/es\/wp-json\/wp\/v2\/types\/product"}],"replies":[{"embeddable":true,"href":"https:\/\/tienda.laude.wine\/es\/wp-json\/wp\/v2\/comments?post=11161"}],"wp:featuredmedia":[{"embeddable":true,"href":"https:\/\/tienda.laude.wine\/es\/wp-json\/wp\/v2\/media\/11168"}],"wp:attachment":[{"href":"https:\/\/tienda.laude.wine\/es\/wp-json\/wp\/v2\/media?parent=11161"}],"wp:term":[{"taxonomy":"product_brand","embeddable":true,"href":"https:\/\/tienda.laude.wine\/es\/wp-json\/wp\/v2\/product_brand?post=11161"},{"taxonomy":"product_cat","embeddable":true,"href":"https:\/\/tienda.laude.wine\/es\/wp-json\/wp\/v2\/product_cat?post=11161"},{"taxonomy":"product_tag","embeddable":true,"href":"https:\/\/tienda.laude.wine\/es\/wp-json\/wp\/v2\/product_tag?post=11161"}],"curies":[{"name":"wp","href":"https:\/\/api.w.org\/{rel}","templated":true}]}}