{"id":11153,"date":"2025-08-07T08:20:10","date_gmt":"2025-08-07T08:20:10","guid":{"rendered":"https:\/\/tienda.laude.wine\/product\/vinos-del-trozo-senora-carmen-2021\/"},"modified":"2025-08-07T08:20:10","modified_gmt":"2025-08-07T08:20:10","slug":"vinos-del-trozo-senora-carmen-2021","status":"publish","type":"product","link":"https:\/\/tienda.laude.wine\/es\/producto\/vinos-del-trozo-senora-carmen-2021\/","title":{"rendered":"Vinos del Trozo Se\u00f1ora Carmen 2021"},"content":{"rendered":"<p style=\"text-align: left;\"><strong>Vino: <\/strong>Se\u00f1ora Carmen<br \/>\n<strong>Variedades:<\/strong>: Garnacha negra 100% de la finca La Valleta. Tipo de suelo: panal-arenoso<br \/>\n<strong>Alcohol: <\/strong>14% Vol<br \/>\n<strong>Bodega: <\/strong>Vinos Del Tros<br \/>\n<strong>Denominaci\u00f3n de Origen: <\/strong>DO Terra Alta<br \/>\n<strong><br \/>\nElaboraci\u00f3n: <\/strong>Fermentaci\u00f3n en dep\u00f3sitos de acero inoxidable con levaduras espont\u00e1neos.<\/p>\n","protected":false},"excerpt":{"rendered":"<p><strong>Vino: <\/strong>Se\u00f1ora Carmen<br \/>\n<strong>Variedades: <\/strong> Garnacha negra 100% de la finca La Valleta (tipo de suelo: panal-arenoso)<br \/>\n<strong>Alcohol: <\/strong>14% Vuelo<br \/>\n<strong>Bodega: <\/strong>Vinos Del Tros<br \/>\n<strong>Denominaci\u00f3n de Origen: <\/strong>DO Terra Alta<\/p>\n","protected":false},"featured_media":11156,"comment_status":"closed","ping_status":"closed","template":"","meta":[],"product_brand":[],"product_cat":[345,336],"product_tag":[365,366,364,367],"class_list":{"0":"post-11153","1":"product","2":"type-product","3":"status-publish","4":"has-post-thumbnail","6":"product_cat-tintos","7":"product_cat-todos","8":"product_tag-carinena","9":"product_tag-garnacha-negra","10":"product_tag-macabeo","11":"product_tag-tempranillo","13":"first","14":"instock","15":"taxable","16":"shipping-taxable","17":"purchasable","18":"product-type-simple"},"_links":{"self":[{"href":"https:\/\/tienda.laude.wine\/es\/wp-json\/wp\/v2\/product\/11153","targetHints":{"allow":["GET"]}}],"collection":[{"href":"https:\/\/tienda.laude.wine\/es\/wp-json\/wp\/v2\/product"}],"about":[{"href":"https:\/\/tienda.laude.wine\/es\/wp-json\/wp\/v2\/types\/product"}],"replies":[{"embeddable":true,"href":"https:\/\/tienda.laude.wine\/es\/wp-json\/wp\/v2\/comments?post=11153"}],"wp:featuredmedia":[{"embeddable":true,"href":"https:\/\/tienda.laude.wine\/es\/wp-json\/wp\/v2\/media\/11156"}],"wp:attachment":[{"href":"https:\/\/tienda.laude.wine\/es\/wp-json\/wp\/v2\/media?parent=11153"}],"wp:term":[{"taxonomy":"product_brand","embeddable":true,"href":"https:\/\/tienda.laude.wine\/es\/wp-json\/wp\/v2\/product_brand?post=11153"},{"taxonomy":"product_cat","embeddable":true,"href":"https:\/\/tienda.laude.wine\/es\/wp-json\/wp\/v2\/product_cat?post=11153"},{"taxonomy":"product_tag","embeddable":true,"href":"https:\/\/tienda.laude.wine\/es\/wp-json\/wp\/v2\/product_tag?post=11153"}],"curies":[{"name":"wp","href":"https:\/\/api.w.org\/{rel}","templated":true}]}}