{"id":11151,"date":"2025-08-07T08:15:56","date_gmt":"2025-08-07T08:15:56","guid":{"rendered":"https:\/\/tienda.laude.wine\/product\/finca-la-novena-2022\/"},"modified":"2025-08-07T08:15:56","modified_gmt":"2025-08-07T08:15:56","slug":"finca-la-novena-2022","status":"publish","type":"product","link":"https:\/\/tienda.laude.wine\/es\/producto\/finca-la-novena-2022\/","title":{"rendered":"Finca La Novena 2022"},"content":{"rendered":"<p><strong>Vino: <\/strong>Finca La Novena<br \/>\n<strong>Variedades: <\/strong>Garnacha blanca 100% de la finca La Novena (tipo de suelo: calc\u00e1neo)<br \/>\n<strong>Alcohol: <\/strong>14% Vol.<br \/>\n<strong>Bodega: <\/strong>Vinos Del Tros<br \/>\n<strong>Denominaci\u00f3n de Origen: <\/strong>DO Terra Alta<br \/>\n<strong><br \/>\nElaboraci\u00f3n: <\/strong>Fermentaci\u00f3n en dep\u00f3sitos de acero inoxidable con levaduras espont\u00e1neos.<\/p>\n<p>&nbsp;<\/p>\n","protected":false},"excerpt":{"rendered":"<p><strong>Vino: <\/strong>Finca La Novena<br \/>\n<strong>Variedades: <\/strong>Garnacha blanca 100% de la finca La Novena (tipo de suelo: calc\u00e1neo)<br \/>\n<strong>Alcohol: <\/strong>14% Vol.<br \/>\n<strong>Bodega: <\/strong>Vinos Del Tros<br \/>\n<strong>Denominaci\u00f3n de Origen: <\/strong>DO Terra Alta<\/p>\n","protected":false},"featured_media":11154,"comment_status":"closed","ping_status":"closed","template":"","meta":[],"product_brand":[],"product_cat":[344,336],"product_tag":[365,366,364,367],"class_list":{"0":"post-11151","1":"product","2":"type-product","3":"status-publish","4":"has-post-thumbnail","6":"product_cat-blancos","7":"product_cat-todos","8":"product_tag-carinena","9":"product_tag-garnacha-negra","10":"product_tag-macabeo","11":"product_tag-tempranillo","13":"first","14":"instock","15":"taxable","16":"shipping-taxable","17":"purchasable","18":"product-type-simple"},"_links":{"self":[{"href":"https:\/\/tienda.laude.wine\/es\/wp-json\/wp\/v2\/product\/11151","targetHints":{"allow":["GET"]}}],"collection":[{"href":"https:\/\/tienda.laude.wine\/es\/wp-json\/wp\/v2\/product"}],"about":[{"href":"https:\/\/tienda.laude.wine\/es\/wp-json\/wp\/v2\/types\/product"}],"replies":[{"embeddable":true,"href":"https:\/\/tienda.laude.wine\/es\/wp-json\/wp\/v2\/comments?post=11151"}],"wp:featuredmedia":[{"embeddable":true,"href":"https:\/\/tienda.laude.wine\/es\/wp-json\/wp\/v2\/media\/11154"}],"wp:attachment":[{"href":"https:\/\/tienda.laude.wine\/es\/wp-json\/wp\/v2\/media?parent=11151"}],"wp:term":[{"taxonomy":"product_brand","embeddable":true,"href":"https:\/\/tienda.laude.wine\/es\/wp-json\/wp\/v2\/product_brand?post=11151"},{"taxonomy":"product_cat","embeddable":true,"href":"https:\/\/tienda.laude.wine\/es\/wp-json\/wp\/v2\/product_cat?post=11151"},{"taxonomy":"product_tag","embeddable":true,"href":"https:\/\/tienda.laude.wine\/es\/wp-json\/wp\/v2\/product_tag?post=11151"}],"curies":[{"name":"wp","href":"https:\/\/api.w.org\/{rel}","templated":true}]}}