{"id":11143,"date":"2025-08-07T08:45:58","date_gmt":"2025-08-07T08:45:58","guid":{"rendered":"https:\/\/tienda.laude.wine\/product\/les-janes-2020\/"},"modified":"2025-11-14T13:24:44","modified_gmt":"2025-11-14T13:24:44","slug":"les-janes-2020","status":"publish","type":"product","link":"https:\/\/tienda.laude.wine\/es\/producto\/les-janes-2020\/","title":{"rendered":"Les Janes 2020"},"content":{"rendered":"<p><strong>Vino: <\/strong>Les Janes<br \/>\n<strong>Variedades: <\/strong>Xarel\u00b7lo<br \/>\n<strong>Alcohol: <\/strong>12 % vol.<br \/>\n<strong>Bodega: <\/strong>At Roca<br \/>\n<strong>Denominaci\u00f3n de Origen: <\/strong> Corpinnat<\/p>\n<p>&nbsp;<\/p>\n<p><strong>Elaboraci\u00f3n: <\/strong>Vino base fermentado de forma espont\u00e1nea en barricas viejas de 500 L, con crianza de 12 meses sobre madres. En la vendimia siguiente se a\u00f1ade mosto fresco de la misma parcela justo al comenzar su fermentaci\u00f3n, y se embotella para iniciar la segunda fermentaci\u00f3n en botella (m\u00e9todo tradicional). Crianza m\u00ednima de 40 meses en botella antes del goteado, que se hace manualmente y sin congelaci\u00f3n. No se filtra, no se clarifica ni se a\u00f1aden sulfitos ni levaduras externas.<br \/>\n<strong>Servicio: <\/strong> Se sirve a temperatura fresca, entre 6 y 8 \u00b0C.<br \/>\n<strong>Maridaje: <\/strong>Aperitivos, marisco, pescados a la plancha y cocina japonesa (\u00abplatos de cocina japonesa\u00bb). Adem\u00e1s, seg\u00fan una fuente en franc\u00e9s, ofrece notas olfativas de frutos secos y aceitunas verdes, y la boca presenta carb\u00f3nico vivo con sensaci\u00f3n c\u00e1lida, ideal con setas, fideos, coulant de turr\u00f3n y marisco con cocha.<\/p>\n","protected":false},"excerpt":{"rendered":"<p><strong>Vino: <\/strong>Las Janas<br \/>\n<strong>Variedades<\/strong>: Xarel\u00b7lo<br \/>\n<strong>Alcohol: <\/strong>12 % vol.<br \/>\n<strong>Bodega: <\/strong>At Roca<br \/>\n<strong>Denominaci\u00f3n de Origen: <\/strong>Corpinnat<\/p>\n","protected":false},"featured_media":11145,"comment_status":"closed","ping_status":"closed","template":"","meta":[],"product_brand":[],"product_cat":[354,336],"product_tag":[365,366,364,367],"class_list":{"0":"post-11143","1":"product","2":"type-product","3":"status-publish","4":"has-post-thumbnail","6":"product_cat-espumosos","7":"product_cat-todos","8":"product_tag-carinena","9":"product_tag-garnacha-negra","10":"product_tag-macabeo","11":"product_tag-tempranillo","13":"first","14":"instock","15":"taxable","16":"shipping-taxable","17":"purchasable","18":"product-type-simple"},"_links":{"self":[{"href":"https:\/\/tienda.laude.wine\/es\/wp-json\/wp\/v2\/product\/11143","targetHints":{"allow":["GET"]}}],"collection":[{"href":"https:\/\/tienda.laude.wine\/es\/wp-json\/wp\/v2\/product"}],"about":[{"href":"https:\/\/tienda.laude.wine\/es\/wp-json\/wp\/v2\/types\/product"}],"replies":[{"embeddable":true,"href":"https:\/\/tienda.laude.wine\/es\/wp-json\/wp\/v2\/comments?post=11143"}],"wp:featuredmedia":[{"embeddable":true,"href":"https:\/\/tienda.laude.wine\/es\/wp-json\/wp\/v2\/media\/11145"}],"wp:attachment":[{"href":"https:\/\/tienda.laude.wine\/es\/wp-json\/wp\/v2\/media?parent=11143"}],"wp:term":[{"taxonomy":"product_brand","embeddable":true,"href":"https:\/\/tienda.laude.wine\/es\/wp-json\/wp\/v2\/product_brand?post=11143"},{"taxonomy":"product_cat","embeddable":true,"href":"https:\/\/tienda.laude.wine\/es\/wp-json\/wp\/v2\/product_cat?post=11143"},{"taxonomy":"product_tag","embeddable":true,"href":"https:\/\/tienda.laude.wine\/es\/wp-json\/wp\/v2\/product_tag?post=11143"}],"curies":[{"name":"wp","href":"https:\/\/api.w.org\/{rel}","templated":true}]}}