{"id":11136,"date":"2025-08-07T08:22:38","date_gmt":"2025-08-07T08:22:38","guid":{"rendered":"https:\/\/tienda.laude.wine\/product\/vinos-del-tros-lo-morenillo-2021\/"},"modified":"2025-11-17T11:41:00","modified_gmt":"2025-11-17T11:41:00","slug":"vinos-del-tros-lo-morenillo-2021","status":"publish","type":"product","link":"https:\/\/tienda.laude.wine\/es\/producto\/vinos-del-tros-lo-morenillo-2021\/","title":{"rendered":"Vinos Del Tros Lo Morenillo 2021"},"content":{"rendered":"<p><strong>Vino: <\/strong>Lo Morenillo<br \/>\n<strong>Variedades: <\/strong><br \/>\n<strong>Alcohol: <\/strong>14% Vol.<br \/>\n<strong>Bodega: <\/strong>Vinos Del Tros<br \/>\n<strong>Denominaci\u00f3n de Origen: <\/strong>DO Terra Alta<\/p>\n<p>&nbsp;<\/p>\n<p><strong>Elaboraci\u00f3n: <\/strong>Fermentaci\u00f3n en dep\u00f3sitos de acero inoxidable con levaduras espont\u00e1neos.<br \/>\n<strong>Servicio: <\/strong>S\u00edrvalo a 16 \u00b0C.<br \/>\n<strong>Maridaje: <\/strong>Embutidos, quesos blandos, carnes rojas.<\/p>\n","protected":false},"excerpt":{"rendered":"<p><strong>Vino: <\/strong>Lo Morenillo<br \/>\n<strong>Variedades: <\/strong><br \/>\n<strong>Alcohol: <\/strong>14% Vol.<br \/>\n<strong>Bodega: <\/strong>Vinos Del Tros<br \/>\n<strong>Denominaci\u00f3n de Origen: <\/strong>DO Terra Alta<\/p>\n","protected":false},"featured_media":11138,"comment_status":"closed","ping_status":"closed","template":"","meta":[],"product_brand":[],"product_cat":[345,336],"product_tag":[365,366,364,367],"class_list":{"0":"post-11136","1":"product","2":"type-product","3":"status-publish","4":"has-post-thumbnail","6":"product_cat-tintos","7":"product_cat-todos","8":"product_tag-carinena","9":"product_tag-garnacha-negra","10":"product_tag-macabeo","11":"product_tag-tempranillo","13":"first","14":"instock","15":"taxable","16":"shipping-taxable","17":"purchasable","18":"product-type-simple"},"_links":{"self":[{"href":"https:\/\/tienda.laude.wine\/es\/wp-json\/wp\/v2\/product\/11136","targetHints":{"allow":["GET"]}}],"collection":[{"href":"https:\/\/tienda.laude.wine\/es\/wp-json\/wp\/v2\/product"}],"about":[{"href":"https:\/\/tienda.laude.wine\/es\/wp-json\/wp\/v2\/types\/product"}],"replies":[{"embeddable":true,"href":"https:\/\/tienda.laude.wine\/es\/wp-json\/wp\/v2\/comments?post=11136"}],"wp:featuredmedia":[{"embeddable":true,"href":"https:\/\/tienda.laude.wine\/es\/wp-json\/wp\/v2\/media\/11138"}],"wp:attachment":[{"href":"https:\/\/tienda.laude.wine\/es\/wp-json\/wp\/v2\/media?parent=11136"}],"wp:term":[{"taxonomy":"product_brand","embeddable":true,"href":"https:\/\/tienda.laude.wine\/es\/wp-json\/wp\/v2\/product_brand?post=11136"},{"taxonomy":"product_cat","embeddable":true,"href":"https:\/\/tienda.laude.wine\/es\/wp-json\/wp\/v2\/product_cat?post=11136"},{"taxonomy":"product_tag","embeddable":true,"href":"https:\/\/tienda.laude.wine\/es\/wp-json\/wp\/v2\/product_tag?post=11136"}],"curies":[{"name":"wp","href":"https:\/\/api.w.org\/{rel}","templated":true}]}}