{"id":11134,"date":"2025-08-07T08:24:30","date_gmt":"2025-08-07T08:24:30","guid":{"rendered":"https:\/\/tienda.laude.wine\/product\/mas-bell-vi-de-vila-2021\/"},"modified":"2025-08-07T08:24:30","modified_gmt":"2025-08-07T08:24:30","slug":"mas-bell-vi-de-vila-2021","status":"publish","type":"product","link":"https:\/\/tienda.laude.wine\/es\/producto\/mas-bell-vi-de-vila-2021\/","title":{"rendered":"Mas Bell Vi de Vila 2021"},"content":{"rendered":"<p><strong>Vino:<\/strong> Mas Bell Vi de Vila 2021<br \/>\n<strong>Variedades:<\/strong> Garnacha (92,5 %) y Cari\u00f1ena (7,5 %)<br \/>\n<strong>Alcohol:<\/strong> 14,5 % vol.<br \/>\n<strong>Bodega:<\/strong> Mas Bell<br \/>\n<strong>Denominaci\u00f3n de origen:<\/strong> DOQ Priorat<\/p>\n<p>&nbsp;<\/p>\n<p><strong>Elaboraci\u00f3n:<\/strong> Las vi\u00f1as, de unos 150 a 400 m sobre el nivel del mar, se encuentran en Les Aubagues de Bellmunt del Priorat. Cepas plantadas a finales de los a\u00f1os 90; producci\u00f3n limitada (2.400 kg por hect\u00e1rea). Crea un vino elegante, con frutas rojas frescas y notas florales; a la cata, sedoso, terciopelo y refrescante.<br \/>\n<strong>Servicio:<\/strong> Se recomienda servirlo a 18 \u00b0C.<br \/>\n<strong>Maridaje:<\/strong> Ideal con conejo de bosque con roperos, canelones caseros, ternera guisada con guisantes, langosta o ternera con salsa de laurel, o pescados grasos como el r\u00e9bol.<\/p>\n","protected":false},"excerpt":{"rendered":"<p><strong>Vino: <\/strong>Mas Bell Vi De Vila<br \/>\n<strong>Variedads: <\/strong>Garnacha (92,5 %) y Cari\u00f1ena (7,5 %)<br \/>\n<strong>Alcohol: <\/strong>14,5 % vol.<br \/>\n<strong>Bodega: <\/strong>Mas Bell<br \/>\n<strong>Denominaci\u00f3n de Origen: <\/strong>DOQ Priorat<\/p>\n","protected":false},"featured_media":11135,"comment_status":"closed","ping_status":"closed","template":"","meta":[],"product_brand":[],"product_cat":[345,336],"product_tag":[365,366,364,367],"class_list":{"0":"post-11134","1":"product","2":"type-product","3":"status-publish","4":"has-post-thumbnail","6":"product_cat-tintos","7":"product_cat-todos","8":"product_tag-carinena","9":"product_tag-garnacha-negra","10":"product_tag-macabeo","11":"product_tag-tempranillo","13":"first","14":"instock","15":"taxable","16":"shipping-taxable","17":"purchasable","18":"product-type-simple"},"_links":{"self":[{"href":"https:\/\/tienda.laude.wine\/es\/wp-json\/wp\/v2\/product\/11134","targetHints":{"allow":["GET"]}}],"collection":[{"href":"https:\/\/tienda.laude.wine\/es\/wp-json\/wp\/v2\/product"}],"about":[{"href":"https:\/\/tienda.laude.wine\/es\/wp-json\/wp\/v2\/types\/product"}],"replies":[{"embeddable":true,"href":"https:\/\/tienda.laude.wine\/es\/wp-json\/wp\/v2\/comments?post=11134"}],"wp:featuredmedia":[{"embeddable":true,"href":"https:\/\/tienda.laude.wine\/es\/wp-json\/wp\/v2\/media\/11135"}],"wp:attachment":[{"href":"https:\/\/tienda.laude.wine\/es\/wp-json\/wp\/v2\/media?parent=11134"}],"wp:term":[{"taxonomy":"product_brand","embeddable":true,"href":"https:\/\/tienda.laude.wine\/es\/wp-json\/wp\/v2\/product_brand?post=11134"},{"taxonomy":"product_cat","embeddable":true,"href":"https:\/\/tienda.laude.wine\/es\/wp-json\/wp\/v2\/product_cat?post=11134"},{"taxonomy":"product_tag","embeddable":true,"href":"https:\/\/tienda.laude.wine\/es\/wp-json\/wp\/v2\/product_tag?post=11134"}],"curies":[{"name":"wp","href":"https:\/\/api.w.org\/{rel}","templated":true}]}}