{"id":11123,"date":"2025-08-07T09:11:11","date_gmt":"2025-08-07T09:11:11","guid":{"rendered":"https:\/\/tienda.laude.wine\/product\/makers-fonteneixe-2021\/"},"modified":"2025-11-14T10:46:35","modified_gmt":"2025-11-14T10:46:35","slug":"makers-fonteneixe-2021","status":"publish","type":"product","link":"https:\/\/tienda.laude.wine\/es\/producto\/makers-fonteneixe-2021\/","title":{"rendered":"Makers Fonteneixe 2021"},"content":{"rendered":"<p><strong>Vino: <\/strong>Makers Fonteneixe<br \/>\n<strong>Variedades: <\/strong>Albari\u00f1o<br \/>\n<strong>Alcohol: <\/strong> 12 % vol.<br \/>\n<strong>Bodega: <\/strong>Thunder Wine<br \/>\n<strong>Denominaci\u00f3n de Origen: <\/strong>IGP Barbanza e Iria<\/p>\n<p><strong>Elaboraci\u00f3n: <\/strong>Selecci\u00f3n del 20 % de las uvas m\u00e1s maduros y soleadas de la finca, con un tono dorado visible. Maceraci\u00f3n con las pel\u00edculas durante cuatro d\u00edas para iniciar fermentaci\u00f3n espont\u00e1nea.<br \/>\n<strong>Servicio: <\/strong> S\u00edrvalo entre 8 y 10 \u00b0C (orientativo).<\/p>\n","protected":false},"excerpt":{"rendered":"<p><strong>Vino: <\/strong>Makers Fonteneixe<br \/>\n<strong>Variedades: <\/strong>Albari\u00f1o<br \/>\n<strong>Alcohol: <\/strong> 12 % vol.<br \/>\n<strong>Bodega: <\/strong>Thunder Wine<br \/>\n<strong>Denominaci\u00f3n de Origen: <\/strong>IGP Barbanza e Iria<\/p>\n","protected":false},"featured_media":11126,"comment_status":"closed","ping_status":"closed","template":"","meta":[],"product_brand":[],"product_cat":[344,336],"product_tag":[365,366,364,367],"class_list":{"0":"post-11123","1":"product","2":"type-product","3":"status-publish","4":"has-post-thumbnail","6":"product_cat-blancos","7":"product_cat-todos","8":"product_tag-carinena","9":"product_tag-garnacha-negra","10":"product_tag-macabeo","11":"product_tag-tempranillo","13":"first","14":"instock","15":"taxable","16":"shipping-taxable","17":"purchasable","18":"product-type-simple"},"_links":{"self":[{"href":"https:\/\/tienda.laude.wine\/es\/wp-json\/wp\/v2\/product\/11123","targetHints":{"allow":["GET"]}}],"collection":[{"href":"https:\/\/tienda.laude.wine\/es\/wp-json\/wp\/v2\/product"}],"about":[{"href":"https:\/\/tienda.laude.wine\/es\/wp-json\/wp\/v2\/types\/product"}],"replies":[{"embeddable":true,"href":"https:\/\/tienda.laude.wine\/es\/wp-json\/wp\/v2\/comments?post=11123"}],"wp:featuredmedia":[{"embeddable":true,"href":"https:\/\/tienda.laude.wine\/es\/wp-json\/wp\/v2\/media\/11126"}],"wp:attachment":[{"href":"https:\/\/tienda.laude.wine\/es\/wp-json\/wp\/v2\/media?parent=11123"}],"wp:term":[{"taxonomy":"product_brand","embeddable":true,"href":"https:\/\/tienda.laude.wine\/es\/wp-json\/wp\/v2\/product_brand?post=11123"},{"taxonomy":"product_cat","embeddable":true,"href":"https:\/\/tienda.laude.wine\/es\/wp-json\/wp\/v2\/product_cat?post=11123"},{"taxonomy":"product_tag","embeddable":true,"href":"https:\/\/tienda.laude.wine\/es\/wp-json\/wp\/v2\/product_tag?post=11123"}],"curies":[{"name":"wp","href":"https:\/\/api.w.org\/{rel}","templated":true}]}}