{"id":11111,"date":"2025-08-07T09:25:34","date_gmt":"2025-08-07T09:25:34","guid":{"rendered":"https:\/\/tienda.laude.wine\/product\/remirez-de-ganuza-erre-punto-2024\/"},"modified":"2025-11-17T11:34:36","modified_gmt":"2025-11-17T11:34:36","slug":"remirez-de-ganuza-erre-punto-2024","status":"publish","type":"product","link":"https:\/\/tienda.laude.wine\/es\/producto\/remirez-de-ganuza-erre-punto-2024\/","title":{"rendered":"Remirez De Ganuza Erre Punto 2024"},"content":{"rendered":"<p><strong>Vino: <\/strong>Erre Punto 2024<br \/>\n<strong>Variedades: <\/strong>Tempranillo (85 %), Garnacha (5\u20138 %), Viura y Malvas\u00eda (7\u201310 %)<br \/>\n<strong>Alcohol: <\/strong>13,5\u201314 % vol<br \/>\n<strong>Bodega: <\/strong>Remirez De Ganuza<br \/>\n<strong>Denominaci\u00f3n de Origen: <\/strong>DOCa Rioja<\/p>\n<p><strong>Elaboraci\u00f3n: <\/strong>Maceraci\u00f3n carb\u00f3nica de las uvas, vendimia manual, selecci\u00f3n, embotellado directo, etiqueta art\u00edstica de Adriana Oliver.<br \/>\n<strong>Servicio: <\/strong>S\u00edrvalo entre 12 y 14 \u00b0C (fresco).<br \/>\n<strong>Maridaje: <\/strong>Tapas, aperitivos, cocina mediterr\u00e1nea, carnes blancas, paellas, embutidos, risottos, hamburguesas.<\/p>\n<p>&nbsp;<\/p>\n<p>&nbsp;<\/p>\n","protected":false},"excerpt":{"rendered":"<p><strong>Vino: <\/strong>Erre Punto 2024<br \/>\n<strong>Variedades: <\/strong>Tempranillo (85 %), Garnacha (5\u20138 %), Viura y Malvas\u00eda (7\u201310 %)<br \/>\n<strong>Alcohol: <\/strong>13,5\u201314 % vuelo<br \/>\n<strong>Bodega: <\/strong>Remirez De Ganuza<br \/>\n<strong>Denominaci\u00f3n de Origen: <\/strong>DOCa Rioja<\/p>\n","protected":false},"featured_media":11112,"comment_status":"closed","ping_status":"closed","template":"","meta":[],"product_brand":[],"product_cat":[345,336],"product_tag":[365,366,364,367],"class_list":{"0":"post-11111","1":"product","2":"type-product","3":"status-publish","4":"has-post-thumbnail","6":"product_cat-tintos","7":"product_cat-todos","8":"product_tag-carinena","9":"product_tag-garnacha-negra","10":"product_tag-macabeo","11":"product_tag-tempranillo","13":"first","14":"instock","15":"taxable","16":"shipping-taxable","17":"purchasable","18":"product-type-simple"},"_links":{"self":[{"href":"https:\/\/tienda.laude.wine\/es\/wp-json\/wp\/v2\/product\/11111","targetHints":{"allow":["GET"]}}],"collection":[{"href":"https:\/\/tienda.laude.wine\/es\/wp-json\/wp\/v2\/product"}],"about":[{"href":"https:\/\/tienda.laude.wine\/es\/wp-json\/wp\/v2\/types\/product"}],"replies":[{"embeddable":true,"href":"https:\/\/tienda.laude.wine\/es\/wp-json\/wp\/v2\/comments?post=11111"}],"wp:featuredmedia":[{"embeddable":true,"href":"https:\/\/tienda.laude.wine\/es\/wp-json\/wp\/v2\/media\/11112"}],"wp:attachment":[{"href":"https:\/\/tienda.laude.wine\/es\/wp-json\/wp\/v2\/media?parent=11111"}],"wp:term":[{"taxonomy":"product_brand","embeddable":true,"href":"https:\/\/tienda.laude.wine\/es\/wp-json\/wp\/v2\/product_brand?post=11111"},{"taxonomy":"product_cat","embeddable":true,"href":"https:\/\/tienda.laude.wine\/es\/wp-json\/wp\/v2\/product_cat?post=11111"},{"taxonomy":"product_tag","embeddable":true,"href":"https:\/\/tienda.laude.wine\/es\/wp-json\/wp\/v2\/product_tag?post=11111"}],"curies":[{"name":"wp","href":"https:\/\/api.w.org\/{rel}","templated":true}]}}