{"id":11110,"date":"2025-08-07T10:07:27","date_gmt":"2025-08-07T10:07:27","guid":{"rendered":"https:\/\/tienda.laude.wine\/product\/aster-el-espino-2020\/"},"modified":"2025-11-17T11:02:54","modified_gmt":"2025-11-17T11:02:54","slug":"aster-el-espino-2020","status":"publish","type":"product","link":"https:\/\/tienda.laude.wine\/es\/producto\/aster-el-espino-2020\/","title":{"rendered":"\u00c1ster El Espino 2020"},"content":{"rendered":"<p><strong>Vino: <\/strong>Aster El Espino 2020<br \/>\n<strong>Variedades: <\/strong>100 % Tinta del Pa\u00eds<br \/>\n<strong>Alcohol: <\/strong>14,5 % vol.<br \/>\n<strong>Bodega: <\/strong>\u00c1ster<br \/>\n<strong>Denominaci\u00f3n de Origen: <\/strong>DO Ribera del Duero<\/p>\n<p>&nbsp;<\/p>\n<p><strong>Elaboraci\u00f3n: <\/strong>Cosecha\u00a0manual, maceraci\u00f3n en fr\u00edo, fermentaci\u00f3n malol\u00e1ctica (50 % barrica, 50 % acero), crianza 12 m en roble franc\u00e9s (20 % nuevo), 2 trasiegas.<br \/>\n<strong>Servicio: <\/strong>S\u00edrvalo entre 16 y 18 \u00b0C.<br \/>\n<strong>Maridaje: <\/strong>Aperitivos, pasta, arroces, sushi, carnes ligeras, pescado, quesos curados.<\/p>\n<p>&nbsp;<\/p>\n","protected":false},"excerpt":{"rendered":"<p><strong>Vino: <\/strong>Aster El Espino 2020<br \/>\n<strong>Variedades: <\/strong>100 % Tinta del Pa\u00eds<br \/>\n<strong>Alcohol: <\/strong>14,5 % vol.<br \/>\n<strong>Bodega: <\/strong>\u00c1ster<br \/>\n<strong>Denominaci\u00f3n de Origen: <\/strong>DO Ribera del Duero<\/p>\n","protected":false},"featured_media":11115,"comment_status":"closed","ping_status":"closed","template":"","meta":[],"product_brand":[],"product_cat":[345,336],"product_tag":[365,366,364,367],"class_list":{"0":"post-11110","1":"product","2":"type-product","3":"status-publish","4":"has-post-thumbnail","6":"product_cat-tintos","7":"product_cat-todos","8":"product_tag-carinena","9":"product_tag-garnacha-negra","10":"product_tag-macabeo","11":"product_tag-tempranillo","13":"first","14":"instock","15":"taxable","16":"shipping-taxable","17":"purchasable","18":"product-type-simple"},"_links":{"self":[{"href":"https:\/\/tienda.laude.wine\/es\/wp-json\/wp\/v2\/product\/11110","targetHints":{"allow":["GET"]}}],"collection":[{"href":"https:\/\/tienda.laude.wine\/es\/wp-json\/wp\/v2\/product"}],"about":[{"href":"https:\/\/tienda.laude.wine\/es\/wp-json\/wp\/v2\/types\/product"}],"replies":[{"embeddable":true,"href":"https:\/\/tienda.laude.wine\/es\/wp-json\/wp\/v2\/comments?post=11110"}],"wp:featuredmedia":[{"embeddable":true,"href":"https:\/\/tienda.laude.wine\/es\/wp-json\/wp\/v2\/media\/11115"}],"wp:attachment":[{"href":"https:\/\/tienda.laude.wine\/es\/wp-json\/wp\/v2\/media?parent=11110"}],"wp:term":[{"taxonomy":"product_brand","embeddable":true,"href":"https:\/\/tienda.laude.wine\/es\/wp-json\/wp\/v2\/product_brand?post=11110"},{"taxonomy":"product_cat","embeddable":true,"href":"https:\/\/tienda.laude.wine\/es\/wp-json\/wp\/v2\/product_cat?post=11110"},{"taxonomy":"product_tag","embeddable":true,"href":"https:\/\/tienda.laude.wine\/es\/wp-json\/wp\/v2\/product_tag?post=11110"}],"curies":[{"name":"wp","href":"https:\/\/api.w.org\/{rel}","templated":true}]}}