{"id":11087,"date":"2025-08-07T10:11:20","date_gmt":"2025-08-07T10:11:20","guid":{"rendered":"https:\/\/tienda.laude.wine\/product\/unzu-blanco-2024\/"},"modified":"2025-11-14T10:48:06","modified_gmt":"2025-11-14T10:48:06","slug":"unzu-blanco-2024","status":"publish","type":"product","link":"https:\/\/tienda.laude.wine\/es\/producto\/unzu-blanco-2024\/","title":{"rendered":"Unzu Blanco 2024"},"content":{"rendered":"<p><strong>Vino: <\/strong>Unzu Blanco 2024<br \/>\n<strong>Variedades: <\/strong>Chardonnay (100 %)<br \/>\n<strong>Alcohol: <\/strong>13 % vol.<br \/>\n<strong>Bodega: <\/strong>Unzu<br \/>\n<strong>Denominaci\u00f3n de Origen: <\/strong>IGP 3 Riberas (Navarra)<\/p>\n<p>&nbsp;<\/p>\n<p><strong>Elaboraci\u00f3n: <\/strong> 40 % fermentaci\u00f3n en barrica nueva, 60 % con l\u00edas 6 m; vi\u00f1as 25 a; suelo arcillo-calc\u00e1reos.<br \/>\n<strong>Servicio: <\/strong>S\u00edrvalo entre 8\u201310 \u00b0C.<\/p>\n<p>&nbsp;<\/p>\n","protected":false},"excerpt":{"rendered":"<p><strong>Vino: <\/strong> Unzu tinto blanco 2025<br \/>\n<strong>Variedades: <\/strong>Chardonnay (100 %)<br \/>\n<strong>Alcohol: <\/strong>13 % vol.<br \/>\n<strong>Bodega: <\/strong>Unzu<br \/>\n<strong>Denominaci\u00f3n de Origen: <\/strong>IGP 3 Riberas (Navarra)<\/p>\n","protected":false},"featured_media":11089,"comment_status":"closed","ping_status":"closed","template":"","meta":[],"product_brand":[],"product_cat":[344,336],"product_tag":[365,366,364,367],"class_list":{"0":"post-11087","1":"product","2":"type-product","3":"status-publish","4":"has-post-thumbnail","6":"product_cat-blancos","7":"product_cat-todos","8":"product_tag-carinena","9":"product_tag-garnacha-negra","10":"product_tag-macabeo","11":"product_tag-tempranillo","13":"first","14":"instock","15":"taxable","16":"shipping-taxable","17":"purchasable","18":"product-type-simple"},"_links":{"self":[{"href":"https:\/\/tienda.laude.wine\/es\/wp-json\/wp\/v2\/product\/11087","targetHints":{"allow":["GET"]}}],"collection":[{"href":"https:\/\/tienda.laude.wine\/es\/wp-json\/wp\/v2\/product"}],"about":[{"href":"https:\/\/tienda.laude.wine\/es\/wp-json\/wp\/v2\/types\/product"}],"replies":[{"embeddable":true,"href":"https:\/\/tienda.laude.wine\/es\/wp-json\/wp\/v2\/comments?post=11087"}],"wp:featuredmedia":[{"embeddable":true,"href":"https:\/\/tienda.laude.wine\/es\/wp-json\/wp\/v2\/media\/11089"}],"wp:attachment":[{"href":"https:\/\/tienda.laude.wine\/es\/wp-json\/wp\/v2\/media?parent=11087"}],"wp:term":[{"taxonomy":"product_brand","embeddable":true,"href":"https:\/\/tienda.laude.wine\/es\/wp-json\/wp\/v2\/product_brand?post=11087"},{"taxonomy":"product_cat","embeddable":true,"href":"https:\/\/tienda.laude.wine\/es\/wp-json\/wp\/v2\/product_cat?post=11087"},{"taxonomy":"product_tag","embeddable":true,"href":"https:\/\/tienda.laude.wine\/es\/wp-json\/wp\/v2\/product_tag?post=11087"}],"curies":[{"name":"wp","href":"https:\/\/api.w.org\/{rel}","templated":true}]}}