{"id":11070,"date":"2025-08-07T10:14:17","date_gmt":"2025-08-07T10:14:17","guid":{"rendered":"https:\/\/tienda.laude.wine\/product\/cuevas-de-arom-os-cantals-tinto\/"},"modified":"2025-11-17T11:20:32","modified_gmt":"2025-11-17T11:20:32","slug":"cuevas-de-arom-os-cantals-tinto","status":"publish","type":"product","link":"https:\/\/tienda.laude.wine\/es\/producto\/cuevas-de-arom-os-cantals-tinto\/","title":{"rendered":"Cuevas de Arom Os Cantals Tinto"},"content":{"rendered":"<p><strong>Vino: <\/strong>Os Cantals Tinto<br \/>\n<strong>Variedades:<\/strong> 100 % Garnacha de vi\u00f1as viejas de m\u00e1s de 70 a\u00f1os<br \/>\n<strong>Alcohol: <\/strong>14,5 % vol.<br \/>\n<strong>Bodega:<\/strong> Cuevas de Arom<br \/>\n<strong>Denominaci\u00f3n de origen: <\/strong>DO Calatayud<\/p>\n<p>&nbsp;<\/p>\n<p><strong>Elaboraci\u00f3n:<\/strong> maceraci\u00f3n larga con los tallos y crianza de 12 a 14 meses en hormig\u00f3n\/foudres.<br \/>\n<strong>Servicio<\/strong>: S\u00edrvalo entre 16 y 18 \u00b0C (ideal 17 \u00b0C).<br \/>\n<strong>Maridaje:<\/strong> carnes rojas, caza, estofados, quesos crudos y tapas.<\/p>\n","protected":false},"excerpt":{"rendered":"<p><strong>Vino: <\/strong>Os Cantales Tinto<br \/>\n<strong>Variedades: <\/strong>100 % Garnacha de vi\u00f1as viejas de m\u00e1s de 70 a\u00f1os<br \/>\n<strong>Alcohol: <\/strong>14,5 % vol.<br \/>\n<strong>Bodega: <\/strong>Cuevas De Arom<br \/>\n<strong>Denominaci\u00f3n de Origen: <\/strong>DO Calatayud<\/p>\n","protected":false},"featured_media":11079,"comment_status":"closed","ping_status":"closed","template":"","meta":[],"product_brand":[],"product_cat":[345,336],"product_tag":[365,366,364,367],"class_list":{"0":"post-11070","1":"product","2":"type-product","3":"status-publish","4":"has-post-thumbnail","6":"product_cat-tintos","7":"product_cat-todos","8":"product_tag-carinena","9":"product_tag-garnacha-negra","10":"product_tag-macabeo","11":"product_tag-tempranillo","13":"first","14":"instock","15":"taxable","16":"shipping-taxable","17":"purchasable","18":"product-type-simple"},"_links":{"self":[{"href":"https:\/\/tienda.laude.wine\/es\/wp-json\/wp\/v2\/product\/11070","targetHints":{"allow":["GET"]}}],"collection":[{"href":"https:\/\/tienda.laude.wine\/es\/wp-json\/wp\/v2\/product"}],"about":[{"href":"https:\/\/tienda.laude.wine\/es\/wp-json\/wp\/v2\/types\/product"}],"replies":[{"embeddable":true,"href":"https:\/\/tienda.laude.wine\/es\/wp-json\/wp\/v2\/comments?post=11070"}],"wp:featuredmedia":[{"embeddable":true,"href":"https:\/\/tienda.laude.wine\/es\/wp-json\/wp\/v2\/media\/11079"}],"wp:attachment":[{"href":"https:\/\/tienda.laude.wine\/es\/wp-json\/wp\/v2\/media?parent=11070"}],"wp:term":[{"taxonomy":"product_brand","embeddable":true,"href":"https:\/\/tienda.laude.wine\/es\/wp-json\/wp\/v2\/product_brand?post=11070"},{"taxonomy":"product_cat","embeddable":true,"href":"https:\/\/tienda.laude.wine\/es\/wp-json\/wp\/v2\/product_cat?post=11070"},{"taxonomy":"product_tag","embeddable":true,"href":"https:\/\/tienda.laude.wine\/es\/wp-json\/wp\/v2\/product_tag?post=11070"}],"curies":[{"name":"wp","href":"https:\/\/api.w.org\/{rel}","templated":true}]}}